{"id":8332,"date":"2024-12-02T11:32:32","date_gmt":"2024-12-02T10:32:32","guid":{"rendered":"https:\/\/odlicno.mojwww.si\/?post_type=product&#038;p=8332"},"modified":"2024-12-03T13:28:15","modified_gmt":"2024-12-03T12:28:15","slug":"odlicno-haselnuesse-400-g","status":"publish","type":"product","link":"https:\/\/odlicno.si\/de\/produkte\/nusse-samen\/nusse\/odlicno-haselnuesse-400-g\/","title":{"rendered":"ODLI\u010cNO Haseln\u00fcsse, 400 g"},"content":{"rendered":"<p>Jedrca le\u0161nikov so odli\u010dnega okusa in lepo hrustljava. Uporabimo jih lahko v kosmi\u010dih za zajtrk, pri peki sladic ali pripravi bolj eksoti\u010dnih jedi. Izdelek je <strong>brez aditivov.<\/strong><\/p>\n","protected":false},"excerpt":{"rendered":"<p>Jedrca le\u0161nikov so odli\u010dnega okusa in lepo hrustljava. Uporabimo jih lahko v kosmi\u010dih za zajtrk, pri peki sladic ali pripravi bolj eksoti\u010dnih jedi. Izdelek je brez aditivov.<\/p>\n","protected":false},"featured_media":4586,"template":"","meta":{"_acf_changed":false},"product_brand":[],"product_cat":[290,267,261,105,107],"product_tag":[],"class_list":{"0":"post-8332","1":"product","2":"type-product","3":"status-publish","4":"has-post-thumbnail","6":"product_cat-300-g-500-g-de","7":"product_cat-backen","8":"product_cat-kochen","9":"product_cat-nusse","10":"product_cat-nusse-samen","12":"first","13":"instock","14":"taxable","15":"shipping-taxable","16":"purchasable","17":"product-type-simple"},"acf":[],"mb":[],"jetpack_sharing_enabled":true,"mfb_rest_fields":["title","jetpack_sharing_enabled"],"_links":{"self":[{"href":"https:\/\/odlicno.si\/de\/wp-json\/wp\/v2\/product\/8332","targetHints":{"allow":["GET"]}}],"collection":[{"href":"https:\/\/odlicno.si\/de\/wp-json\/wp\/v2\/product"}],"about":[{"href":"https:\/\/odlicno.si\/de\/wp-json\/wp\/v2\/types\/product"}],"wp:featuredmedia":[{"embeddable":true,"href":"https:\/\/odlicno.si\/de\/wp-json\/wp\/v2\/media\/4586"}],"wp:attachment":[{"href":"https:\/\/odlicno.si\/de\/wp-json\/wp\/v2\/media?parent=8332"}],"wp:term":[{"taxonomy":"product_brand","embeddable":true,"href":"https:\/\/odlicno.si\/de\/wp-json\/wp\/v2\/product_brand?post=8332"},{"taxonomy":"product_cat","embeddable":true,"href":"https:\/\/odlicno.si\/de\/wp-json\/wp\/v2\/product_cat?post=8332"},{"taxonomy":"product_tag","embeddable":true,"href":"https:\/\/odlicno.si\/de\/wp-json\/wp\/v2\/product_tag?post=8332"}],"curies":[{"name":"wp","href":"https:\/\/api.w.org\/{rel}","templated":true}]}}