{"id":8330,"date":"2024-12-02T11:32:32","date_gmt":"2024-12-02T10:32:32","guid":{"rendered":"https:\/\/odlicno.mojwww.si\/?post_type=product&#038;p=8330"},"modified":"2024-12-03T13:28:14","modified_gmt":"2024-12-03T12:28:14","slug":"odlicno-cashewkerne-150-g","status":"publish","type":"product","link":"https:\/\/odlicno.si\/de\/produkte\/nusse-samen\/nusse\/odlicno-cashewkerne-150-g\/","title":{"rendered":"ODLI\u010cNO Cashewkerne, 150 g"},"content":{"rendered":"<p>Cashewkerne mit ihrer typischen <strong>cremigen Textur<\/strong> und ihrem delikaten Geschmack sind die perfekte Wahl f\u00fcr die Zubereitung von rohen veganen Kuchen, asiatischer Gerichte, Fr\u00fchst\u00fccks-M\u00fcslis und auch als selbst\u00e4ndiger Snack. Das Produkt ist <strong>frei von Zusatzstoffen.<\/strong><\/p>\n","protected":false},"excerpt":{"rendered":"<p>Cashewkerne mit ihrer typischen cremigen Textur und ihrem delikaten Geschmack sind die perfekte Wahl f\u00fcr die Zubereitung von rohen veganen Kuchen, asiatischer Gerichte, Fr\u00fchst\u00fccks-M\u00fcslis und auch als selbst\u00e4ndiger Snack. Das Produkt ist frei von Zusatzstoffen.<\/p>\n","protected":false},"featured_media":13401,"template":"","meta":{"_acf_changed":false},"product_brand":[],"product_cat":[285,267,258,261,105,107,303],"product_tag":[],"class_list":{"0":"post-8330","1":"product","2":"type-product","3":"status-publish","4":"has-post-thumbnail","6":"product_cat-100-g-300-g-de","7":"product_cat-backen","8":"product_cat-fur-ausfluge-wanderungen","9":"product_cat-kochen","10":"product_cat-nusse","11":"product_cat-nusse-samen","12":"product_cat-verkaufsschlager","14":"first","15":"instock","16":"taxable","17":"shipping-taxable","18":"purchasable","19":"product-type-simple"},"acf":[],"mb":[],"jetpack_sharing_enabled":true,"mfb_rest_fields":["title","jetpack_sharing_enabled"],"_links":{"self":[{"href":"https:\/\/odlicno.si\/de\/wp-json\/wp\/v2\/product\/8330","targetHints":{"allow":["GET"]}}],"collection":[{"href":"https:\/\/odlicno.si\/de\/wp-json\/wp\/v2\/product"}],"about":[{"href":"https:\/\/odlicno.si\/de\/wp-json\/wp\/v2\/types\/product"}],"wp:featuredmedia":[{"embeddable":true,"href":"https:\/\/odlicno.si\/de\/wp-json\/wp\/v2\/media\/13401"}],"wp:attachment":[{"href":"https:\/\/odlicno.si\/de\/wp-json\/wp\/v2\/media?parent=8330"}],"wp:term":[{"taxonomy":"product_brand","embeddable":true,"href":"https:\/\/odlicno.si\/de\/wp-json\/wp\/v2\/product_brand?post=8330"},{"taxonomy":"product_cat","embeddable":true,"href":"https:\/\/odlicno.si\/de\/wp-json\/wp\/v2\/product_cat?post=8330"},{"taxonomy":"product_tag","embeddable":true,"href":"https:\/\/odlicno.si\/de\/wp-json\/wp\/v2\/product_tag?post=8330"}],"curies":[{"name":"wp","href":"https:\/\/api.w.org\/{rel}","templated":true}]}}