{"id":8321,"date":"2024-12-02T11:32:31","date_gmt":"2024-12-02T10:32:31","guid":{"rendered":"https:\/\/odlicno.mojwww.si\/?post_type=product&#038;p=8321"},"modified":"2024-12-03T13:28:08","modified_gmt":"2024-12-03T12:28:08","slug":"odlicno-leinsamen-200-g","status":"publish","type":"product","link":"https:\/\/odlicno.si\/de\/produkte\/nusse-samen\/samen\/odlicno-leinsamen-200-g\/","title":{"rendered":"ODLI\u010cNO Leinsamen, 200 g"},"content":{"rendered":"<p>Leinsamen sind v\u00f6llig <strong>nat\u00fcrlich<\/strong> und haben <strong>keine Zus\u00e4tze<\/strong>. Es wird empfohlen, die Leinsamen vor dem Gebrauch zu mahlen oder in Wasser einzuweichen. Aufgrund ihres neutralen Geschmacks ist es nicht schwierig, sie in die t\u00e4gliche Ern\u00e4hrung einzuschlie\u00dfen.<\/p>\n","protected":false},"excerpt":{"rendered":"<p>Leinsamen sind v\u00f6llig nat\u00fcrlich und haben keine Zus\u00e4tze. Es wird empfohlen, die Leinsamen vor dem Gebrauch zu mahlen oder in Wasser einzuweichen. Aufgrund ihres neutralen Geschmacks ist es nicht schwierig, sie in die t\u00e4gliche Ern\u00e4hrung einzuschlie\u00dfen.<\/p>\n","protected":false},"featured_media":9503,"template":"","meta":{"_acf_changed":false},"product_brand":[],"product_cat":[285,267,261,107,104],"product_tag":[],"class_list":{"0":"post-8321","1":"product","2":"type-product","3":"status-publish","4":"has-post-thumbnail","6":"product_cat-100-g-300-g-de","7":"product_cat-backen","8":"product_cat-kochen","9":"product_cat-nusse-samen","10":"product_cat-samen","12":"first","13":"instock","14":"taxable","15":"shipping-taxable","16":"purchasable","17":"product-type-simple"},"acf":[],"mb":[],"jetpack_sharing_enabled":true,"mfb_rest_fields":["title","jetpack_sharing_enabled"],"_links":{"self":[{"href":"https:\/\/odlicno.si\/de\/wp-json\/wp\/v2\/product\/8321","targetHints":{"allow":["GET"]}}],"collection":[{"href":"https:\/\/odlicno.si\/de\/wp-json\/wp\/v2\/product"}],"about":[{"href":"https:\/\/odlicno.si\/de\/wp-json\/wp\/v2\/types\/product"}],"wp:featuredmedia":[{"embeddable":true,"href":"https:\/\/odlicno.si\/de\/wp-json\/wp\/v2\/media\/9503"}],"wp:attachment":[{"href":"https:\/\/odlicno.si\/de\/wp-json\/wp\/v2\/media?parent=8321"}],"wp:term":[{"taxonomy":"product_brand","embeddable":true,"href":"https:\/\/odlicno.si\/de\/wp-json\/wp\/v2\/product_brand?post=8321"},{"taxonomy":"product_cat","embeddable":true,"href":"https:\/\/odlicno.si\/de\/wp-json\/wp\/v2\/product_cat?post=8321"},{"taxonomy":"product_tag","embeddable":true,"href":"https:\/\/odlicno.si\/de\/wp-json\/wp\/v2\/product_tag?post=8321"}],"curies":[{"name":"wp","href":"https:\/\/api.w.org\/{rel}","templated":true}]}}