{"id":8319,"date":"2024-12-02T11:32:31","date_gmt":"2024-12-02T10:32:31","guid":{"rendered":"https:\/\/odlicno.mojwww.si\/?post_type=product&#038;p=8319"},"modified":"2025-01-05T00:30:33","modified_gmt":"2025-01-04T23:30:33","slug":"mohn-gemahlen-odlicno","status":"publish","type":"product","link":"https:\/\/odlicno.si\/de\/produkte\/nusse-samen\/samen\/mohn-gemahlen-odlicno\/","title":{"rendered":"Mohn gemahlen Odli\u010dno 200 g"},"content":{"rendered":"<p>Mohnsamen sind sofort f\u00fcr die Zubereitung verschiedener Desserts bereit. Das Produkt ist <strong>frei von Zusatzstoffen.<\/strong><\/p>\n<blockquote><p>F\u00fcr jede K\u00fcche, in der es nach Backen duftet!<\/p><\/blockquote>\n","protected":false},"excerpt":{"rendered":"<p>Mohnsamen sind sofort f\u00fcr die Zubereitung verschiedener Desserts bereit. Das Produkt ist frei von Zusatzstoffen. F\u00fcr jede K\u00fcche, in der es nach Backen duftet!<\/p>\n","protected":false},"featured_media":4134,"template":"","meta":{"_acf_changed":false},"product_brand":[],"product_cat":[285,267,107,104,238],"product_tag":[],"class_list":{"0":"post-8319","1":"product","2":"type-product","3":"status-publish","4":"has-post-thumbnail","6":"product_cat-100-g-300-g-de","7":"product_cat-backen","8":"product_cat-nusse-samen","9":"product_cat-samen","10":"product_cat-sonderangebot","12":"first","13":"instock","14":"sale","15":"taxable","16":"shipping-taxable","17":"purchasable","18":"product-type-simple"},"acf":[],"mb":[],"jetpack_sharing_enabled":true,"mfb_rest_fields":["title","jetpack_sharing_enabled"],"_links":{"self":[{"href":"https:\/\/odlicno.si\/de\/wp-json\/wp\/v2\/product\/8319","targetHints":{"allow":["GET"]}}],"collection":[{"href":"https:\/\/odlicno.si\/de\/wp-json\/wp\/v2\/product"}],"about":[{"href":"https:\/\/odlicno.si\/de\/wp-json\/wp\/v2\/types\/product"}],"wp:featuredmedia":[{"embeddable":true,"href":"https:\/\/odlicno.si\/de\/wp-json\/wp\/v2\/media\/4134"}],"wp:attachment":[{"href":"https:\/\/odlicno.si\/de\/wp-json\/wp\/v2\/media?parent=8319"}],"wp:term":[{"taxonomy":"product_brand","embeddable":true,"href":"https:\/\/odlicno.si\/de\/wp-json\/wp\/v2\/product_brand?post=8319"},{"taxonomy":"product_cat","embeddable":true,"href":"https:\/\/odlicno.si\/de\/wp-json\/wp\/v2\/product_cat?post=8319"},{"taxonomy":"product_tag","embeddable":true,"href":"https:\/\/odlicno.si\/de\/wp-json\/wp\/v2\/product_tag?post=8319"}],"curies":[{"name":"wp","href":"https:\/\/api.w.org\/{rel}","templated":true}]}}