{"id":8318,"date":"2024-12-02T11:42:12","date_gmt":"2024-12-02T10:42:12","guid":{"rendered":"https:\/\/odlicno.mojwww.si\/?post_type=product&#038;p=8318"},"modified":"2024-12-03T13:28:07","modified_gmt":"2024-12-03T12:28:07","slug":"odlicno-haselnusskerne-gemahlen-200-g","status":"publish","type":"product","link":"https:\/\/odlicno.si\/de\/produkte\/nusse-samen\/nusse\/odlicno-haselnusskerne-gemahlen-200-g\/","title":{"rendered":"ODLI\u010cNO Haselnusskerne gemahlen, 200 g"},"content":{"rendered":"<p>Fein gemahlene und ger\u00f6stete Haseln\u00fcsse sind sofort zum Backen bereit oder k\u00f6nnen ein Ersatz f\u00fcr normales Mehl in anderen Gerichten sein. Das Produkt ist <strong>frei von Zusatzstoffen.<\/strong><\/p>\n","protected":false},"excerpt":{"rendered":"<p>Fein gemahlene und ger\u00f6stete Haseln\u00fcsse sind sofort zum Backen bereit oder k\u00f6nnen ein Ersatz f\u00fcr normales Mehl in anderen Gerichten sein. Das Produkt ist frei von Zusatzstoffen.<\/p>\n","protected":false},"featured_media":15677,"template":"","meta":{"_acf_changed":false},"product_brand":[],"product_cat":[285,267,105,107],"product_tag":[],"class_list":{"0":"post-8318","1":"product","2":"type-product","3":"status-publish","4":"has-post-thumbnail","6":"product_cat-100-g-300-g-de","7":"product_cat-backen","8":"product_cat-nusse","9":"product_cat-nusse-samen","11":"first","12":"instock","13":"taxable","14":"shipping-taxable","15":"purchasable","16":"product-type-simple"},"acf":[],"mb":[],"jetpack_sharing_enabled":true,"mfb_rest_fields":["title","jetpack_sharing_enabled"],"_links":{"self":[{"href":"https:\/\/odlicno.si\/de\/wp-json\/wp\/v2\/product\/8318","targetHints":{"allow":["GET"]}}],"collection":[{"href":"https:\/\/odlicno.si\/de\/wp-json\/wp\/v2\/product"}],"about":[{"href":"https:\/\/odlicno.si\/de\/wp-json\/wp\/v2\/types\/product"}],"wp:featuredmedia":[{"embeddable":true,"href":"https:\/\/odlicno.si\/de\/wp-json\/wp\/v2\/media\/15677"}],"wp:attachment":[{"href":"https:\/\/odlicno.si\/de\/wp-json\/wp\/v2\/media?parent=8318"}],"wp:term":[{"taxonomy":"product_brand","embeddable":true,"href":"https:\/\/odlicno.si\/de\/wp-json\/wp\/v2\/product_brand?post=8318"},{"taxonomy":"product_cat","embeddable":true,"href":"https:\/\/odlicno.si\/de\/wp-json\/wp\/v2\/product_cat?post=8318"},{"taxonomy":"product_tag","embeddable":true,"href":"https:\/\/odlicno.si\/de\/wp-json\/wp\/v2\/product_tag?post=8318"}],"curies":[{"name":"wp","href":"https:\/\/api.w.org\/{rel}","templated":true}]}}