{"id":8315,"date":"2024-12-02T11:42:11","date_gmt":"2024-12-02T10:42:11","guid":{"rendered":"https:\/\/odlicno.mojwww.si\/?post_type=product&#038;p=8315"},"modified":"2024-12-03T13:28:05","modified_gmt":"2024-12-03T12:28:05","slug":"odlicno-cranberry-bohnen-1000-g","status":"publish","type":"product","link":"https:\/\/odlicno.si\/de\/produkte\/500-g-1000-g-de\/odlicno-cranberry-bohnen-1000-g\/","title":{"rendered":"ODLI\u010cNO Cranberry Bohnen, 1000 g"},"content":{"rendered":"<p>Cranberry Bohnen k\u00f6nnen in einer Vielzahl von Gerichten im t\u00e4glichen Kochen verwendet werden. Geben Sie die Bohnen zu Ihren Salaten hinzu, machen Sie k\u00f6stliche Beilagen oder verwenden Sie sie in Ihrem mexikanischen Lieblingsrezept.<\/p>\n","protected":false},"excerpt":{"rendered":"<p>Cranberry Bohnen k\u00f6nnen in einer Vielzahl von Gerichten im t\u00e4glichen Kochen verwendet werden. Geben Sie die Bohnen zu Ihren Salaten hinzu, machen Sie k\u00f6stliche Beilagen oder verwenden Sie sie in Ihrem mexikanischen Lieblingsrezept.<\/p>\n","protected":false},"featured_media":6045,"template":"","meta":{"_acf_changed":false},"product_brand":[],"product_cat":[293,273,112,261],"product_tag":[],"class_list":{"0":"post-8315","1":"product","2":"type-product","3":"status-publish","4":"has-post-thumbnail","6":"product_cat-500-g-1000-g-de","7":"product_cat-aufstocken-weil-es-sich-lohnt","8":"product_cat-huelsenfruechte","9":"product_cat-kochen","11":"first","12":"instock","13":"taxable","14":"shipping-taxable","15":"purchasable","16":"product-type-simple"},"acf":[],"mb":[],"jetpack_sharing_enabled":true,"mfb_rest_fields":["title","jetpack_sharing_enabled"],"_links":{"self":[{"href":"https:\/\/odlicno.si\/de\/wp-json\/wp\/v2\/product\/8315","targetHints":{"allow":["GET"]}}],"collection":[{"href":"https:\/\/odlicno.si\/de\/wp-json\/wp\/v2\/product"}],"about":[{"href":"https:\/\/odlicno.si\/de\/wp-json\/wp\/v2\/types\/product"}],"wp:featuredmedia":[{"embeddable":true,"href":"https:\/\/odlicno.si\/de\/wp-json\/wp\/v2\/media\/6045"}],"wp:attachment":[{"href":"https:\/\/odlicno.si\/de\/wp-json\/wp\/v2\/media?parent=8315"}],"wp:term":[{"taxonomy":"product_brand","embeddable":true,"href":"https:\/\/odlicno.si\/de\/wp-json\/wp\/v2\/product_brand?post=8315"},{"taxonomy":"product_cat","embeddable":true,"href":"https:\/\/odlicno.si\/de\/wp-json\/wp\/v2\/product_cat?post=8315"},{"taxonomy":"product_tag","embeddable":true,"href":"https:\/\/odlicno.si\/de\/wp-json\/wp\/v2\/product_tag?post=8315"}],"curies":[{"name":"wp","href":"https:\/\/api.w.org\/{rel}","templated":true}]}}