{"id":8314,"date":"2024-12-02T11:32:30","date_gmt":"2024-12-02T10:32:30","guid":{"rendered":"https:\/\/odlicno.mojwww.si\/?post_type=product&#038;p=8314"},"modified":"2024-12-03T13:28:04","modified_gmt":"2024-12-03T12:28:04","slug":"odlicno-weisse-bohnen-1000-g","status":"publish","type":"product","link":"https:\/\/odlicno.si\/de\/produkte\/500-g-1000-g-de\/odlicno-weisse-bohnen-1000-g\/","title":{"rendered":"ODLI\u010cNO Wei\u00dfe Bohnen, 1000 g"},"content":{"rendered":"<p>Wei\u00dfe Bohnen passen hervorragend zu Schweinefleischgerichten, lassen sich zu Salaten oder Suppen hinzugeben oder leckere Aufl\u00e4ufe daraus zubereiten. Es gibt eine Reihe von Optionen!<\/p>\n","protected":false},"excerpt":{"rendered":"<p>Wei\u00dfe Bohnen passen hervorragend zu Schweinefleischgerichten, lassen sich zu Salaten oder Suppen hinzugeben oder leckere Aufl\u00e4ufe daraus zubereiten. Es gibt eine Reihe von Optionen!<\/p>\n","protected":false},"featured_media":4298,"template":"","meta":{"_acf_changed":false},"product_brand":[],"product_cat":[293,273,112,261],"product_tag":[],"class_list":{"0":"post-8314","1":"product","2":"type-product","3":"status-publish","4":"has-post-thumbnail","6":"product_cat-500-g-1000-g-de","7":"product_cat-aufstocken-weil-es-sich-lohnt","8":"product_cat-huelsenfruechte","9":"product_cat-kochen","11":"first","12":"instock","13":"taxable","14":"shipping-taxable","15":"purchasable","16":"product-type-simple"},"acf":[],"mb":[],"jetpack_sharing_enabled":true,"mfb_rest_fields":["title","jetpack_sharing_enabled"],"_links":{"self":[{"href":"https:\/\/odlicno.si\/de\/wp-json\/wp\/v2\/product\/8314","targetHints":{"allow":["GET"]}}],"collection":[{"href":"https:\/\/odlicno.si\/de\/wp-json\/wp\/v2\/product"}],"about":[{"href":"https:\/\/odlicno.si\/de\/wp-json\/wp\/v2\/types\/product"}],"wp:featuredmedia":[{"embeddable":true,"href":"https:\/\/odlicno.si\/de\/wp-json\/wp\/v2\/media\/4298"}],"wp:attachment":[{"href":"https:\/\/odlicno.si\/de\/wp-json\/wp\/v2\/media?parent=8314"}],"wp:term":[{"taxonomy":"product_brand","embeddable":true,"href":"https:\/\/odlicno.si\/de\/wp-json\/wp\/v2\/product_brand?post=8314"},{"taxonomy":"product_cat","embeddable":true,"href":"https:\/\/odlicno.si\/de\/wp-json\/wp\/v2\/product_cat?post=8314"},{"taxonomy":"product_tag","embeddable":true,"href":"https:\/\/odlicno.si\/de\/wp-json\/wp\/v2\/product_tag?post=8314"}],"curies":[{"name":"wp","href":"https:\/\/api.w.org\/{rel}","templated":true}]}}