{"id":8312,"date":"2024-12-02T11:42:11","date_gmt":"2024-12-02T10:42:11","guid":{"rendered":"https:\/\/odlicno.mojwww.si\/?post_type=product&#038;p=8312"},"modified":"2025-01-05T00:21:41","modified_gmt":"2025-01-04T23:21:41","slug":"bio-odlicno-bio-aprikosen","status":"publish","type":"product","link":"https:\/\/odlicno.si\/de\/produkte\/100-g-300-g-de\/bio-odlicno-bio-aprikosen\/","title":{"rendered":"Bio Odli\u010dno bio Aprikosen 150 g"},"content":{"rendered":"<p>Aprikosen aus kontrolliert <strong>biologischem Anbau<\/strong> sind vollkommen nat\u00fcrlich und daher die perfekte Wahl f\u00fcr gelegentliche S\u00fc\u00dfungen, Back- und andere Gerichte. Das Produkt ist <strong>frei von Zusatzstoffen.<\/strong><\/p>\n","protected":false},"excerpt":{"rendered":"<p>Aprikosen aus kontrolliert biologischem Anbau sind vollkommen nat\u00fcrlich und daher die perfekte Wahl f\u00fcr gelegentliche S\u00fc\u00dfungen, Back- und andere Gerichte. Das Produkt ist frei von Zusatzstoffen.<\/p>\n","protected":false},"featured_media":6037,"template":"","meta":{"_acf_changed":false},"product_brand":[],"product_cat":[285,84,258],"product_tag":[],"class_list":{"0":"post-8312","1":"product","2":"type-product","3":"status-publish","4":"has-post-thumbnail","6":"product_cat-100-g-300-g-de","7":"product_cat-bio","8":"product_cat-fur-ausfluge-wanderungen","10":"first","11":"outofstock","12":"taxable","13":"shipping-taxable","14":"purchasable","15":"product-type-simple"},"acf":[],"mb":[],"jetpack_sharing_enabled":true,"mfb_rest_fields":["title","jetpack_sharing_enabled"],"_links":{"self":[{"href":"https:\/\/odlicno.si\/de\/wp-json\/wp\/v2\/product\/8312","targetHints":{"allow":["GET"]}}],"collection":[{"href":"https:\/\/odlicno.si\/de\/wp-json\/wp\/v2\/product"}],"about":[{"href":"https:\/\/odlicno.si\/de\/wp-json\/wp\/v2\/types\/product"}],"wp:featuredmedia":[{"embeddable":true,"href":"https:\/\/odlicno.si\/de\/wp-json\/wp\/v2\/media\/6037"}],"wp:attachment":[{"href":"https:\/\/odlicno.si\/de\/wp-json\/wp\/v2\/media?parent=8312"}],"wp:term":[{"taxonomy":"product_brand","embeddable":true,"href":"https:\/\/odlicno.si\/de\/wp-json\/wp\/v2\/product_brand?post=8312"},{"taxonomy":"product_cat","embeddable":true,"href":"https:\/\/odlicno.si\/de\/wp-json\/wp\/v2\/product_cat?post=8312"},{"taxonomy":"product_tag","embeddable":true,"href":"https:\/\/odlicno.si\/de\/wp-json\/wp\/v2\/product_tag?post=8312"}],"curies":[{"name":"wp","href":"https:\/\/api.w.org\/{rel}","templated":true}]}}