{"id":8310,"date":"2024-12-02T11:41:55","date_gmt":"2024-12-02T10:41:55","guid":{"rendered":"https:\/\/odlicno.mojwww.si\/?post_type=product&#038;p=8310"},"modified":"2025-01-05T00:22:00","modified_gmt":"2025-01-04T23:22:00","slug":"bio-odlicno-bio-cashewkerne","status":"publish","type":"product","link":"https:\/\/odlicno.si\/de\/produkte\/100-g-300-g-de\/bio-odlicno-bio-cashewkerne\/","title":{"rendered":"Bio Odli\u010dno bio Cashewkerne 150 g"},"content":{"rendered":"<p>Cashewn\u00fcsse aus kontrolliert<strong> biologischem Anbau<\/strong> mit einem zarten cremigen Geschmack sind ein perfekter Teil der vielseitigen t\u00e4glichen Ern\u00e4hrung. Das Produkt ist frei von Zusatzstoffen.<\/p>\n","protected":false},"excerpt":{"rendered":"<p>Cashewn\u00fcsse aus kontrolliert biologischem Anbau mit einem zarten cremigen Geschmack sind ein perfekter Teil der vielseitigen t\u00e4glichen Ern\u00e4hrung. Das Produkt ist frei von Zusatzstoffen.<\/p>\n","protected":false},"featured_media":6008,"template":"","meta":{"_acf_changed":false},"product_brand":[],"product_cat":[285,84,258],"product_tag":[],"class_list":{"0":"post-8310","1":"product","2":"type-product","3":"status-publish","4":"has-post-thumbnail","6":"product_cat-100-g-300-g-de","7":"product_cat-bio","8":"product_cat-fur-ausfluge-wanderungen","10":"first","11":"instock","12":"taxable","13":"shipping-taxable","14":"purchasable","15":"product-type-simple"},"acf":[],"mb":[],"jetpack_sharing_enabled":true,"mfb_rest_fields":["title","jetpack_sharing_enabled"],"_links":{"self":[{"href":"https:\/\/odlicno.si\/de\/wp-json\/wp\/v2\/product\/8310","targetHints":{"allow":["GET"]}}],"collection":[{"href":"https:\/\/odlicno.si\/de\/wp-json\/wp\/v2\/product"}],"about":[{"href":"https:\/\/odlicno.si\/de\/wp-json\/wp\/v2\/types\/product"}],"wp:featuredmedia":[{"embeddable":true,"href":"https:\/\/odlicno.si\/de\/wp-json\/wp\/v2\/media\/6008"}],"wp:attachment":[{"href":"https:\/\/odlicno.si\/de\/wp-json\/wp\/v2\/media?parent=8310"}],"wp:term":[{"taxonomy":"product_brand","embeddable":true,"href":"https:\/\/odlicno.si\/de\/wp-json\/wp\/v2\/product_brand?post=8310"},{"taxonomy":"product_cat","embeddable":true,"href":"https:\/\/odlicno.si\/de\/wp-json\/wp\/v2\/product_cat?post=8310"},{"taxonomy":"product_tag","embeddable":true,"href":"https:\/\/odlicno.si\/de\/wp-json\/wp\/v2\/product_tag?post=8310"}],"curies":[{"name":"wp","href":"https:\/\/api.w.org\/{rel}","templated":true}]}}