{"id":8309,"date":"2024-12-02T11:41:55","date_gmt":"2024-12-02T10:41:55","guid":{"rendered":"https:\/\/odlicno.mojwww.si\/?post_type=product&#038;p=8309"},"modified":"2025-01-05T00:22:15","modified_gmt":"2025-01-04T23:22:15","slug":"bio-odlicno-bio-mandeln","status":"publish","type":"product","link":"https:\/\/odlicno.si\/de\/produkte\/100-g-300-g-de\/bio-odlicno-bio-mandeln\/","title":{"rendered":"Bio Odli\u010dno bio Mandeln 150 g"},"content":{"rendered":"<p>Knusprige Mandeln aus kontrolliert biologischem Anbau sind eine k\u00f6stliche Bereicherung f\u00fcr den t\u00e4glichen Speiseplan. Das Produkt ist ohne Zus\u00e4tze.<\/p>\n<p style=\"margin-bottom: 11px;\"><span style=\"font-size: 11pt;\"><span style=\"line-height: 107%;\"><span style=\"font-family: Calibri,sans-serif;\">Der reduzierte Preis gilt f\u00fcr Produkte mit Mindesthaltbarkeitsdatum 30.11.2022.<\/span><\/span><\/span><\/p>\n","protected":false},"excerpt":{"rendered":"<p>Knusprige Mandeln aus kontrolliert biologischem Anbau sind eine k\u00f6stliche Bereicherung f\u00fcr den t\u00e4glichen Speiseplan. Das Produkt ist ohne Zus\u00e4tze. Der reduzierte Preis gilt f\u00fcr Produkte mit Mindesthaltbarkeitsdatum 30.11.2022.<\/p>\n","protected":false},"featured_media":6004,"template":"","meta":{"_acf_changed":false},"product_brand":[],"product_cat":[285,84,258],"product_tag":[],"class_list":{"0":"post-8309","1":"product","2":"type-product","3":"status-publish","4":"has-post-thumbnail","6":"product_cat-100-g-300-g-de","7":"product_cat-bio","8":"product_cat-fur-ausfluge-wanderungen","10":"first","11":"instock","12":"taxable","13":"shipping-taxable","14":"purchasable","15":"product-type-simple"},"acf":[],"mb":[],"jetpack_sharing_enabled":true,"mfb_rest_fields":["title","jetpack_sharing_enabled"],"_links":{"self":[{"href":"https:\/\/odlicno.si\/de\/wp-json\/wp\/v2\/product\/8309","targetHints":{"allow":["GET"]}}],"collection":[{"href":"https:\/\/odlicno.si\/de\/wp-json\/wp\/v2\/product"}],"about":[{"href":"https:\/\/odlicno.si\/de\/wp-json\/wp\/v2\/types\/product"}],"wp:featuredmedia":[{"embeddable":true,"href":"https:\/\/odlicno.si\/de\/wp-json\/wp\/v2\/media\/6004"}],"wp:attachment":[{"href":"https:\/\/odlicno.si\/de\/wp-json\/wp\/v2\/media?parent=8309"}],"wp:term":[{"taxonomy":"product_brand","embeddable":true,"href":"https:\/\/odlicno.si\/de\/wp-json\/wp\/v2\/product_brand?post=8309"},{"taxonomy":"product_cat","embeddable":true,"href":"https:\/\/odlicno.si\/de\/wp-json\/wp\/v2\/product_cat?post=8309"},{"taxonomy":"product_tag","embeddable":true,"href":"https:\/\/odlicno.si\/de\/wp-json\/wp\/v2\/product_tag?post=8309"}],"curies":[{"name":"wp","href":"https:\/\/api.w.org\/{rel}","templated":true}]}}