{"id":8308,"date":"2024-12-02T11:32:07","date_gmt":"2024-12-02T10:32:07","guid":{"rendered":"https:\/\/odlicno.mojwww.si\/?post_type=product&#038;p=8308"},"modified":"2024-12-03T13:28:00","modified_gmt":"2024-12-03T12:28:00","slug":"odlicno-paranuesse-150-g","status":"publish","type":"product","link":"https:\/\/odlicno.si\/de\/produkte\/nusse-samen\/nusse\/odlicno-paranuesse-150-g\/","title":{"rendered":"ODLI\u010cNO Paran\u00fcsse, 150 g"},"content":{"rendered":"<p>Paran\u00fcsse sind ein unverzichtbarer Bestandteil einer ausgewogenen Ern\u00e4hrung. Das Produkt ist <strong>frei von Zusatzstoffen.<\/strong><\/p>\n","protected":false},"excerpt":{"rendered":"<p>Paran\u00fcsse sind ein unverzichtbarer Bestandteil einer ausgewogenen Ern\u00e4hrung. Das Produkt ist frei von Zusatzstoffen.<\/p>\n","protected":false},"featured_media":3510,"template":"","meta":{"_acf_changed":false},"product_brand":[],"product_cat":[285,267,261,105,107],"product_tag":[],"class_list":{"0":"post-8308","1":"product","2":"type-product","3":"status-publish","4":"has-post-thumbnail","6":"product_cat-100-g-300-g-de","7":"product_cat-backen","8":"product_cat-kochen","9":"product_cat-nusse","10":"product_cat-nusse-samen","12":"first","13":"instock","14":"taxable","15":"shipping-taxable","16":"purchasable","17":"product-type-simple"},"acf":[],"mb":[],"jetpack_sharing_enabled":true,"mfb_rest_fields":["title","jetpack_sharing_enabled"],"_links":{"self":[{"href":"https:\/\/odlicno.si\/de\/wp-json\/wp\/v2\/product\/8308","targetHints":{"allow":["GET"]}}],"collection":[{"href":"https:\/\/odlicno.si\/de\/wp-json\/wp\/v2\/product"}],"about":[{"href":"https:\/\/odlicno.si\/de\/wp-json\/wp\/v2\/types\/product"}],"wp:featuredmedia":[{"embeddable":true,"href":"https:\/\/odlicno.si\/de\/wp-json\/wp\/v2\/media\/3510"}],"wp:attachment":[{"href":"https:\/\/odlicno.si\/de\/wp-json\/wp\/v2\/media?parent=8308"}],"wp:term":[{"taxonomy":"product_brand","embeddable":true,"href":"https:\/\/odlicno.si\/de\/wp-json\/wp\/v2\/product_brand?post=8308"},{"taxonomy":"product_cat","embeddable":true,"href":"https:\/\/odlicno.si\/de\/wp-json\/wp\/v2\/product_cat?post=8308"},{"taxonomy":"product_tag","embeddable":true,"href":"https:\/\/odlicno.si\/de\/wp-json\/wp\/v2\/product_tag?post=8308"}],"curies":[{"name":"wp","href":"https:\/\/api.w.org\/{rel}","templated":true}]}}