{"id":8307,"date":"2024-12-02T11:32:07","date_gmt":"2024-12-02T10:32:07","guid":{"rendered":"https:\/\/odlicno.mojwww.si\/?post_type=product&#038;p=8307"},"modified":"2024-12-17T13:48:55","modified_gmt":"2024-12-17T12:48:55","slug":"odlicno-getrocknete-cranberrys-100-g","status":"publish","type":"product","link":"https:\/\/odlicno.si\/de\/produkte\/60-g-100-g-de\/odlicno-getrocknete-cranberrys-100-g\/","title":{"rendered":"ODLI\u010cNO Getrocknete Cranberrys, 100 g"},"content":{"rendered":"<p><strong>Sanfte s\u00fc\u00dfsaure<\/strong> Cranberrys sind eine ausgezeichnete Wahl zum Backen, hausgemachtem Fr\u00fchst\u00fccks-M\u00fcsli oder zum Naschen.<\/p>\n","protected":false},"excerpt":{"rendered":"<p>Sanfte s\u00fc\u00dfsaure Cranberrys sind eine ausgezeichnete Wahl zum Backen, hausgemachtem Fr\u00fchst\u00fccks-M\u00fcsli oder zum Naschen.<\/p>\n","protected":false},"featured_media":4806,"template":"","meta":{"_acf_changed":false},"product_brand":[],"product_cat":[282,267,258,264,261,101],"product_tag":[],"class_list":{"0":"post-8307","1":"product","2":"type-product","3":"status-publish","4":"has-post-thumbnail","6":"product_cat-60-g-100-g-de","7":"product_cat-backen","8":"product_cat-fur-ausfluge-wanderungen","9":"product_cat-fur-ubrigens","10":"product_cat-kochen","11":"product_cat-trockenfruchte","13":"first","14":"instock","15":"taxable","16":"shipping-taxable","17":"purchasable","18":"product-type-simple"},"acf":[],"mb":[],"jetpack_sharing_enabled":true,"mfb_rest_fields":["title","jetpack_sharing_enabled"],"_links":{"self":[{"href":"https:\/\/odlicno.si\/de\/wp-json\/wp\/v2\/product\/8307","targetHints":{"allow":["GET"]}}],"collection":[{"href":"https:\/\/odlicno.si\/de\/wp-json\/wp\/v2\/product"}],"about":[{"href":"https:\/\/odlicno.si\/de\/wp-json\/wp\/v2\/types\/product"}],"wp:featuredmedia":[{"embeddable":true,"href":"https:\/\/odlicno.si\/de\/wp-json\/wp\/v2\/media\/4806"}],"wp:attachment":[{"href":"https:\/\/odlicno.si\/de\/wp-json\/wp\/v2\/media?parent=8307"}],"wp:term":[{"taxonomy":"product_brand","embeddable":true,"href":"https:\/\/odlicno.si\/de\/wp-json\/wp\/v2\/product_brand?post=8307"},{"taxonomy":"product_cat","embeddable":true,"href":"https:\/\/odlicno.si\/de\/wp-json\/wp\/v2\/product_cat?post=8307"},{"taxonomy":"product_tag","embeddable":true,"href":"https:\/\/odlicno.si\/de\/wp-json\/wp\/v2\/product_tag?post=8307"}],"curies":[{"name":"wp","href":"https:\/\/api.w.org\/{rel}","templated":true}]}}