{"id":8305,"date":"2024-12-02T11:32:07","date_gmt":"2024-12-02T10:32:07","guid":{"rendered":"https:\/\/odlicno.mojwww.si\/?post_type=product&#038;p=8305"},"modified":"2024-12-03T13:27:58","modified_gmt":"2024-12-03T12:27:58","slug":"odlicno-geraspelte-kokosnuss-250-g","status":"publish","type":"product","link":"https:\/\/odlicno.si\/de\/produkte\/nusse-samen\/samen\/odlicno-geraspelte-kokosnuss-250-g\/","title":{"rendered":"ODLI\u010cNO Geraspelte Kokosnuss, 250 g"},"content":{"rendered":"<p>Kokosmehl ist in jeder Hausb\u00e4ckerei unverzichtbar. Kokosmehl kann ein teilweiser Ersatz f\u00fcr normales Mehl sein und f\u00fcr M\u00fcrbeteig-Geb\u00e4ck verwendet werden.<\/p>\n","protected":false},"excerpt":{"rendered":"<p>Kokosmehl ist in jeder Hausb\u00e4ckerei unverzichtbar. Kokosmehl kann ein teilweiser Ersatz f\u00fcr normales Mehl sein und f\u00fcr M\u00fcrbeteig-Geb\u00e4ck verwendet werden.<\/p>\n","protected":false},"featured_media":3890,"template":"","meta":{"_acf_changed":false},"product_brand":[],"product_cat":[285,267,261,107,104],"product_tag":[],"class_list":{"0":"post-8305","1":"product","2":"type-product","3":"status-publish","4":"has-post-thumbnail","6":"product_cat-100-g-300-g-de","7":"product_cat-backen","8":"product_cat-kochen","9":"product_cat-nusse-samen","10":"product_cat-samen","12":"first","13":"instock","14":"taxable","15":"shipping-taxable","16":"purchasable","17":"product-type-simple"},"acf":[],"mb":[],"jetpack_sharing_enabled":true,"mfb_rest_fields":["title","jetpack_sharing_enabled"],"_links":{"self":[{"href":"https:\/\/odlicno.si\/de\/wp-json\/wp\/v2\/product\/8305","targetHints":{"allow":["GET"]}}],"collection":[{"href":"https:\/\/odlicno.si\/de\/wp-json\/wp\/v2\/product"}],"about":[{"href":"https:\/\/odlicno.si\/de\/wp-json\/wp\/v2\/types\/product"}],"wp:featuredmedia":[{"embeddable":true,"href":"https:\/\/odlicno.si\/de\/wp-json\/wp\/v2\/media\/3890"}],"wp:attachment":[{"href":"https:\/\/odlicno.si\/de\/wp-json\/wp\/v2\/media?parent=8305"}],"wp:term":[{"taxonomy":"product_brand","embeddable":true,"href":"https:\/\/odlicno.si\/de\/wp-json\/wp\/v2\/product_brand?post=8305"},{"taxonomy":"product_cat","embeddable":true,"href":"https:\/\/odlicno.si\/de\/wp-json\/wp\/v2\/product_cat?post=8305"},{"taxonomy":"product_tag","embeddable":true,"href":"https:\/\/odlicno.si\/de\/wp-json\/wp\/v2\/product_tag?post=8305"}],"curies":[{"name":"wp","href":"https:\/\/api.w.org\/{rel}","templated":true}]}}