{"id":8297,"date":"2024-12-02T11:32:05","date_gmt":"2024-12-02T10:32:05","guid":{"rendered":"https:\/\/odlicno.mojwww.si\/?post_type=product&#038;p=8297"},"modified":"2025-01-05T00:31:39","modified_gmt":"2025-01-04T23:31:39","slug":"suesse-traeume-odlicno","status":"publish","type":"product","link":"https:\/\/odlicno.si\/de\/produkte\/100-g-300-g-de\/suesse-traeume-odlicno\/","title":{"rendered":"S\u00fcsse Tr\u00e4ume Odli\u010dno 1000 g"},"content":{"rendered":"<p>Ein s\u00fc\u00dfes Paket unserer N\u00fcsse und Trockenfr\u00fcchte in Schokolade f\u00fcr nur 10,50 \u20ac!<\/p>\n","protected":false},"excerpt":{"rendered":"<p>Ein s\u00fc\u00dfes Paket unserer N\u00fcsse und Trockenfr\u00fcchte in Schokolade f\u00fcr nur 10,50 \u20ac!<\/p>\n","protected":false},"featured_media":15892,"template":"","meta":{"_acf_changed":false},"product_brand":[],"product_cat":[285,252,103,100],"product_tag":[],"class_list":{"0":"post-8297","1":"product","2":"type-product","3":"status-publish","4":"has-post-thumbnail","6":"product_cat-100-g-300-g-de","7":"product_cat-fur-schokoholics","8":"product_cat-pakete","9":"product_cat-schoko","11":"first","12":"instock","13":"sale","14":"taxable","15":"shipping-taxable","16":"purchasable","17":"product-type-simple"},"acf":[],"mb":[],"jetpack_sharing_enabled":true,"mfb_rest_fields":["title","jetpack_sharing_enabled"],"_links":{"self":[{"href":"https:\/\/odlicno.si\/de\/wp-json\/wp\/v2\/product\/8297","targetHints":{"allow":["GET"]}}],"collection":[{"href":"https:\/\/odlicno.si\/de\/wp-json\/wp\/v2\/product"}],"about":[{"href":"https:\/\/odlicno.si\/de\/wp-json\/wp\/v2\/types\/product"}],"wp:featuredmedia":[{"embeddable":true,"href":"https:\/\/odlicno.si\/de\/wp-json\/wp\/v2\/media\/15892"}],"wp:attachment":[{"href":"https:\/\/odlicno.si\/de\/wp-json\/wp\/v2\/media?parent=8297"}],"wp:term":[{"taxonomy":"product_brand","embeddable":true,"href":"https:\/\/odlicno.si\/de\/wp-json\/wp\/v2\/product_brand?post=8297"},{"taxonomy":"product_cat","embeddable":true,"href":"https:\/\/odlicno.si\/de\/wp-json\/wp\/v2\/product_cat?post=8297"},{"taxonomy":"product_tag","embeddable":true,"href":"https:\/\/odlicno.si\/de\/wp-json\/wp\/v2\/product_tag?post=8297"}],"curies":[{"name":"wp","href":"https:\/\/api.w.org\/{rel}","templated":true}]}}