{"id":8294,"date":"2024-12-02T11:41:33","date_gmt":"2024-12-02T10:41:33","guid":{"rendered":"https:\/\/odlicno.mojwww.si\/?post_type=product&#038;p=8294"},"modified":"2025-01-05T00:22:28","modified_gmt":"2025-01-04T23:22:28","slug":"geroestete-erdnuesse-ohne-zusatz-von-oel-und-salz-on-the-go-odlicno","status":"publish","type":"product","link":"https:\/\/odlicno.si\/de\/produkte\/nusse-samen\/erdnusse\/geroestete-erdnuesse-ohne-zusatz-von-oel-und-salz-on-the-go-odlicno\/","title":{"rendered":"Ger\u00f6stete Erdn\u00fcsse ohne Zusatz von \u00d6l und Salz On the go Odli\u010dno 60 g"},"content":{"rendered":"<p>Im Ofen ger\u00f6stete Erdn\u00fcsse, knusprig und voller Geschmack. Das Produkt ist v\u00f6llig frei von Zusatzstoffen. Die Erdn\u00fcsse machen einen wunderbaren Snack.<\/p>\n","protected":false},"excerpt":{"rendered":"<p>Im Ofen ger\u00f6stete Erdn\u00fcsse, knusprig und voller Geschmack. Das Produkt ist v\u00f6llig frei von Zusatzstoffen. Die Erdn\u00fcsse machen einen wunderbaren Snack.<\/p>\n","protected":false},"featured_media":11400,"template":"","meta":{"_acf_changed":false},"product_brand":[],"product_cat":[280,106,258,264,111,107,109,270],"product_tag":[],"class_list":{"0":"post-8294","1":"product","2":"type-product","3":"status-publish","4":"has-post-thumbnail","6":"product_cat-35-g-60-g-de","7":"product_cat-erdnusse","8":"product_cat-fur-ausfluge-wanderungen","9":"product_cat-fur-ubrigens","10":"product_cat-mischungen-snacks","11":"product_cat-nusse-samen","12":"product_cat-snacks","13":"product_cat-unterhaltung-events","15":"first","16":"instock","17":"taxable","18":"shipping-taxable","19":"purchasable","20":"product-type-simple"},"acf":[],"mb":[],"jetpack_sharing_enabled":true,"mfb_rest_fields":["title","jetpack_sharing_enabled"],"_links":{"self":[{"href":"https:\/\/odlicno.si\/de\/wp-json\/wp\/v2\/product\/8294","targetHints":{"allow":["GET"]}}],"collection":[{"href":"https:\/\/odlicno.si\/de\/wp-json\/wp\/v2\/product"}],"about":[{"href":"https:\/\/odlicno.si\/de\/wp-json\/wp\/v2\/types\/product"}],"wp:featuredmedia":[{"embeddable":true,"href":"https:\/\/odlicno.si\/de\/wp-json\/wp\/v2\/media\/11400"}],"wp:attachment":[{"href":"https:\/\/odlicno.si\/de\/wp-json\/wp\/v2\/media?parent=8294"}],"wp:term":[{"taxonomy":"product_brand","embeddable":true,"href":"https:\/\/odlicno.si\/de\/wp-json\/wp\/v2\/product_brand?post=8294"},{"taxonomy":"product_cat","embeddable":true,"href":"https:\/\/odlicno.si\/de\/wp-json\/wp\/v2\/product_cat?post=8294"},{"taxonomy":"product_tag","embeddable":true,"href":"https:\/\/odlicno.si\/de\/wp-json\/wp\/v2\/product_tag?post=8294"}],"curies":[{"name":"wp","href":"https:\/\/api.w.org\/{rel}","templated":true}]}}