{"id":8291,"date":"2024-12-02T11:41:33","date_gmt":"2024-12-02T10:41:33","guid":{"rendered":"https:\/\/odlicno.mojwww.si\/?post_type=product&#038;p=8291"},"modified":"2024-12-03T13:27:47","modified_gmt":"2024-12-03T12:27:47","slug":"odlicno-geroestete-und-gesalzene-nuesse-60-g","status":"publish","type":"product","link":"https:\/\/odlicno.si\/de\/produkte\/mischungen-snacks\/mischungen\/odlicno-geroestete-und-gesalzene-nuesse-60-g\/","title":{"rendered":"ODLI\u010cNO Ger\u00f6stete und gesalzene N\u00fcsse, 60 g"},"content":{"rendered":"<p>Eine hervorragende Mischung aus ger\u00f6steten und gesalzenen N\u00fcssen in Sonnenblumen\u00f6l vom Hausr\u00f6ster &#8211; praktisch verpackt.<\/p>\n","protected":false},"excerpt":{"rendered":"<p>Eine hervorragende Mischung aus ger\u00f6steten und gesalzenen N\u00fcssen in Sonnenblumen\u00f6l vom Hausr\u00f6ster &#8211; praktisch verpackt.<\/p>\n","protected":false},"featured_media":12905,"template":"","meta":{"_acf_changed":false},"product_brand":[],"product_cat":[280,264,110,111,109],"product_tag":[],"class_list":{"0":"post-8291","1":"product","2":"type-product","3":"status-publish","4":"has-post-thumbnail","6":"product_cat-35-g-60-g-de","7":"product_cat-fur-ubrigens","8":"product_cat-mischungen","9":"product_cat-mischungen-snacks","10":"product_cat-snacks","12":"first","13":"instock","14":"taxable","15":"shipping-taxable","16":"purchasable","17":"product-type-simple"},"acf":[],"mb":[],"jetpack_sharing_enabled":true,"mfb_rest_fields":["title","jetpack_sharing_enabled"],"_links":{"self":[{"href":"https:\/\/odlicno.si\/de\/wp-json\/wp\/v2\/product\/8291","targetHints":{"allow":["GET"]}}],"collection":[{"href":"https:\/\/odlicno.si\/de\/wp-json\/wp\/v2\/product"}],"about":[{"href":"https:\/\/odlicno.si\/de\/wp-json\/wp\/v2\/types\/product"}],"wp:featuredmedia":[{"embeddable":true,"href":"https:\/\/odlicno.si\/de\/wp-json\/wp\/v2\/media\/12905"}],"wp:attachment":[{"href":"https:\/\/odlicno.si\/de\/wp-json\/wp\/v2\/media?parent=8291"}],"wp:term":[{"taxonomy":"product_brand","embeddable":true,"href":"https:\/\/odlicno.si\/de\/wp-json\/wp\/v2\/product_brand?post=8291"},{"taxonomy":"product_cat","embeddable":true,"href":"https:\/\/odlicno.si\/de\/wp-json\/wp\/v2\/product_cat?post=8291"},{"taxonomy":"product_tag","embeddable":true,"href":"https:\/\/odlicno.si\/de\/wp-json\/wp\/v2\/product_tag?post=8291"}],"curies":[{"name":"wp","href":"https:\/\/api.w.org\/{rel}","templated":true}]}}