{"id":8290,"date":"2024-12-02T11:41:33","date_gmt":"2024-12-02T10:41:33","guid":{"rendered":"https:\/\/odlicno.mojwww.si\/?post_type=product&#038;p=8290"},"modified":"2025-01-05T00:22:38","modified_gmt":"2025-01-04T23:22:38","slug":"odlicno-geroestete-erdnuesse-ohne-zusatz-von-oel-und-salz-18-2-gratis","status":"publish","type":"product","link":"https:\/\/odlicno.si\/de\/produkte\/nusse-samen\/erdnusse\/odlicno-geroestete-erdnuesse-ohne-zusatz-von-oel-und-salz-18-2-gratis\/","title":{"rendered":"ODLI\u010cNO Ger\u00f6stete Erdn\u00fcsse ohne Zusatz von \u00d6l und Salz, 18 + 2 gratis 20 x 60 g"},"content":{"rendered":"<p>Im Ofen ger\u00f6stete Erdn\u00fcsse, knusprig und voller Geschmack. Das Produkt ist v\u00f6llig frei von Zusatzstoffen. Die Erdn\u00fcsse machen einen wunderbaren Snack.<\/p>\n","protected":false},"excerpt":{"rendered":"<p>Im Ofen ger\u00f6stete Erdn\u00fcsse, knusprig und voller Geschmack. Das Produkt ist v\u00f6llig frei von Zusatzstoffen. Die Erdn\u00fcsse machen einen wunderbaren Snack.<\/p>\n","protected":false},"featured_media":11404,"template":"","meta":{"_acf_changed":false},"product_brand":[],"product_cat":[280,273,106,107],"product_tag":[],"class_list":{"0":"post-8290","1":"product","2":"type-product","3":"status-publish","4":"has-post-thumbnail","6":"product_cat-35-g-60-g-de","7":"product_cat-aufstocken-weil-es-sich-lohnt","8":"product_cat-erdnusse","9":"product_cat-nusse-samen","11":"first","12":"instock","13":"sale","14":"taxable","15":"shipping-taxable","16":"purchasable","17":"product-type-simple"},"acf":[],"mb":[],"jetpack_sharing_enabled":true,"mfb_rest_fields":["title","jetpack_sharing_enabled"],"_links":{"self":[{"href":"https:\/\/odlicno.si\/de\/wp-json\/wp\/v2\/product\/8290","targetHints":{"allow":["GET"]}}],"collection":[{"href":"https:\/\/odlicno.si\/de\/wp-json\/wp\/v2\/product"}],"about":[{"href":"https:\/\/odlicno.si\/de\/wp-json\/wp\/v2\/types\/product"}],"wp:featuredmedia":[{"embeddable":true,"href":"https:\/\/odlicno.si\/de\/wp-json\/wp\/v2\/media\/11404"}],"wp:attachment":[{"href":"https:\/\/odlicno.si\/de\/wp-json\/wp\/v2\/media?parent=8290"}],"wp:term":[{"taxonomy":"product_brand","embeddable":true,"href":"https:\/\/odlicno.si\/de\/wp-json\/wp\/v2\/product_brand?post=8290"},{"taxonomy":"product_cat","embeddable":true,"href":"https:\/\/odlicno.si\/de\/wp-json\/wp\/v2\/product_cat?post=8290"},{"taxonomy":"product_tag","embeddable":true,"href":"https:\/\/odlicno.si\/de\/wp-json\/wp\/v2\/product_tag?post=8290"}],"curies":[{"name":"wp","href":"https:\/\/api.w.org\/{rel}","templated":true}]}}