{"id":8289,"date":"2024-12-02T11:31:43","date_gmt":"2024-12-02T10:31:43","guid":{"rendered":"https:\/\/odlicno.mojwww.si\/?post_type=product&#038;p=8289"},"modified":"2025-06-18T11:54:49","modified_gmt":"2025-06-18T10:54:49","slug":"odlicno-mandeln-60-g","status":"publish","type":"product","link":"https:\/\/odlicno.si\/de\/produkte\/nusse-samen\/nusse\/odlicno-mandeln-60-g\/","title":{"rendered":"Mandeln Tasty 60 g"},"content":{"rendered":"<p>Bequeme Verpackung von Mandeln ohne Zusatzstoffe &#8211; essen Sie sie auf Ihrem Weg.<\/p>\n<p>Nat\u00fcrlich <strong>knusprige kalifornische Mandeln <\/strong>sind mild im Geschmack und werden sehr h\u00e4ufig in der t\u00e4glichen Ern\u00e4hrung verwendet.<\/p>\n","protected":false},"excerpt":{"rendered":"<p>Bequeme Verpackung von Mandeln ohne Zusatzstoffe &#8211; essen Sie sie auf Ihrem Weg. Nat\u00fcrlich knusprige kalifornische Mandeln sind mild im Geschmack und werden sehr h\u00e4ufig in der t\u00e4glichen Ern\u00e4hrung verwendet.<\/p>\n","protected":false},"featured_media":11832,"template":"","meta":{"_acf_changed":false},"product_brand":[],"product_cat":[280,258,264,105,107,102,270],"product_tag":[],"class_list":{"0":"post-8289","1":"product","2":"type-product","3":"status-publish","4":"has-post-thumbnail","6":"product_cat-35-g-60-g-de","7":"product_cat-fur-ausfluge-wanderungen","8":"product_cat-fur-ubrigens","9":"product_cat-nusse","10":"product_cat-nusse-samen","11":"product_cat-premium","12":"product_cat-unterhaltung-events","14":"first","15":"instock","16":"taxable","17":"shipping-taxable","18":"purchasable","19":"product-type-simple"},"acf":[],"mb":[],"jetpack_sharing_enabled":true,"mfb_rest_fields":["title","jetpack_sharing_enabled"],"_links":{"self":[{"href":"https:\/\/odlicno.si\/de\/wp-json\/wp\/v2\/product\/8289","targetHints":{"allow":["GET"]}}],"collection":[{"href":"https:\/\/odlicno.si\/de\/wp-json\/wp\/v2\/product"}],"about":[{"href":"https:\/\/odlicno.si\/de\/wp-json\/wp\/v2\/types\/product"}],"wp:featuredmedia":[{"embeddable":true,"href":"https:\/\/odlicno.si\/de\/wp-json\/wp\/v2\/media\/11832"}],"wp:attachment":[{"href":"https:\/\/odlicno.si\/de\/wp-json\/wp\/v2\/media?parent=8289"}],"wp:term":[{"taxonomy":"product_brand","embeddable":true,"href":"https:\/\/odlicno.si\/de\/wp-json\/wp\/v2\/product_brand?post=8289"},{"taxonomy":"product_cat","embeddable":true,"href":"https:\/\/odlicno.si\/de\/wp-json\/wp\/v2\/product_cat?post=8289"},{"taxonomy":"product_tag","embeddable":true,"href":"https:\/\/odlicno.si\/de\/wp-json\/wp\/v2\/product_tag?post=8289"}],"curies":[{"name":"wp","href":"https:\/\/api.w.org\/{rel}","templated":true}]}}