{"id":8286,"date":"2024-12-02T11:41:32","date_gmt":"2024-12-02T10:41:32","guid":{"rendered":"https:\/\/odlicno.mojwww.si\/?post_type=product&#038;p=8286"},"modified":"2024-12-03T13:27:45","modified_gmt":"2024-12-03T12:27:45","slug":"odlicno-erdnussbutter-300-g","status":"publish","type":"product","link":"https:\/\/odlicno.si\/de\/produkte\/100-g-300-g-de\/odlicno-erdnussbutter-300-g\/","title":{"rendered":"ODLI\u010cNO Erdnussbutter, 300 g"},"content":{"rendered":"<p>Ausgezeichnete Erdnussbutter ist <strong>cremig<\/strong>, 100% <strong>nat\u00fcrlich<\/strong> und aus den besten ger\u00f6steten Erdn\u00fcssen hergestellt. Eine Zutat f\u00fcr endloses Vergn\u00fcgen.<\/p>\n","protected":false},"excerpt":{"rendered":"<p>Ausgezeichnete Erdnussbutter ist cremig, 100% nat\u00fcrlich und aus den besten ger\u00f6steten Erdn\u00fcssen hergestellt. Eine Zutat f\u00fcr endloses Vergn\u00fcgen.<\/p>\n","protected":false},"featured_media":14302,"template":"","meta":{"_acf_changed":false},"product_brand":[],"product_cat":[285,108,267,261],"product_tag":[],"class_list":{"0":"post-8286","1":"product","2":"type-product","3":"status-publish","4":"has-post-thumbnail","6":"product_cat-100-g-300-g-de","7":"product_cat-aufstriche","8":"product_cat-backen","9":"product_cat-kochen","11":"first","12":"instock","13":"taxable","14":"shipping-taxable","15":"purchasable","16":"product-type-simple"},"acf":[],"mb":[],"jetpack_sharing_enabled":true,"mfb_rest_fields":["title","jetpack_sharing_enabled"],"_links":{"self":[{"href":"https:\/\/odlicno.si\/de\/wp-json\/wp\/v2\/product\/8286","targetHints":{"allow":["GET"]}}],"collection":[{"href":"https:\/\/odlicno.si\/de\/wp-json\/wp\/v2\/product"}],"about":[{"href":"https:\/\/odlicno.si\/de\/wp-json\/wp\/v2\/types\/product"}],"wp:featuredmedia":[{"embeddable":true,"href":"https:\/\/odlicno.si\/de\/wp-json\/wp\/v2\/media\/14302"}],"wp:attachment":[{"href":"https:\/\/odlicno.si\/de\/wp-json\/wp\/v2\/media?parent=8286"}],"wp:term":[{"taxonomy":"product_brand","embeddable":true,"href":"https:\/\/odlicno.si\/de\/wp-json\/wp\/v2\/product_brand?post=8286"},{"taxonomy":"product_cat","embeddable":true,"href":"https:\/\/odlicno.si\/de\/wp-json\/wp\/v2\/product_cat?post=8286"},{"taxonomy":"product_tag","embeddable":true,"href":"https:\/\/odlicno.si\/de\/wp-json\/wp\/v2\/product_tag?post=8286"}],"curies":[{"name":"wp","href":"https:\/\/api.w.org\/{rel}","templated":true}]}}