{"id":8285,"date":"2024-12-02T11:41:32","date_gmt":"2024-12-02T10:41:32","guid":{"rendered":"https:\/\/odlicno.mojwww.si\/?post_type=product&#038;p=8285"},"modified":"2024-12-03T13:27:44","modified_gmt":"2024-12-03T12:27:44","slug":"odlicno-mandelbutter-300-g","status":"publish","type":"product","link":"https:\/\/odlicno.si\/de\/produkte\/100-g-300-g-de\/odlicno-mandelbutter-300-g\/","title":{"rendered":"ODLI\u010cNO Mandelbutter, 300 g"},"content":{"rendered":"<p>Lecker Mandelbutter ist cremig, 100 % nat\u00fcrlich, hergestellt aus feinsten kalifornischen ger\u00f6steten Mandeln. Der Brotaufstrich ist frei von zugesetztem Zucker, Salz und anderen Zusatzstoffen, er enth\u00e4lt nur nat\u00fcrlich vorkommenden Zucker.<\/p>\n<p>Es ist reich an Ballaststoffen und eine ausgezeichnete Proteinquelle.<\/p>\n<p>Nur eine Zutat f\u00fcr endlosen Genuss!<\/p>\n<p>Hergestellt in Slowenien.<\/p>\n","protected":false},"excerpt":{"rendered":"<p>Lecker Mandelbutter ist cremig, 100 % nat\u00fcrlich, hergestellt aus feinsten kalifornischen ger\u00f6steten Mandeln. Der Brotaufstrich ist frei von zugesetztem Zucker, Salz und anderen Zusatzstoffen, er enth\u00e4lt nur nat\u00fcrlich vorkommenden Zucker. Es ist reich an Ballaststoffen und eine ausgezeichnete Proteinquelle. Nur eine Zutat f\u00fcr endlosen Genuss! Hergestellt in Slowenien.<\/p>\n","protected":false},"featured_media":14306,"template":"","meta":{"_acf_changed":false},"product_brand":[],"product_cat":[285,108,267,261],"product_tag":[],"class_list":{"0":"post-8285","1":"product","2":"type-product","3":"status-publish","4":"has-post-thumbnail","6":"product_cat-100-g-300-g-de","7":"product_cat-aufstriche","8":"product_cat-backen","9":"product_cat-kochen","11":"first","12":"instock","13":"taxable","14":"shipping-taxable","15":"purchasable","16":"product-type-simple"},"acf":[],"mb":[],"jetpack_sharing_enabled":true,"mfb_rest_fields":["title","jetpack_sharing_enabled"],"_links":{"self":[{"href":"https:\/\/odlicno.si\/de\/wp-json\/wp\/v2\/product\/8285","targetHints":{"allow":["GET"]}}],"collection":[{"href":"https:\/\/odlicno.si\/de\/wp-json\/wp\/v2\/product"}],"about":[{"href":"https:\/\/odlicno.si\/de\/wp-json\/wp\/v2\/types\/product"}],"wp:featuredmedia":[{"embeddable":true,"href":"https:\/\/odlicno.si\/de\/wp-json\/wp\/v2\/media\/14306"}],"wp:attachment":[{"href":"https:\/\/odlicno.si\/de\/wp-json\/wp\/v2\/media?parent=8285"}],"wp:term":[{"taxonomy":"product_brand","embeddable":true,"href":"https:\/\/odlicno.si\/de\/wp-json\/wp\/v2\/product_brand?post=8285"},{"taxonomy":"product_cat","embeddable":true,"href":"https:\/\/odlicno.si\/de\/wp-json\/wp\/v2\/product_cat?post=8285"},{"taxonomy":"product_tag","embeddable":true,"href":"https:\/\/odlicno.si\/de\/wp-json\/wp\/v2\/product_tag?post=8285"}],"curies":[{"name":"wp","href":"https:\/\/api.w.org\/{rel}","templated":true}]}}