{"id":8278,"date":"2024-12-02T11:41:31","date_gmt":"2024-12-02T10:41:31","guid":{"rendered":"https:\/\/odlicno.mojwww.si\/?post_type=product&#038;p=8278"},"modified":"2024-12-13T09:52:27","modified_gmt":"2024-12-13T08:52:27","slug":"odlicno-getrocknete-cranberrys-1000-g","status":"publish","type":"product","link":"https:\/\/odlicno.si\/de\/produkte\/500-g-1000-g-de\/odlicno-getrocknete-cranberrys-1000-g\/","title":{"rendered":"ODLI\u010cNO Getrocknete Cranberrys, 1000 g"},"content":{"rendered":"<p>Sanfte s\u00fc\u00dfsaure Cranberrys sind eine ausgezeichnete Wahl zum Backen, hausgemachten Fr\u00fchst\u00fccks-M\u00fcsli oder Naschen.<\/p>\n","protected":false},"excerpt":{"rendered":"<p>Sanfte s\u00fc\u00dfsaure Cranberrys sind eine ausgezeichnete Wahl zum Backen, hausgemachten Fr\u00fchst\u00fccks-M\u00fcsli oder Naschen.<\/p>\n","protected":false},"featured_media":9963,"template":"","meta":{"_acf_changed":false},"product_brand":[],"product_cat":[293,273,267,261,101],"product_tag":[],"class_list":{"0":"post-8278","1":"product","2":"type-product","3":"status-publish","4":"has-post-thumbnail","6":"product_cat-500-g-1000-g-de","7":"product_cat-aufstocken-weil-es-sich-lohnt","8":"product_cat-backen","9":"product_cat-kochen","10":"product_cat-trockenfruchte","12":"first","13":"instock","14":"taxable","15":"shipping-taxable","16":"purchasable","17":"product-type-simple"},"acf":[],"mb":[],"jetpack_sharing_enabled":true,"mfb_rest_fields":["title","jetpack_sharing_enabled"],"_links":{"self":[{"href":"https:\/\/odlicno.si\/de\/wp-json\/wp\/v2\/product\/8278","targetHints":{"allow":["GET"]}}],"collection":[{"href":"https:\/\/odlicno.si\/de\/wp-json\/wp\/v2\/product"}],"about":[{"href":"https:\/\/odlicno.si\/de\/wp-json\/wp\/v2\/types\/product"}],"wp:featuredmedia":[{"embeddable":true,"href":"https:\/\/odlicno.si\/de\/wp-json\/wp\/v2\/media\/9963"}],"wp:attachment":[{"href":"https:\/\/odlicno.si\/de\/wp-json\/wp\/v2\/media?parent=8278"}],"wp:term":[{"taxonomy":"product_brand","embeddable":true,"href":"https:\/\/odlicno.si\/de\/wp-json\/wp\/v2\/product_brand?post=8278"},{"taxonomy":"product_cat","embeddable":true,"href":"https:\/\/odlicno.si\/de\/wp-json\/wp\/v2\/product_cat?post=8278"},{"taxonomy":"product_tag","embeddable":true,"href":"https:\/\/odlicno.si\/de\/wp-json\/wp\/v2\/product_tag?post=8278"}],"curies":[{"name":"wp","href":"https:\/\/api.w.org\/{rel}","templated":true}]}}