{"id":8276,"date":"2024-12-02T11:41:31","date_gmt":"2024-12-02T10:41:31","guid":{"rendered":"https:\/\/odlicno.mojwww.si\/?post_type=product&#038;p=8276"},"modified":"2024-12-03T13:27:38","modified_gmt":"2024-12-03T12:27:38","slug":"odlicno-geroestete-erdnuesse-ohne-zusatz-von-oel-und-salz-1000-g","status":"publish","type":"product","link":"https:\/\/odlicno.si\/de\/produkte\/nusse-samen\/erdnusse\/odlicno-geroestete-erdnuesse-ohne-zusatz-von-oel-und-salz-1000-g\/","title":{"rendered":"ODLI\u010cNO Ger\u00f6stete Erdn\u00fcsse ohne Zusatz von \u00d6l und Salz, 1000 g"},"content":{"rendered":"<p>Im Ofen ger\u00f6stete Erdn\u00fcsse, knusprig und voller Geschmack. Das Produkt ist v\u00f6llig frei von Zusatzstoffen. Die Erdn\u00fcsse machen einen wunderbaren Snack, lassen sich in die Erdnussbutter zermahlen oder in verschiedenen Gerichte und Desserts hinzugegeben.<\/p>\n","protected":false},"excerpt":{"rendered":"<p>Im Ofen ger\u00f6stete Erdn\u00fcsse, knusprig und voller Geschmack. Das Produkt ist v\u00f6llig frei von Zusatzstoffen. Die Erdn\u00fcsse machen einen wunderbaren Snack, lassen sich in die Erdnussbutter zermahlen oder in verschiedenen Gerichte und Desserts hinzugegeben.<\/p>\n","protected":false},"featured_media":10209,"template":"","meta":{"_acf_changed":false},"product_brand":[],"product_cat":[293,273,267,106,261,111,107,109,270],"product_tag":[],"class_list":{"0":"post-8276","1":"product","2":"type-product","3":"status-publish","4":"has-post-thumbnail","6":"product_cat-500-g-1000-g-de","7":"product_cat-aufstocken-weil-es-sich-lohnt","8":"product_cat-backen","9":"product_cat-erdnusse","10":"product_cat-kochen","11":"product_cat-mischungen-snacks","12":"product_cat-nusse-samen","13":"product_cat-snacks","14":"product_cat-unterhaltung-events","16":"first","17":"instock","18":"taxable","19":"shipping-taxable","20":"purchasable","21":"product-type-simple"},"acf":[],"mb":[],"jetpack_sharing_enabled":true,"mfb_rest_fields":["title","jetpack_sharing_enabled"],"_links":{"self":[{"href":"https:\/\/odlicno.si\/de\/wp-json\/wp\/v2\/product\/8276","targetHints":{"allow":["GET"]}}],"collection":[{"href":"https:\/\/odlicno.si\/de\/wp-json\/wp\/v2\/product"}],"about":[{"href":"https:\/\/odlicno.si\/de\/wp-json\/wp\/v2\/types\/product"}],"wp:featuredmedia":[{"embeddable":true,"href":"https:\/\/odlicno.si\/de\/wp-json\/wp\/v2\/media\/10209"}],"wp:attachment":[{"href":"https:\/\/odlicno.si\/de\/wp-json\/wp\/v2\/media?parent=8276"}],"wp:term":[{"taxonomy":"product_brand","embeddable":true,"href":"https:\/\/odlicno.si\/de\/wp-json\/wp\/v2\/product_brand?post=8276"},{"taxonomy":"product_cat","embeddable":true,"href":"https:\/\/odlicno.si\/de\/wp-json\/wp\/v2\/product_cat?post=8276"},{"taxonomy":"product_tag","embeddable":true,"href":"https:\/\/odlicno.si\/de\/wp-json\/wp\/v2\/product_tag?post=8276"}],"curies":[{"name":"wp","href":"https:\/\/api.w.org\/{rel}","templated":true}]}}