{"id":8274,"date":"2024-12-02T11:41:30","date_gmt":"2024-12-02T10:41:30","guid":{"rendered":"https:\/\/odlicno.mojwww.si\/?post_type=product&#038;p=8274"},"modified":"2025-01-21T16:22:45","modified_gmt":"2025-01-21T15:22:45","slug":"odlicno-studentenfutter-1000-g","status":"publish","type":"product","link":"https:\/\/odlicno.si\/de\/produkte\/mischungen-snacks\/snacks\/odlicno-studentenfutter-1000-g\/","title":{"rendered":"ODLI\u010cNO Studentenfutter, 1000 g"},"content":{"rendered":"<p>Ihre und unsere Lieblingsmischung aus Erdn\u00fcssen, Haseln\u00fcssen, Cashewn\u00fcssen, Mandeln und Rosinen. Eine ausgezeichnete Energiequelle f\u00fcr Tage voller Herausforderungen.<\/p>\n","protected":false},"excerpt":{"rendered":"<p>Ihre und unsere Lieblingsmischung aus Erdn\u00fcssen, Haseln\u00fcssen, Cashewn\u00fcssen, Mandeln und Rosinen. Eine ausgezeichnete Energiequelle f\u00fcr Tage voller Herausforderungen.<\/p>\n","protected":false},"featured_media":10015,"template":"","meta":{"_acf_changed":false},"product_brand":[],"product_cat":[293,273,111,109,270],"product_tag":[],"class_list":{"0":"post-8274","1":"product","2":"type-product","3":"status-publish","4":"has-post-thumbnail","6":"product_cat-500-g-1000-g-de","7":"product_cat-aufstocken-weil-es-sich-lohnt","8":"product_cat-mischungen-snacks","9":"product_cat-snacks","10":"product_cat-unterhaltung-events","12":"first","13":"instock","14":"taxable","15":"shipping-taxable","16":"purchasable","17":"product-type-simple"},"acf":[],"mb":[],"jetpack_sharing_enabled":true,"mfb_rest_fields":["title","jetpack_sharing_enabled"],"_links":{"self":[{"href":"https:\/\/odlicno.si\/de\/wp-json\/wp\/v2\/product\/8274","targetHints":{"allow":["GET"]}}],"collection":[{"href":"https:\/\/odlicno.si\/de\/wp-json\/wp\/v2\/product"}],"about":[{"href":"https:\/\/odlicno.si\/de\/wp-json\/wp\/v2\/types\/product"}],"wp:featuredmedia":[{"embeddable":true,"href":"https:\/\/odlicno.si\/de\/wp-json\/wp\/v2\/media\/10015"}],"wp:attachment":[{"href":"https:\/\/odlicno.si\/de\/wp-json\/wp\/v2\/media?parent=8274"}],"wp:term":[{"taxonomy":"product_brand","embeddable":true,"href":"https:\/\/odlicno.si\/de\/wp-json\/wp\/v2\/product_brand?post=8274"},{"taxonomy":"product_cat","embeddable":true,"href":"https:\/\/odlicno.si\/de\/wp-json\/wp\/v2\/product_cat?post=8274"},{"taxonomy":"product_tag","embeddable":true,"href":"https:\/\/odlicno.si\/de\/wp-json\/wp\/v2\/product_tag?post=8274"}],"curies":[{"name":"wp","href":"https:\/\/api.w.org\/{rel}","templated":true}]}}