{"id":8272,"date":"2024-12-02T11:41:30","date_gmt":"2024-12-02T10:41:30","guid":{"rendered":"https:\/\/odlicno.mojwww.si\/?post_type=product&#038;p=8272"},"modified":"2024-12-03T13:27:35","modified_gmt":"2024-12-03T12:27:35","slug":"odlicno-aprikosen-1000-g","status":"publish","type":"product","link":"https:\/\/odlicno.si\/de\/produkte\/500-g-1000-g-de\/odlicno-aprikosen-1000-g\/","title":{"rendered":"ODLI\u010cNO Aprikosen, 1000 g"},"content":{"rendered":"<p>Leckere Aprikosen sind ein gro\u00dfartiger Snack f\u00fcr jeden Tag und k\u00f6nnen auch in verschiedenen Rezepten verwendet werden.<\/p>\n","protected":false},"excerpt":{"rendered":"<p>Leckere Aprikosen sind ein gro\u00dfartiger Snack f\u00fcr jeden Tag und k\u00f6nnen auch in verschiedenen Rezepten verwendet werden.<\/p>\n","protected":false},"featured_media":10019,"template":"","meta":{"_acf_changed":false},"product_brand":[],"product_cat":[293,273,267,261,101],"product_tag":[],"class_list":{"0":"post-8272","1":"product","2":"type-product","3":"status-publish","4":"has-post-thumbnail","6":"product_cat-500-g-1000-g-de","7":"product_cat-aufstocken-weil-es-sich-lohnt","8":"product_cat-backen","9":"product_cat-kochen","10":"product_cat-trockenfruchte","12":"first","13":"instock","14":"taxable","15":"shipping-taxable","16":"purchasable","17":"product-type-simple"},"acf":[],"mb":[],"jetpack_sharing_enabled":true,"mfb_rest_fields":["title","jetpack_sharing_enabled"],"_links":{"self":[{"href":"https:\/\/odlicno.si\/de\/wp-json\/wp\/v2\/product\/8272","targetHints":{"allow":["GET"]}}],"collection":[{"href":"https:\/\/odlicno.si\/de\/wp-json\/wp\/v2\/product"}],"about":[{"href":"https:\/\/odlicno.si\/de\/wp-json\/wp\/v2\/types\/product"}],"wp:featuredmedia":[{"embeddable":true,"href":"https:\/\/odlicno.si\/de\/wp-json\/wp\/v2\/media\/10019"}],"wp:attachment":[{"href":"https:\/\/odlicno.si\/de\/wp-json\/wp\/v2\/media?parent=8272"}],"wp:term":[{"taxonomy":"product_brand","embeddable":true,"href":"https:\/\/odlicno.si\/de\/wp-json\/wp\/v2\/product_brand?post=8272"},{"taxonomy":"product_cat","embeddable":true,"href":"https:\/\/odlicno.si\/de\/wp-json\/wp\/v2\/product_cat?post=8272"},{"taxonomy":"product_tag","embeddable":true,"href":"https:\/\/odlicno.si\/de\/wp-json\/wp\/v2\/product_tag?post=8272"}],"curies":[{"name":"wp","href":"https:\/\/api.w.org\/{rel}","templated":true}]}}