{"id":8269,"date":"2024-12-02T11:31:18","date_gmt":"2024-12-02T10:31:18","guid":{"rendered":"https:\/\/odlicno.mojwww.si\/?post_type=product&#038;p=8269"},"modified":"2025-01-05T00:31:47","modified_gmt":"2025-01-04T23:31:47","slug":"tasty-pfeffer-mix","status":"publish","type":"product","link":"https:\/\/odlicno.si\/de\/produkte\/35-g-60-g-de\/tasty-pfeffer-mix\/","title":{"rendered":"Tasty Pfeffer mix 60 g"},"content":{"rendered":"<p class=\"text-align-justify\">Mischung aus ger\u00f6steten Erdn\u00fcssen und Cashewn\u00fcssen aus unserer eigenen R\u00f6sterei, mit echten schwarzen Pfefferflocken. Es ist ein ausgezeichneter Snack f\u00fcr verschiedene Gelegenheiten, da es ein leicht w\u00fcrziges Aroma hat und genau die richtige Menge Crunch hat.<\/p>\n<p style=\"margin-bottom: 11px;\"><span style=\"font-size: 11pt;\"><span style=\"line-height: 107%;\"><span style=\"font-family: Calibri,sans-serif;\">Der reduzierte Preis gilt f\u00fcr Produkte mit Mindesthaltbarkeitsdatum 12\/2022.<\/span><\/span><\/span><\/p>\n","protected":false},"excerpt":{"rendered":"<p>Mischung aus ger\u00f6steten Erdn\u00fcssen und Cashewn\u00fcssen aus unserer eigenen R\u00f6sterei, mit echten schwarzen Pfefferflocken. Es ist ein ausgezeichneter Snack f\u00fcr verschiedene Gelegenheiten, da es ein leicht w\u00fcrziges Aroma hat und genau die richtige Menge Crunch hat. Der reduzierte Preis gilt f\u00fcr Produkte mit Mindesthaltbarkeitsdatum 12\/2022.<\/p>\n","protected":false},"featured_media":4902,"template":"","meta":{"_acf_changed":false},"product_brand":[],"product_cat":[280,102,270],"product_tag":[],"class_list":{"0":"post-8269","1":"product","2":"type-product","3":"status-publish","4":"has-post-thumbnail","6":"product_cat-35-g-60-g-de","7":"product_cat-premium","8":"product_cat-unterhaltung-events","10":"first","11":"outofstock","12":"taxable","13":"shipping-taxable","14":"purchasable","15":"product-type-simple"},"acf":[],"mb":[],"jetpack_sharing_enabled":true,"mfb_rest_fields":["title","jetpack_sharing_enabled"],"_links":{"self":[{"href":"https:\/\/odlicno.si\/de\/wp-json\/wp\/v2\/product\/8269","targetHints":{"allow":["GET"]}}],"collection":[{"href":"https:\/\/odlicno.si\/de\/wp-json\/wp\/v2\/product"}],"about":[{"href":"https:\/\/odlicno.si\/de\/wp-json\/wp\/v2\/types\/product"}],"wp:featuredmedia":[{"embeddable":true,"href":"https:\/\/odlicno.si\/de\/wp-json\/wp\/v2\/media\/4902"}],"wp:attachment":[{"href":"https:\/\/odlicno.si\/de\/wp-json\/wp\/v2\/media?parent=8269"}],"wp:term":[{"taxonomy":"product_brand","embeddable":true,"href":"https:\/\/odlicno.si\/de\/wp-json\/wp\/v2\/product_brand?post=8269"},{"taxonomy":"product_cat","embeddable":true,"href":"https:\/\/odlicno.si\/de\/wp-json\/wp\/v2\/product_cat?post=8269"},{"taxonomy":"product_tag","embeddable":true,"href":"https:\/\/odlicno.si\/de\/wp-json\/wp\/v2\/product_tag?post=8269"}],"curies":[{"name":"wp","href":"https:\/\/api.w.org\/{rel}","templated":true}]}}