{"id":8268,"date":"2024-12-02T08:55:58","date_gmt":"2024-12-02T07:55:58","guid":{"rendered":"https:\/\/odlicno.mojwww.si\/?post_type=product&#038;p=8268"},"modified":"2025-01-05T00:17:21","modified_gmt":"2025-01-04T23:17:21","slug":"tasty-chilli-mix","status":"publish","type":"product","link":"https:\/\/odlicno.si\/de\/produkte\/35-g-60-g-de\/tasty-chilli-mix\/","title":{"rendered":"Tasty Chilli mix 60 g"},"content":{"rendered":"<p>Eine Mischung aus ger\u00f6steten Erdn\u00fcssen und Cashewn\u00fcssen aus unserer eigenen R\u00f6sterei, mit echten Chilist\u00fcckchen und einer Gew\u00fcrzmischung. Ein herrlich w\u00fcrziger Snack, der auch f\u00fcr die Zubereitung asiatischer Gerichte verwendet werden kann.<\/p>\n","protected":false},"excerpt":{"rendered":"<p>Eine Mischung aus ger\u00f6steten Erdn\u00fcssen und Cashewn\u00fcssen aus unserer eigenen R\u00f6sterei, mit echten Chilist\u00fcckchen und einer Gew\u00fcrzmischung. Ein herrlich w\u00fcrziger Snack, der auch f\u00fcr die Zubereitung asiatischer Gerichte verwendet werden kann.<\/p>\n","protected":false},"featured_media":4934,"template":"","meta":{"_acf_changed":false},"product_brand":[],"product_cat":[280,102,270],"product_tag":[],"class_list":{"0":"post-8268","1":"product","2":"type-product","3":"status-publish","4":"has-post-thumbnail","6":"product_cat-35-g-60-g-de","7":"product_cat-premium","8":"product_cat-unterhaltung-events","10":"first","11":"instock","12":"taxable","13":"shipping-taxable","14":"purchasable","15":"product-type-simple"},"acf":[],"mb":[],"jetpack_sharing_enabled":true,"mfb_rest_fields":["title","jetpack_sharing_enabled"],"_links":{"self":[{"href":"https:\/\/odlicno.si\/de\/wp-json\/wp\/v2\/product\/8268","targetHints":{"allow":["GET"]}}],"collection":[{"href":"https:\/\/odlicno.si\/de\/wp-json\/wp\/v2\/product"}],"about":[{"href":"https:\/\/odlicno.si\/de\/wp-json\/wp\/v2\/types\/product"}],"wp:featuredmedia":[{"embeddable":true,"href":"https:\/\/odlicno.si\/de\/wp-json\/wp\/v2\/media\/4934"}],"wp:attachment":[{"href":"https:\/\/odlicno.si\/de\/wp-json\/wp\/v2\/media?parent=8268"}],"wp:term":[{"taxonomy":"product_brand","embeddable":true,"href":"https:\/\/odlicno.si\/de\/wp-json\/wp\/v2\/product_brand?post=8268"},{"taxonomy":"product_cat","embeddable":true,"href":"https:\/\/odlicno.si\/de\/wp-json\/wp\/v2\/product_cat?post=8268"},{"taxonomy":"product_tag","embeddable":true,"href":"https:\/\/odlicno.si\/de\/wp-json\/wp\/v2\/product_tag?post=8268"}],"curies":[{"name":"wp","href":"https:\/\/api.w.org\/{rel}","templated":true}]}}