{"id":8263,"date":"2024-12-02T11:31:17","date_gmt":"2024-12-02T10:31:17","guid":{"rendered":"https:\/\/odlicno.mojwww.si\/?post_type=product&#038;p=8263"},"modified":"2025-01-21T15:01:11","modified_gmt":"2025-01-21T14:01:11","slug":"tasty-geroestete-cashewkerne-toskanischer-art","status":"publish","type":"product","link":"https:\/\/odlicno.si\/de\/produkte\/100-g-300-g-de\/tasty-geroestete-cashewkerne-toskanischer-art\/","title":{"rendered":"Toskanische Cashews Lecker 60g"},"content":{"rendered":"<p>Wir r\u00f6sten die cremigen Cashews in Sonnenblumen\u00f6l in unserem eigenen R\u00f6ster. Wir f\u00fcgen eine Kombination aus echten schwarzen Oliven und Rosmarin hinzu, die uns auf eine kulinarische Reise durch die Toskana entf\u00fchrt. <\/p>\n<p>Sie werden in einer kontrollierten Atmosph\u00e4re verpackt, um ihre Knusprigkeit und ihren authentischen Geschmack zu bewahren.<\/p>\n","protected":false},"excerpt":{"rendered":"<p>Wir r\u00f6sten die cremigen Cashews in Sonnenblumen\u00f6l in unserem eigenen R\u00f6ster. Wir f\u00fcgen eine Kombination aus echten schwarzen Oliven und Rosmarin hinzu, die uns auf eine kulinarische Reise durch die Toskana entf\u00fchrt. Sie werden in einer kontrollierten Atmosph\u00e4re verpackt, um ihre Knusprigkeit und ihren authentischen Geschmack zu bewahren.<\/p>\n","protected":false},"featured_media":5062,"template":"","meta":{"_acf_changed":false},"product_brand":[],"product_cat":[285,102,270,241],"product_tag":[],"class_list":{"0":"post-8263","1":"product","2":"type-product","3":"status-publish","4":"has-post-thumbnail","6":"product_cat-100-g-300-g-de","7":"product_cat-premium","8":"product_cat-unterhaltung-events","9":"product_cat-vor-dem-ablaufdatum","11":"first","12":"instock","13":"sale","14":"taxable","15":"shipping-taxable","16":"purchasable","17":"product-type-simple"},"acf":[],"mb":[],"jetpack_sharing_enabled":true,"mfb_rest_fields":["title","jetpack_sharing_enabled"],"_links":{"self":[{"href":"https:\/\/odlicno.si\/de\/wp-json\/wp\/v2\/product\/8263","targetHints":{"allow":["GET"]}}],"collection":[{"href":"https:\/\/odlicno.si\/de\/wp-json\/wp\/v2\/product"}],"about":[{"href":"https:\/\/odlicno.si\/de\/wp-json\/wp\/v2\/types\/product"}],"wp:featuredmedia":[{"embeddable":true,"href":"https:\/\/odlicno.si\/de\/wp-json\/wp\/v2\/media\/5062"}],"wp:attachment":[{"href":"https:\/\/odlicno.si\/de\/wp-json\/wp\/v2\/media?parent=8263"}],"wp:term":[{"taxonomy":"product_brand","embeddable":true,"href":"https:\/\/odlicno.si\/de\/wp-json\/wp\/v2\/product_brand?post=8263"},{"taxonomy":"product_cat","embeddable":true,"href":"https:\/\/odlicno.si\/de\/wp-json\/wp\/v2\/product_cat?post=8263"},{"taxonomy":"product_tag","embeddable":true,"href":"https:\/\/odlicno.si\/de\/wp-json\/wp\/v2\/product_tag?post=8263"}],"curies":[{"name":"wp","href":"https:\/\/api.w.org\/{rel}","templated":true}]}}