{"id":8262,"date":"2024-12-02T11:41:15","date_gmt":"2024-12-02T10:41:15","guid":{"rendered":"https:\/\/odlicno.mojwww.si\/?post_type=product&#038;p=8262"},"modified":"2024-12-03T13:27:29","modified_gmt":"2024-12-03T12:27:29","slug":"odlicno-erdnussbutter-1000-g","status":"publish","type":"product","link":"https:\/\/odlicno.si\/de\/produkte\/500-g-1000-g-de\/odlicno-erdnussbutter-1000-g\/","title":{"rendered":"ODLI\u010cNO Erdnussbutter, 1000 g"},"content":{"rendered":"<p>Ausgezeichnete Erdnussbutter ist cremig, 100% nat\u00fcrlich und aus den besten ger\u00f6steten Erdn\u00fcssen hergestellt. Eine Zutat f\u00fcr endloses Vergn\u00fcgen.<\/p>\n","protected":false},"excerpt":{"rendered":"<p>Ausgezeichnete Erdnussbutter ist cremig, 100% nat\u00fcrlich und aus den besten ger\u00f6steten Erdn\u00fcssen hergestellt. Eine Zutat f\u00fcr endloses Vergn\u00fcgen.<\/p>\n","protected":false},"featured_media":5813,"template":"","meta":{"_acf_changed":false},"product_brand":[],"product_cat":[293,108],"product_tag":[],"class_list":{"0":"post-8262","1":"product","2":"type-product","3":"status-publish","4":"has-post-thumbnail","6":"product_cat-500-g-1000-g-de","7":"product_cat-aufstriche","9":"first","10":"instock","11":"taxable","12":"shipping-taxable","13":"purchasable","14":"product-type-simple"},"acf":[],"mb":[],"jetpack_sharing_enabled":true,"mfb_rest_fields":["title","jetpack_sharing_enabled"],"_links":{"self":[{"href":"https:\/\/odlicno.si\/de\/wp-json\/wp\/v2\/product\/8262","targetHints":{"allow":["GET"]}}],"collection":[{"href":"https:\/\/odlicno.si\/de\/wp-json\/wp\/v2\/product"}],"about":[{"href":"https:\/\/odlicno.si\/de\/wp-json\/wp\/v2\/types\/product"}],"wp:featuredmedia":[{"embeddable":true,"href":"https:\/\/odlicno.si\/de\/wp-json\/wp\/v2\/media\/5813"}],"wp:attachment":[{"href":"https:\/\/odlicno.si\/de\/wp-json\/wp\/v2\/media?parent=8262"}],"wp:term":[{"taxonomy":"product_brand","embeddable":true,"href":"https:\/\/odlicno.si\/de\/wp-json\/wp\/v2\/product_brand?post=8262"},{"taxonomy":"product_cat","embeddable":true,"href":"https:\/\/odlicno.si\/de\/wp-json\/wp\/v2\/product_cat?post=8262"},{"taxonomy":"product_tag","embeddable":true,"href":"https:\/\/odlicno.si\/de\/wp-json\/wp\/v2\/product_tag?post=8262"}],"curies":[{"name":"wp","href":"https:\/\/api.w.org\/{rel}","templated":true}]}}