{"id":8261,"date":"2024-12-02T11:31:17","date_gmt":"2024-12-02T10:31:17","guid":{"rendered":"https:\/\/odlicno.mojwww.si\/?post_type=product&#038;p=8261"},"modified":"2025-01-05T00:32:04","modified_gmt":"2025-01-04T23:32:04","slug":"tasty-chili-erdnuesse","status":"publish","type":"product","link":"https:\/\/odlicno.si\/de\/produkte\/nusse-samen\/erdnusse\/tasty-chili-erdnuesse\/","title":{"rendered":"Tasty Chili Erdn\u00fcsse 200 g"},"content":{"rendered":"<p class=\"text-align-justify\">Erdn\u00fcsse, in unserer eigenen R\u00f6sterei in Sonnenblumen\u00f6l ger\u00f6stet, werden mit echten Chilist\u00fcckchen und Gew\u00fcrzen versetzt, die ihnen einen angenehm w\u00fcrzigen Geschmack verleihen. Sie eignen sich perfekt als eigenst\u00e4ndiger Snack, k\u00f6nnen aber auch bei der Zubereitung verschiedener w\u00fcrziger Hauptgerichte aus der asiatischen K\u00fcche verwendet werden.<\/p>\n<p style=\"margin-bottom: 11px;\"><span style=\"font-size: 11pt;\"><span style=\"line-height: 107%;\"><span style=\"font-family: Calibri,sans-serif;\">Der reduzierte Preis gilt f\u00fcr Produkte mit Mindesthaltbarkeitsdatum 31.12.2022.<\/span><\/span><\/span><\/p>\n","protected":false},"excerpt":{"rendered":"<p>Erdn\u00fcsse, in unserer eigenen R\u00f6sterei in Sonnenblumen\u00f6l ger\u00f6stet, werden mit echten Chilist\u00fcckchen und Gew\u00fcrzen versetzt, die ihnen einen angenehm w\u00fcrzigen Geschmack verleihen. Sie eignen sich perfekt als eigenst\u00e4ndiger Snack, k\u00f6nnen aber auch bei der Zubereitung verschiedener w\u00fcrziger Hauptgerichte aus der asiatischen K\u00fcche verwendet werden. Der reduzierte Preis gilt f\u00fcr Produkte mit Mindesthaltbarkeitsdatum 31.12.2022.<\/p>\n","protected":false},"featured_media":4954,"template":"","meta":{"_acf_changed":false},"product_brand":[],"product_cat":[285,106,102,270],"product_tag":[],"class_list":{"0":"post-8261","1":"product","2":"type-product","3":"status-publish","4":"has-post-thumbnail","6":"product_cat-100-g-300-g-de","7":"product_cat-erdnusse","8":"product_cat-premium","9":"product_cat-unterhaltung-events","11":"first","12":"outofstock","13":"taxable","14":"shipping-taxable","15":"purchasable","16":"product-type-simple"},"acf":[],"mb":[],"jetpack_sharing_enabled":true,"mfb_rest_fields":["title","jetpack_sharing_enabled"],"_links":{"self":[{"href":"https:\/\/odlicno.si\/de\/wp-json\/wp\/v2\/product\/8261","targetHints":{"allow":["GET"]}}],"collection":[{"href":"https:\/\/odlicno.si\/de\/wp-json\/wp\/v2\/product"}],"about":[{"href":"https:\/\/odlicno.si\/de\/wp-json\/wp\/v2\/types\/product"}],"wp:featuredmedia":[{"embeddable":true,"href":"https:\/\/odlicno.si\/de\/wp-json\/wp\/v2\/media\/4954"}],"wp:attachment":[{"href":"https:\/\/odlicno.si\/de\/wp-json\/wp\/v2\/media?parent=8261"}],"wp:term":[{"taxonomy":"product_brand","embeddable":true,"href":"https:\/\/odlicno.si\/de\/wp-json\/wp\/v2\/product_brand?post=8261"},{"taxonomy":"product_cat","embeddable":true,"href":"https:\/\/odlicno.si\/de\/wp-json\/wp\/v2\/product_cat?post=8261"},{"taxonomy":"product_tag","embeddable":true,"href":"https:\/\/odlicno.si\/de\/wp-json\/wp\/v2\/product_tag?post=8261"}],"curies":[{"name":"wp","href":"https:\/\/api.w.org\/{rel}","templated":true}]}}