{"id":8259,"date":"2024-12-02T11:41:14","date_gmt":"2024-12-02T10:41:14","guid":{"rendered":"https:\/\/odlicno.mojwww.si\/?post_type=product&#038;p=8259"},"modified":"2024-12-03T13:27:27","modified_gmt":"2024-12-03T12:27:27","slug":"odlicno-cashewbutter-300-g","status":"publish","type":"product","link":"https:\/\/odlicno.si\/de\/produkte\/300-g-500-g-de\/odlicno-cashewbutter-300-g\/","title":{"rendered":"ODLI\u010cNO CASHEWBUTTER, 300 g"},"content":{"rendered":"<p>Cashew-Aufstrich Odli\u010dno ist cremig, 100 % nat\u00fcrlich und aus feinsten trocken ger\u00f6steten Cashewn\u00fcssen hergestellt. Der Brotaufstrich ist frei von zugesetztem Zucker, Salz und anderen Zusatzstoffen, er enth\u00e4lt nur nat\u00fcrlich vorkommenden Zucker.<\/p>\n<p>Es ist reich an Ballaststoffen und eine ausgezeichnete Proteinquelle.<\/p>\n<p>Nur eine Zutat f\u00fcr endlosen Genuss.<\/p>\n<p>Hergestellt in Slowenien.<\/p>\n","protected":false},"excerpt":{"rendered":"<p>Cashew-Aufstrich Odli\u010dno ist cremig, 100 % nat\u00fcrlich und aus feinsten trocken ger\u00f6steten Cashewn\u00fcssen hergestellt. Der Brotaufstrich ist frei von zugesetztem Zucker, Salz und anderen Zusatzstoffen, er enth\u00e4lt nur nat\u00fcrlich vorkommenden Zucker. Es ist reich an Ballaststoffen und eine ausgezeichnete Proteinquelle. Nur eine Zutat f\u00fcr endlosen Genuss. Hergestellt in Slowenien.<\/p>\n","protected":false},"featured_media":14310,"template":"","meta":{"_acf_changed":false},"product_brand":[],"product_cat":[290,108,267],"product_tag":[],"class_list":{"0":"post-8259","1":"product","2":"type-product","3":"status-publish","4":"has-post-thumbnail","6":"product_cat-300-g-500-g-de","7":"product_cat-aufstriche","8":"product_cat-backen","10":"first","11":"instock","12":"taxable","13":"shipping-taxable","14":"purchasable","15":"product-type-simple"},"acf":[],"mb":[],"jetpack_sharing_enabled":true,"mfb_rest_fields":["title","jetpack_sharing_enabled"],"_links":{"self":[{"href":"https:\/\/odlicno.si\/de\/wp-json\/wp\/v2\/product\/8259","targetHints":{"allow":["GET"]}}],"collection":[{"href":"https:\/\/odlicno.si\/de\/wp-json\/wp\/v2\/product"}],"about":[{"href":"https:\/\/odlicno.si\/de\/wp-json\/wp\/v2\/types\/product"}],"wp:featuredmedia":[{"embeddable":true,"href":"https:\/\/odlicno.si\/de\/wp-json\/wp\/v2\/media\/14310"}],"wp:attachment":[{"href":"https:\/\/odlicno.si\/de\/wp-json\/wp\/v2\/media?parent=8259"}],"wp:term":[{"taxonomy":"product_brand","embeddable":true,"href":"https:\/\/odlicno.si\/de\/wp-json\/wp\/v2\/product_brand?post=8259"},{"taxonomy":"product_cat","embeddable":true,"href":"https:\/\/odlicno.si\/de\/wp-json\/wp\/v2\/product_cat?post=8259"},{"taxonomy":"product_tag","embeddable":true,"href":"https:\/\/odlicno.si\/de\/wp-json\/wp\/v2\/product_tag?post=8259"}],"curies":[{"name":"wp","href":"https:\/\/api.w.org\/{rel}","templated":true}]}}