{"id":8257,"date":"2024-12-02T11:31:16","date_gmt":"2024-12-02T10:31:16","guid":{"rendered":"https:\/\/odlicno.mojwww.si\/?post_type=product&#038;p=8257"},"modified":"2025-01-05T00:16:54","modified_gmt":"2025-01-04T23:16:54","slug":"mischung-nr-073-odlicno","status":"publish","type":"product","link":"https:\/\/odlicno.si\/de\/produkte\/mischungen-snacks\/mischungen\/mischung-nr-073-odlicno\/","title":{"rendered":"Mischung Nr. 073 Odli\u010dno 125 g"},"content":{"rendered":"<p>Eine Mischung aus ger\u00f6steten und gesalzenen Erdn\u00fcssen, Physalis, Mandeln und Mais.<\/p>\n<p>Unser Entwicklungsteam testet die Mischungen, bis sie die richtige Kombination aus Textur und Geschmack gefunden haben, die die richtige Harmonie im Mund zaubert.<\/p>\n<p>Was Sie hier sehen, ist die abgepackte Mischung nach Rezept Nr.073! Jetzt ein noch verbessertes Rezept!<\/p>\n<p>&nbsp;<\/p>\n","protected":false},"excerpt":{"rendered":"<p>Eine Mischung aus ger\u00f6steten und gesalzenen Erdn\u00fcssen, Physalis, Mandeln und Mais. Unser Entwicklungsteam testet die Mischungen, bis sie die richtige Kombination aus Textur und Geschmack gefunden haben, die die richtige Harmonie im Mund zaubert. Was Sie hier sehen, ist die abgepackte Mischung nach Rezept Nr.073! Jetzt ein noch verbessertes Rezept! &nbsp;<\/p>\n","protected":false},"featured_media":4406,"template":"","meta":{"_acf_changed":false},"product_brand":[],"product_cat":[285,258,110,111,109,270],"product_tag":[],"class_list":{"0":"post-8257","1":"product","2":"type-product","3":"status-publish","4":"has-post-thumbnail","6":"product_cat-100-g-300-g-de","7":"product_cat-fur-ausfluge-wanderungen","8":"product_cat-mischungen","9":"product_cat-mischungen-snacks","10":"product_cat-snacks","11":"product_cat-unterhaltung-events","13":"first","14":"instock","15":"taxable","16":"shipping-taxable","17":"purchasable","18":"product-type-simple"},"acf":[],"mb":[],"jetpack_sharing_enabled":true,"mfb_rest_fields":["title","jetpack_sharing_enabled"],"_links":{"self":[{"href":"https:\/\/odlicno.si\/de\/wp-json\/wp\/v2\/product\/8257","targetHints":{"allow":["GET"]}}],"collection":[{"href":"https:\/\/odlicno.si\/de\/wp-json\/wp\/v2\/product"}],"about":[{"href":"https:\/\/odlicno.si\/de\/wp-json\/wp\/v2\/types\/product"}],"wp:featuredmedia":[{"embeddable":true,"href":"https:\/\/odlicno.si\/de\/wp-json\/wp\/v2\/media\/4406"}],"wp:attachment":[{"href":"https:\/\/odlicno.si\/de\/wp-json\/wp\/v2\/media?parent=8257"}],"wp:term":[{"taxonomy":"product_brand","embeddable":true,"href":"https:\/\/odlicno.si\/de\/wp-json\/wp\/v2\/product_brand?post=8257"},{"taxonomy":"product_cat","embeddable":true,"href":"https:\/\/odlicno.si\/de\/wp-json\/wp\/v2\/product_cat?post=8257"},{"taxonomy":"product_tag","embeddable":true,"href":"https:\/\/odlicno.si\/de\/wp-json\/wp\/v2\/product_tag?post=8257"}],"curies":[{"name":"wp","href":"https:\/\/api.w.org\/{rel}","templated":true}]}}