{"id":8256,"date":"2024-12-02T11:30:55","date_gmt":"2024-12-02T10:30:55","guid":{"rendered":"https:\/\/odlicno.mojwww.si\/?post_type=product&#038;p=8256"},"modified":"2024-12-03T13:27:26","modified_gmt":"2024-12-03T12:27:26","slug":"odlicno-cashewkerne-geroestet-gesalzen-125-g","status":"publish","type":"product","link":"https:\/\/odlicno.si\/de\/produkte\/nusse-samen\/nusse\/odlicno-cashewkerne-geroestet-gesalzen-125-g\/","title":{"rendered":"ODLI\u010cNO Cashewkerne, ger\u00f6stet &amp; gesalzen, 125 g"},"content":{"rendered":"<p>Cremige Cashewn\u00fcsse werden in unserer eigenen R\u00f6sterei und gesalzen. Dies schafft einen tollen knusprigen Snack f\u00fcr alle Gelegenheiten.<\/p>\n","protected":false},"excerpt":{"rendered":"<p>Cremige Cashewn\u00fcsse werden in unserer eigenen R\u00f6sterei und gesalzen. Dies schafft einen tollen knusprigen Snack f\u00fcr alle Gelegenheiten.<\/p>\n","protected":false},"featured_media":4374,"template":"","meta":{"_acf_changed":false},"product_brand":[],"product_cat":[285,258,261,111,105,107,109,270],"product_tag":[],"class_list":{"0":"post-8256","1":"product","2":"type-product","3":"status-publish","4":"has-post-thumbnail","6":"product_cat-100-g-300-g-de","7":"product_cat-fur-ausfluge-wanderungen","8":"product_cat-kochen","9":"product_cat-mischungen-snacks","10":"product_cat-nusse","11":"product_cat-nusse-samen","12":"product_cat-snacks","13":"product_cat-unterhaltung-events","15":"first","16":"instock","17":"taxable","18":"shipping-taxable","19":"purchasable","20":"product-type-simple"},"acf":[],"mb":[],"jetpack_sharing_enabled":true,"mfb_rest_fields":["title","jetpack_sharing_enabled"],"_links":{"self":[{"href":"https:\/\/odlicno.si\/de\/wp-json\/wp\/v2\/product\/8256","targetHints":{"allow":["GET"]}}],"collection":[{"href":"https:\/\/odlicno.si\/de\/wp-json\/wp\/v2\/product"}],"about":[{"href":"https:\/\/odlicno.si\/de\/wp-json\/wp\/v2\/types\/product"}],"wp:featuredmedia":[{"embeddable":true,"href":"https:\/\/odlicno.si\/de\/wp-json\/wp\/v2\/media\/4374"}],"wp:attachment":[{"href":"https:\/\/odlicno.si\/de\/wp-json\/wp\/v2\/media?parent=8256"}],"wp:term":[{"taxonomy":"product_brand","embeddable":true,"href":"https:\/\/odlicno.si\/de\/wp-json\/wp\/v2\/product_brand?post=8256"},{"taxonomy":"product_cat","embeddable":true,"href":"https:\/\/odlicno.si\/de\/wp-json\/wp\/v2\/product_cat?post=8256"},{"taxonomy":"product_tag","embeddable":true,"href":"https:\/\/odlicno.si\/de\/wp-json\/wp\/v2\/product_tag?post=8256"}],"curies":[{"name":"wp","href":"https:\/\/api.w.org\/{rel}","templated":true}]}}