{"id":8255,"date":"2024-12-02T11:30:55","date_gmt":"2024-12-02T10:30:55","guid":{"rendered":"https:\/\/odlicno.mojwww.si\/?post_type=product&#038;p=8255"},"modified":"2025-08-28T06:36:06","modified_gmt":"2025-08-28T05:36:06","slug":"odlicno-erdnuesse-geroestet-gesalzen-200-g","status":"publish","type":"product","link":"https:\/\/odlicno.si\/de\/produkte\/nusse-samen\/erdnusse\/odlicno-erdnuesse-geroestet-gesalzen-200-g\/","title":{"rendered":"Ger\u00f6stete &amp; gesalzene Erdn\u00fcsse Odli\u010dno 200g"},"content":{"rendered":"<p>Die Erdn\u00fcsse werden in Sonnenblumen\u00f6l ger\u00f6stet und gesalzen. Sie sind der perfekte knusprige Snack f\u00fcr alle Gelegenheiten.<\/p>\n","protected":false},"excerpt":{"rendered":"<p>Die Erdn\u00fcsse werden in Sonnenblumen\u00f6l ger\u00f6stet und gesalzen. Sie sind der perfekte knusprige Snack f\u00fcr alle Gelegenheiten.<\/p>\n","protected":false},"featured_media":4334,"template":"","meta":{"_acf_changed":false},"product_brand":[],"product_cat":[285,106,258,111,107,109,270],"product_tag":[],"class_list":{"0":"post-8255","1":"product","2":"type-product","3":"status-publish","4":"has-post-thumbnail","6":"product_cat-100-g-300-g-de","7":"product_cat-erdnusse","8":"product_cat-fur-ausfluge-wanderungen","9":"product_cat-mischungen-snacks","10":"product_cat-nusse-samen","11":"product_cat-snacks","12":"product_cat-unterhaltung-events","14":"first","15":"instock","16":"taxable","17":"shipping-taxable","18":"purchasable","19":"product-type-simple"},"acf":[],"mb":[],"jetpack_sharing_enabled":true,"mfb_rest_fields":["title","jetpack_sharing_enabled"],"_links":{"self":[{"href":"https:\/\/odlicno.si\/de\/wp-json\/wp\/v2\/product\/8255","targetHints":{"allow":["GET"]}}],"collection":[{"href":"https:\/\/odlicno.si\/de\/wp-json\/wp\/v2\/product"}],"about":[{"href":"https:\/\/odlicno.si\/de\/wp-json\/wp\/v2\/types\/product"}],"wp:featuredmedia":[{"embeddable":true,"href":"https:\/\/odlicno.si\/de\/wp-json\/wp\/v2\/media\/4334"}],"wp:attachment":[{"href":"https:\/\/odlicno.si\/de\/wp-json\/wp\/v2\/media?parent=8255"}],"wp:term":[{"taxonomy":"product_brand","embeddable":true,"href":"https:\/\/odlicno.si\/de\/wp-json\/wp\/v2\/product_brand?post=8255"},{"taxonomy":"product_cat","embeddable":true,"href":"https:\/\/odlicno.si\/de\/wp-json\/wp\/v2\/product_cat?post=8255"},{"taxonomy":"product_tag","embeddable":true,"href":"https:\/\/odlicno.si\/de\/wp-json\/wp\/v2\/product_tag?post=8255"}],"curies":[{"name":"wp","href":"https:\/\/api.w.org\/{rel}","templated":true}]}}