{"id":8247,"date":"2024-12-02T11:40:50","date_gmt":"2024-12-02T10:40:50","guid":{"rendered":"https:\/\/odlicno.mojwww.si\/?post_type=product&#038;p=8247"},"modified":"2025-01-05T00:28:11","modified_gmt":"2025-01-04T23:28:11","slug":"bio-rote-linsen","status":"publish","type":"product","link":"https:\/\/odlicno.si\/de\/produkte\/500-g-1000-g-de\/bio-rote-linsen\/","title":{"rendered":"Bio Rote Linsen 1000 g"},"content":{"rendered":"<p>Vielseitige rote Linsen aus kontrolliert biologischem Anbau bereichern den t\u00e4glichen Speiseplan. Im Gegensatz zu Gr\u00fcn (das 45 Minuten zum Kochen ben\u00f6tigt) wird Rot in nur 20 Minuten gekocht. Wir empfehlen es besonders f\u00fcr diejenigen, die Fleischprodukte (gelegentlich) meiden.<\/p>\n","protected":false},"excerpt":{"rendered":"<p>Vielseitige rote Linsen aus kontrolliert biologischem Anbau bereichern den t\u00e4glichen Speiseplan. Im Gegensatz zu Gr\u00fcn (das 45 Minuten zum Kochen ben\u00f6tigt) wird Rot in nur 20 Minuten gekocht. Wir empfehlen es besonders f\u00fcr diejenigen, die Fleischprodukte (gelegentlich) meiden.<\/p>\n","protected":false},"featured_media":5723,"template":"","meta":{"_acf_changed":false},"product_brand":[],"product_cat":[293,273,84,112,261],"product_tag":[],"class_list":{"0":"post-8247","1":"product","2":"type-product","3":"status-publish","4":"has-post-thumbnail","6":"product_cat-500-g-1000-g-de","7":"product_cat-aufstocken-weil-es-sich-lohnt","8":"product_cat-bio","9":"product_cat-huelsenfruechte","10":"product_cat-kochen","12":"first","13":"instock","14":"taxable","15":"shipping-taxable","16":"purchasable","17":"product-type-simple"},"acf":[],"mb":[],"jetpack_sharing_enabled":true,"mfb_rest_fields":["title","jetpack_sharing_enabled"],"_links":{"self":[{"href":"https:\/\/odlicno.si\/de\/wp-json\/wp\/v2\/product\/8247","targetHints":{"allow":["GET"]}}],"collection":[{"href":"https:\/\/odlicno.si\/de\/wp-json\/wp\/v2\/product"}],"about":[{"href":"https:\/\/odlicno.si\/de\/wp-json\/wp\/v2\/types\/product"}],"wp:featuredmedia":[{"embeddable":true,"href":"https:\/\/odlicno.si\/de\/wp-json\/wp\/v2\/media\/5723"}],"wp:attachment":[{"href":"https:\/\/odlicno.si\/de\/wp-json\/wp\/v2\/media?parent=8247"}],"wp:term":[{"taxonomy":"product_brand","embeddable":true,"href":"https:\/\/odlicno.si\/de\/wp-json\/wp\/v2\/product_brand?post=8247"},{"taxonomy":"product_cat","embeddable":true,"href":"https:\/\/odlicno.si\/de\/wp-json\/wp\/v2\/product_cat?post=8247"},{"taxonomy":"product_tag","embeddable":true,"href":"https:\/\/odlicno.si\/de\/wp-json\/wp\/v2\/product_tag?post=8247"}],"curies":[{"name":"wp","href":"https:\/\/api.w.org\/{rel}","templated":true}]}}