{"id":8246,"date":"2024-12-02T11:40:50","date_gmt":"2024-12-02T10:40:50","guid":{"rendered":"https:\/\/odlicno.mojwww.si\/?post_type=product&#038;p=8246"},"modified":"2025-01-05T00:26:12","modified_gmt":"2025-01-04T23:26:12","slug":"bio-rosinen","status":"publish","type":"product","link":"https:\/\/odlicno.si\/de\/produkte\/500-g-1000-g-de\/bio-rosinen\/","title":{"rendered":"Bio Rosinen 1000 g"},"content":{"rendered":"<p>Nat\u00fcrlich s\u00fc\u00dfe gro\u00dfe goldene Rosinen sind eine gro\u00dfartige Wahl f\u00fcr Ihre t\u00e4gliche Ern\u00e4hrung. Sie k\u00f6nnen auch zum Backen und Zubereiten exotischer Gerichte verwendet werden.<\/p>\n<p><span style=\"font-size: 11.0pt;\"><span style=\"line-height: 107%;\"><span style=\"font-family: 'Calibri',sans-serif;\">Der reduzierte Preis gilt f\u00fcr Produkte mit Mindesthaltbarkeitsdatum 30.11.2022.<\/span><\/span><\/span><\/p>\n","protected":false},"excerpt":{"rendered":"<p>Nat\u00fcrlich s\u00fc\u00dfe gro\u00dfe goldene Rosinen sind eine gro\u00dfartige Wahl f\u00fcr Ihre t\u00e4gliche Ern\u00e4hrung. Sie k\u00f6nnen auch zum Backen und Zubereiten exotischer Gerichte verwendet werden. Der reduzierte Preis gilt f\u00fcr Produkte mit Mindesthaltbarkeitsdatum 30.11.2022.<\/p>\n","protected":false},"featured_media":5719,"template":"","meta":{"_acf_changed":false},"product_brand":[],"product_cat":[293,273,267,84],"product_tag":[],"class_list":{"0":"post-8246","1":"product","2":"type-product","3":"status-publish","4":"has-post-thumbnail","6":"product_cat-500-g-1000-g-de","7":"product_cat-aufstocken-weil-es-sich-lohnt","8":"product_cat-backen","9":"product_cat-bio","11":"first","12":"outofstock","13":"taxable","14":"shipping-taxable","15":"purchasable","16":"product-type-simple"},"acf":[],"mb":[],"jetpack_sharing_enabled":true,"mfb_rest_fields":["title","jetpack_sharing_enabled"],"_links":{"self":[{"href":"https:\/\/odlicno.si\/de\/wp-json\/wp\/v2\/product\/8246","targetHints":{"allow":["GET"]}}],"collection":[{"href":"https:\/\/odlicno.si\/de\/wp-json\/wp\/v2\/product"}],"about":[{"href":"https:\/\/odlicno.si\/de\/wp-json\/wp\/v2\/types\/product"}],"wp:featuredmedia":[{"embeddable":true,"href":"https:\/\/odlicno.si\/de\/wp-json\/wp\/v2\/media\/5719"}],"wp:attachment":[{"href":"https:\/\/odlicno.si\/de\/wp-json\/wp\/v2\/media?parent=8246"}],"wp:term":[{"taxonomy":"product_brand","embeddable":true,"href":"https:\/\/odlicno.si\/de\/wp-json\/wp\/v2\/product_brand?post=8246"},{"taxonomy":"product_cat","embeddable":true,"href":"https:\/\/odlicno.si\/de\/wp-json\/wp\/v2\/product_cat?post=8246"},{"taxonomy":"product_tag","embeddable":true,"href":"https:\/\/odlicno.si\/de\/wp-json\/wp\/v2\/product_tag?post=8246"}],"curies":[{"name":"wp","href":"https:\/\/api.w.org\/{rel}","templated":true}]}}