{"id":8241,"date":"2024-12-02T11:40:49","date_gmt":"2024-12-02T10:40:49","guid":{"rendered":"https:\/\/odlicno.mojwww.si\/?post_type=product&#038;p=8241"},"modified":"2024-12-03T13:27:14","modified_gmt":"2024-12-03T12:27:14","slug":"datteln-gesuesst-odlicno-180-g","status":"publish","type":"product","link":"https:\/\/odlicno.si\/de\/produkte\/backen\/datteln-gesuesst-odlicno-180-g\/","title":{"rendered":"Datteln ges\u00fc\u00dft Odli\u010dno, 180 g"},"content":{"rendered":"<p>Trockene Datteln mit ausgezeichnetem Karamellaroma und cremiger Textur.<\/p>\n","protected":false},"excerpt":{"rendered":"<p>Trockene Datteln mit ausgezeichnetem Karamellaroma und cremiger Textur.<\/p>\n","protected":false},"featured_media":5699,"template":"","meta":{"_acf_changed":false},"product_brand":[],"product_cat":[267,101],"product_tag":[],"class_list":{"0":"post-8241","1":"product","2":"type-product","3":"status-publish","4":"has-post-thumbnail","6":"product_cat-backen","7":"product_cat-trockenfruchte","9":"first","10":"instock","11":"taxable","12":"shipping-taxable","13":"purchasable","14":"product-type-simple"},"acf":[],"mb":[],"jetpack_sharing_enabled":true,"mfb_rest_fields":["title","jetpack_sharing_enabled"],"_links":{"self":[{"href":"https:\/\/odlicno.si\/de\/wp-json\/wp\/v2\/product\/8241","targetHints":{"allow":["GET"]}}],"collection":[{"href":"https:\/\/odlicno.si\/de\/wp-json\/wp\/v2\/product"}],"about":[{"href":"https:\/\/odlicno.si\/de\/wp-json\/wp\/v2\/types\/product"}],"wp:featuredmedia":[{"embeddable":true,"href":"https:\/\/odlicno.si\/de\/wp-json\/wp\/v2\/media\/5699"}],"wp:attachment":[{"href":"https:\/\/odlicno.si\/de\/wp-json\/wp\/v2\/media?parent=8241"}],"wp:term":[{"taxonomy":"product_brand","embeddable":true,"href":"https:\/\/odlicno.si\/de\/wp-json\/wp\/v2\/product_brand?post=8241"},{"taxonomy":"product_cat","embeddable":true,"href":"https:\/\/odlicno.si\/de\/wp-json\/wp\/v2\/product_cat?post=8241"},{"taxonomy":"product_tag","embeddable":true,"href":"https:\/\/odlicno.si\/de\/wp-json\/wp\/v2\/product_tag?post=8241"}],"curies":[{"name":"wp","href":"https:\/\/api.w.org\/{rel}","templated":true}]}}