{"id":8239,"date":"2024-12-02T11:40:49","date_gmt":"2024-12-02T10:40:49","guid":{"rendered":"https:\/\/odlicno.mojwww.si\/?post_type=product&#038;p=8239"},"modified":"2025-01-05T00:28:19","modified_gmt":"2025-01-04T23:28:19","slug":"bio-mango","status":"publish","type":"product","link":"https:\/\/odlicno.si\/de\/produkte\/500-g-1000-g-de\/bio-mango\/","title":{"rendered":"Bio mango 2 kg"},"content":{"rendered":"<p>Trockene Mango aus kontrolliert biologischem Anbau ist ohne Zuckerzusatz und Konservierungsstoffe, mit v\u00f6llig nat\u00fcrlichem Geschmack. Ein toller und farbenfroher Snack, dem Sie nicht widerstehen k\u00f6nnen.<\/p>\n<p>Preis f\u00fcr 1 kg = 19,50 \u20ac (15,60 \u20ac mit Rabatt).<\/p>\n","protected":false},"excerpt":{"rendered":"<p>Trockene Mango aus kontrolliert biologischem Anbau ist ohne Zuckerzusatz und Konservierungsstoffe, mit v\u00f6llig nat\u00fcrlichem Geschmack. Ein toller und farbenfroher Snack, dem Sie nicht widerstehen k\u00f6nnen. Preis f\u00fcr 1 kg = 19,50 \u20ac (15,60 \u20ac mit Rabatt).<\/p>\n","protected":false},"featured_media":11018,"template":"","meta":{"_acf_changed":false},"product_brand":[],"product_cat":[293,273,84],"product_tag":[],"class_list":{"0":"post-8239","1":"product","2":"type-product","3":"status-publish","4":"has-post-thumbnail","6":"product_cat-500-g-1000-g-de","7":"product_cat-aufstocken-weil-es-sich-lohnt","8":"product_cat-bio","10":"first","11":"instock","12":"taxable","13":"shipping-taxable","14":"purchasable","15":"product-type-simple"},"acf":[],"mb":[],"jetpack_sharing_enabled":true,"mfb_rest_fields":["title","jetpack_sharing_enabled"],"_links":{"self":[{"href":"https:\/\/odlicno.si\/de\/wp-json\/wp\/v2\/product\/8239","targetHints":{"allow":["GET"]}}],"collection":[{"href":"https:\/\/odlicno.si\/de\/wp-json\/wp\/v2\/product"}],"about":[{"href":"https:\/\/odlicno.si\/de\/wp-json\/wp\/v2\/types\/product"}],"wp:featuredmedia":[{"embeddable":true,"href":"https:\/\/odlicno.si\/de\/wp-json\/wp\/v2\/media\/11018"}],"wp:attachment":[{"href":"https:\/\/odlicno.si\/de\/wp-json\/wp\/v2\/media?parent=8239"}],"wp:term":[{"taxonomy":"product_brand","embeddable":true,"href":"https:\/\/odlicno.si\/de\/wp-json\/wp\/v2\/product_brand?post=8239"},{"taxonomy":"product_cat","embeddable":true,"href":"https:\/\/odlicno.si\/de\/wp-json\/wp\/v2\/product_cat?post=8239"},{"taxonomy":"product_tag","embeddable":true,"href":"https:\/\/odlicno.si\/de\/wp-json\/wp\/v2\/product_tag?post=8239"}],"curies":[{"name":"wp","href":"https:\/\/api.w.org\/{rel}","templated":true}]}}