{"id":8235,"date":"2024-12-02T11:30:51","date_gmt":"2024-12-02T10:30:51","guid":{"rendered":"https:\/\/odlicno.mojwww.si\/?post_type=product&#038;p=8235"},"modified":"2025-01-05T00:17:12","modified_gmt":"2025-01-04T23:17:12","slug":"trocken-geroestete-und-gesalzene-erdnuesse-odlicno-200-g","status":"publish","type":"product","link":"https:\/\/odlicno.si\/de\/produkte\/nusse-samen\/erdnusse\/trocken-geroestete-und-gesalzene-erdnuesse-odlicno-200-g\/","title":{"rendered":"Trocken ger\u00f6stete und gesalzene Erdn\u00fcsse Odli\u010dno, 200 g"},"content":{"rendered":"<p>Wir haben unseren Erdn\u00fcssen nur ein wenig Salz hinzugef\u00fcgt, ohne zus\u00e4tzliches \u00d6l ger\u00f6stet, und einen gro\u00dfartigen neuen Snack kreiert, den Sie einfach probieren m\u00fcssen!<\/p>\n","protected":false},"excerpt":{"rendered":"<p>Wir haben unseren Erdn\u00fcssen nur ein wenig Salz hinzugef\u00fcgt, ohne zus\u00e4tzliches \u00d6l ger\u00f6stet, und einen gro\u00dfartigen neuen Snack kreiert, den Sie einfach probieren m\u00fcssen!<\/p>\n","protected":false},"featured_media":4346,"template":"","meta":{"_acf_changed":false},"product_brand":[],"product_cat":[285,106,258,261,111,107,109,270],"product_tag":[],"class_list":{"0":"post-8235","1":"product","2":"type-product","3":"status-publish","4":"has-post-thumbnail","6":"product_cat-100-g-300-g-de","7":"product_cat-erdnusse","8":"product_cat-fur-ausfluge-wanderungen","9":"product_cat-kochen","10":"product_cat-mischungen-snacks","11":"product_cat-nusse-samen","12":"product_cat-snacks","13":"product_cat-unterhaltung-events","15":"first","16":"instock","17":"taxable","18":"shipping-taxable","19":"purchasable","20":"product-type-simple"},"acf":[],"mb":[],"jetpack_sharing_enabled":true,"mfb_rest_fields":["title","jetpack_sharing_enabled"],"_links":{"self":[{"href":"https:\/\/odlicno.si\/de\/wp-json\/wp\/v2\/product\/8235","targetHints":{"allow":["GET"]}}],"collection":[{"href":"https:\/\/odlicno.si\/de\/wp-json\/wp\/v2\/product"}],"about":[{"href":"https:\/\/odlicno.si\/de\/wp-json\/wp\/v2\/types\/product"}],"wp:featuredmedia":[{"embeddable":true,"href":"https:\/\/odlicno.si\/de\/wp-json\/wp\/v2\/media\/4346"}],"wp:attachment":[{"href":"https:\/\/odlicno.si\/de\/wp-json\/wp\/v2\/media?parent=8235"}],"wp:term":[{"taxonomy":"product_brand","embeddable":true,"href":"https:\/\/odlicno.si\/de\/wp-json\/wp\/v2\/product_brand?post=8235"},{"taxonomy":"product_cat","embeddable":true,"href":"https:\/\/odlicno.si\/de\/wp-json\/wp\/v2\/product_cat?post=8235"},{"taxonomy":"product_tag","embeddable":true,"href":"https:\/\/odlicno.si\/de\/wp-json\/wp\/v2\/product_tag?post=8235"}],"curies":[{"name":"wp","href":"https:\/\/api.w.org\/{rel}","templated":true}]}}