{"id":8234,"date":"2024-12-02T11:30:50","date_gmt":"2024-12-02T10:30:50","guid":{"rendered":"https:\/\/odlicno.mojwww.si\/?post_type=product&#038;p=8234"},"modified":"2025-08-28T06:34:44","modified_gmt":"2025-08-28T05:34:44","slug":"cashewnuesse-trocken-geroestet-und-ungesalzen-125-g","status":"publish","type":"product","link":"https:\/\/odlicno.si\/de\/produkte\/nusse-samen\/nusse\/cashewnuesse-trocken-geroestet-und-ungesalzen-125-g\/","title":{"rendered":"Cashewn\u00fcsse, trocken ger\u00f6stet und ungesalzen, Odli\u010dno 125 g"},"content":{"rendered":"<p>Trocken ger\u00f6stete und ungesalzene Cashewn\u00fcsse werden in unserer eigenen R\u00f6sterei ger\u00f6stet. Sie sind eine hervorragende Proteinquelle und haben einen hohen Ballaststoffgehalt.<\/p>\n<p>Ein ausgezeichneter Knusper-Snack f\u00fcr Liebhaber ungesalzener Gerichte.<\/p>\n","protected":false},"excerpt":{"rendered":"<p>Trocken ger\u00f6stete und ungesalzene Cashewn\u00fcsse werden in unserer eigenen R\u00f6sterei ger\u00f6stet. Sie sind eine hervorragende Proteinquelle und haben einen hohen Ballaststoffgehalt. Ein ausgezeichneter Knusper-Snack f\u00fcr Liebhaber ungesalzener Gerichte.<\/p>\n","protected":false},"featured_media":4382,"template":"","meta":{"_acf_changed":false},"product_brand":[],"product_cat":[285,267,258,261,111,105,107,109,270],"product_tag":[],"class_list":{"0":"post-8234","1":"product","2":"type-product","3":"status-publish","4":"has-post-thumbnail","6":"product_cat-100-g-300-g-de","7":"product_cat-backen","8":"product_cat-fur-ausfluge-wanderungen","9":"product_cat-kochen","10":"product_cat-mischungen-snacks","11":"product_cat-nusse","12":"product_cat-nusse-samen","13":"product_cat-snacks","14":"product_cat-unterhaltung-events","16":"first","17":"instock","18":"taxable","19":"shipping-taxable","20":"purchasable","21":"product-type-simple"},"acf":[],"mb":[],"jetpack_sharing_enabled":true,"mfb_rest_fields":["title","jetpack_sharing_enabled"],"_links":{"self":[{"href":"https:\/\/odlicno.si\/de\/wp-json\/wp\/v2\/product\/8234","targetHints":{"allow":["GET"]}}],"collection":[{"href":"https:\/\/odlicno.si\/de\/wp-json\/wp\/v2\/product"}],"about":[{"href":"https:\/\/odlicno.si\/de\/wp-json\/wp\/v2\/types\/product"}],"wp:featuredmedia":[{"embeddable":true,"href":"https:\/\/odlicno.si\/de\/wp-json\/wp\/v2\/media\/4382"}],"wp:attachment":[{"href":"https:\/\/odlicno.si\/de\/wp-json\/wp\/v2\/media?parent=8234"}],"wp:term":[{"taxonomy":"product_brand","embeddable":true,"href":"https:\/\/odlicno.si\/de\/wp-json\/wp\/v2\/product_brand?post=8234"},{"taxonomy":"product_cat","embeddable":true,"href":"https:\/\/odlicno.si\/de\/wp-json\/wp\/v2\/product_cat?post=8234"},{"taxonomy":"product_tag","embeddable":true,"href":"https:\/\/odlicno.si\/de\/wp-json\/wp\/v2\/product_tag?post=8234"}],"curies":[{"name":"wp","href":"https:\/\/api.w.org\/{rel}","templated":true}]}}