{"id":16003,"date":"2026-01-26T13:26:47","date_gmt":"2026-01-26T12:26:47","guid":{"rendered":"https:\/\/odlicno.si\/trgovina\/unkategorisiert\/natuerliche-medjool-datteln-500-g\/"},"modified":"2026-04-23T11:35:40","modified_gmt":"2026-04-23T10:35:40","slug":"natuerliche-medjool-datteln-500-g","status":"publish","type":"product","link":"https:\/\/odlicno.si\/de\/produkte\/300-g-500-g-de\/natuerliche-medjool-datteln-500-g\/","title":{"rendered":"Nat\u00fcrliche Medjool-Datteln 500 g"},"content":{"rendered":"<p class=\"text-align-justify\">Medjool-Datteln sind f\u00fcr ihre zarte Textur bekannt. Mit einer nat\u00fcrlichen S\u00fc\u00dfe, die an karamellisierten Zucker erinnert, sind Medjool-Datteln eine gute Wahl f\u00fcr alle, die den s\u00fc\u00dfen Geschmack der Natur genie\u00dfen m\u00f6chten, ohne auf Zuckerzusatz zur\u00fcckzugreifen. Der darin enthaltene Zucker wird langsam freigesetzt, wodurch Energie ohne pl\u00f6tzliche Schwankungen bereitgestellt wird.<\/p>\n<p>Diese saftigen Datteln sind nicht nur lecker, sondern auch reich an nat\u00fcrlichen N\u00e4hrstoffen und somit eine tolle Erg\u00e4nzung zu einer gesunden Ern\u00e4hrung.<\/p>\n<p>Medjool-Datteln sind mehr als nur ein Snack. Sie k\u00f6nnen sie zu einer Vielzahl von Gerichten wie Smoothies, Salaten, Desserts oder sogar Fleischgerichten hinzuf\u00fcgen, um eine nat\u00fcrliche S\u00fc\u00dfe und einen reicheren Geschmack zu erzielen.<\/p>\n<p>Premium Qualit\u00e4t<\/p>\n<p>&nbsp;<\/p>\n","protected":false},"excerpt":{"rendered":"<p>Medjool-Datteln sind f\u00fcr ihre zarte Textur bekannt. Mit einer nat\u00fcrlichen S\u00fc\u00dfe, die an karamellisierten Zucker erinnert, sind Medjool-Datteln eine gute Wahl f\u00fcr alle, die den s\u00fc\u00dfen Geschmack der Natur genie\u00dfen m\u00f6chten, ohne auf Zuckerzusatz zur\u00fcckzugreifen. Der darin enthaltene Zucker wird langsam freigesetzt, wodurch Energie ohne pl\u00f6tzliche Schwankungen bereitgestellt wird. Diese saftigen Datteln sind nicht nur [&hellip;]<\/p>\n","protected":false},"featured_media":14750,"template":"","meta":{"_acf_changed":false},"product_brand":[],"product_cat":[290,267,258,261,101],"product_tag":[],"class_list":{"0":"post-16003","1":"product","2":"type-product","3":"status-publish","4":"has-post-thumbnail","6":"product_cat-300-g-500-g-de","7":"product_cat-backen","8":"product_cat-fur-ausfluge-wanderungen","9":"product_cat-kochen","10":"product_cat-trockenfruchte","12":"first","13":"instock","14":"taxable","15":"shipping-taxable","16":"purchasable","17":"product-type-simple"},"acf":[],"mb":[],"jetpack_sharing_enabled":true,"mfb_rest_fields":["title","jetpack_sharing_enabled"],"_links":{"self":[{"href":"https:\/\/odlicno.si\/de\/wp-json\/wp\/v2\/product\/16003","targetHints":{"allow":["GET"]}}],"collection":[{"href":"https:\/\/odlicno.si\/de\/wp-json\/wp\/v2\/product"}],"about":[{"href":"https:\/\/odlicno.si\/de\/wp-json\/wp\/v2\/types\/product"}],"wp:featuredmedia":[{"embeddable":true,"href":"https:\/\/odlicno.si\/de\/wp-json\/wp\/v2\/media\/14750"}],"wp:attachment":[{"href":"https:\/\/odlicno.si\/de\/wp-json\/wp\/v2\/media?parent=16003"}],"wp:term":[{"taxonomy":"product_brand","embeddable":true,"href":"https:\/\/odlicno.si\/de\/wp-json\/wp\/v2\/product_brand?post=16003"},{"taxonomy":"product_cat","embeddable":true,"href":"https:\/\/odlicno.si\/de\/wp-json\/wp\/v2\/product_cat?post=16003"},{"taxonomy":"product_tag","embeddable":true,"href":"https:\/\/odlicno.si\/de\/wp-json\/wp\/v2\/product_tag?post=16003"}],"curies":[{"name":"wp","href":"https:\/\/api.w.org\/{rel}","templated":true}]}}