{"id":12074,"date":"2025-06-16T12:35:46","date_gmt":"2025-06-16T11:35:46","guid":{"rendered":"https:\/\/odlicno.si\/?post_type=product&#038;p=12074"},"modified":"2025-07-07T13:08:16","modified_gmt":"2025-07-07T12:08:16","slug":"cranberries-in-milchschokolade-on-the-go-odlicno-40-g","status":"publish","type":"product","link":"https:\/\/odlicno.si\/de\/produkte\/35-g-60-g-de\/cranberries-in-milchschokolade-on-the-go-odlicno-40-g\/","title":{"rendered":"Cranberries in Milchschokolade On the go Odli\u010dno 40 g"},"content":{"rendered":"<p>Genie\u00dfen Sie die k\u00f6stliche Kombination aus saftigen Cranberries und zarter Milchschokolade \u2013 \u00fcberall und jederzeit. Die praktische \u201eOn the go\u201c-Verpackung erm\u00f6glicht s\u00fc\u00dfe Verw\u00f6hnmomente zu Hause, im B\u00fcro oder unterwegs.<\/p>\n<p>Genie\u00dfen Sie s\u00fc\u00dfe Momente!<\/p>\n","protected":false},"excerpt":{"rendered":"<p>Genie\u00dfen Sie die k\u00f6stliche Kombination aus saftigen Cranberries und zarter Milchschokolade \u2013 \u00fcberall und jederzeit. Die praktische \u201eOn the go\u201c-Verpackung erm\u00f6glicht s\u00fc\u00dfe Verw\u00f6hnmomente zu Hause, im B\u00fcro oder unterwegs. Genie\u00dfen Sie s\u00fc\u00dfe Momente!<\/p>\n","protected":false},"featured_media":11778,"template":"","meta":{"_acf_changed":false},"product_brand":[],"product_cat":[280,258,252,264,100,270],"product_tag":[],"class_list":{"0":"post-12074","1":"product","2":"type-product","3":"status-publish","4":"has-post-thumbnail","6":"product_cat-35-g-60-g-de","7":"product_cat-fur-ausfluge-wanderungen","8":"product_cat-fur-schokoholics","9":"product_cat-fur-ubrigens","10":"product_cat-schoko","11":"product_cat-unterhaltung-events","13":"first","14":"instock","15":"featured","16":"taxable","17":"shipping-taxable","18":"purchasable","19":"product-type-simple"},"acf":[],"mb":[],"jetpack_sharing_enabled":true,"mfb_rest_fields":["title","jetpack_sharing_enabled"],"_links":{"self":[{"href":"https:\/\/odlicno.si\/de\/wp-json\/wp\/v2\/product\/12074","targetHints":{"allow":["GET"]}}],"collection":[{"href":"https:\/\/odlicno.si\/de\/wp-json\/wp\/v2\/product"}],"about":[{"href":"https:\/\/odlicno.si\/de\/wp-json\/wp\/v2\/types\/product"}],"wp:featuredmedia":[{"embeddable":true,"href":"https:\/\/odlicno.si\/de\/wp-json\/wp\/v2\/media\/11778"}],"wp:attachment":[{"href":"https:\/\/odlicno.si\/de\/wp-json\/wp\/v2\/media?parent=12074"}],"wp:term":[{"taxonomy":"product_brand","embeddable":true,"href":"https:\/\/odlicno.si\/de\/wp-json\/wp\/v2\/product_brand?post=12074"},{"taxonomy":"product_cat","embeddable":true,"href":"https:\/\/odlicno.si\/de\/wp-json\/wp\/v2\/product_cat?post=12074"},{"taxonomy":"product_tag","embeddable":true,"href":"https:\/\/odlicno.si\/de\/wp-json\/wp\/v2\/product_tag?post=12074"}],"curies":[{"name":"wp","href":"https:\/\/api.w.org\/{rel}","templated":true}]}}