{"id":12070,"date":"2025-06-16T12:45:34","date_gmt":"2025-06-16T11:45:34","guid":{"rendered":"https:\/\/odlicno.si\/trgovina\/unkategorisiert\/geroestete-und-gesalzene-erdnuesse-on-the-go-odlicno-50-g\/"},"modified":"2025-06-16T12:45:34","modified_gmt":"2025-06-16T11:45:34","slug":"geroestete-und-gesalzene-erdnuesse-on-the-go-odlicno-50-g","status":"publish","type":"product","link":"https:\/\/odlicno.si\/de\/produkte\/nusse-samen\/erdnusse\/geroestete-und-gesalzene-erdnuesse-on-the-go-odlicno-50-g\/","title":{"rendered":"Ger\u00f6stete und gesalzene Erdn\u00fcsse On the go Odli\u010dno 50 g"},"content":{"rendered":"<p>Ger\u00f6stete und gesalzene Erdn\u00fcsse <strong>aus unserer Hausr\u00f6sterei<\/strong>. Ein klassischer Snack in praktischer Verpackung \u2013 ideal f\u00fcr den schnellen Hunger unterwegs. Unsere sorgf\u00e4ltig ausgew\u00e4hlten Erdn\u00fcsse werden schonend ger\u00f6stet f\u00fcr vollen Geschmack und leicht gesalzen f\u00fcr die perfekte Balance.   <\/p>\n<blockquote><p>Genie\u00dfen Sie die Knusprigkeit!<\/p><\/blockquote>\n<p>&nbsp;<\/p>\n","protected":false},"excerpt":{"rendered":"<p>Ger\u00f6stete und gesalzene Erdn\u00fcsse aus unserer Hausr\u00f6sterei. Ein klassischer Snack in praktischer Verpackung \u2013 ideal f\u00fcr den schnellen Hunger unterwegs. Unsere sorgf\u00e4ltig ausgew\u00e4hlten Erdn\u00fcsse werden schonend ger\u00f6stet f\u00fcr vollen Geschmack und leicht gesalzen f\u00fcr die perfekte Balance. Genie\u00dfen Sie die Knusprigkeit! &nbsp;<\/p>\n","protected":false},"featured_media":11783,"template":"","meta":{"_acf_changed":false},"product_brand":[],"product_cat":[280,106,258,264,107,109,270],"product_tag":[],"class_list":{"0":"post-12070","1":"product","2":"type-product","3":"status-publish","4":"has-post-thumbnail","6":"product_cat-35-g-60-g-de","7":"product_cat-erdnusse","8":"product_cat-fur-ausfluge-wanderungen","9":"product_cat-fur-ubrigens","10":"product_cat-nusse-samen","11":"product_cat-snacks","12":"product_cat-unterhaltung-events","14":"first","15":"instock","16":"featured","17":"taxable","18":"shipping-taxable","19":"purchasable","20":"product-type-simple"},"acf":[],"mb":[],"jetpack_sharing_enabled":true,"mfb_rest_fields":["title","jetpack_sharing_enabled"],"_links":{"self":[{"href":"https:\/\/odlicno.si\/de\/wp-json\/wp\/v2\/product\/12070","targetHints":{"allow":["GET"]}}],"collection":[{"href":"https:\/\/odlicno.si\/de\/wp-json\/wp\/v2\/product"}],"about":[{"href":"https:\/\/odlicno.si\/de\/wp-json\/wp\/v2\/types\/product"}],"wp:featuredmedia":[{"embeddable":true,"href":"https:\/\/odlicno.si\/de\/wp-json\/wp\/v2\/media\/11783"}],"wp:attachment":[{"href":"https:\/\/odlicno.si\/de\/wp-json\/wp\/v2\/media?parent=12070"}],"wp:term":[{"taxonomy":"product_brand","embeddable":true,"href":"https:\/\/odlicno.si\/de\/wp-json\/wp\/v2\/product_brand?post=12070"},{"taxonomy":"product_cat","embeddable":true,"href":"https:\/\/odlicno.si\/de\/wp-json\/wp\/v2\/product_cat?post=12070"},{"taxonomy":"product_tag","embeddable":true,"href":"https:\/\/odlicno.si\/de\/wp-json\/wp\/v2\/product_tag?post=12070"}],"curies":[{"name":"wp","href":"https:\/\/api.w.org\/{rel}","templated":true}]}}