{"id":12066,"date":"2025-06-16T12:51:55","date_gmt":"2025-06-16T11:51:55","guid":{"rendered":"https:\/\/odlicno.si\/?post_type=product&#038;p=12066"},"modified":"2025-07-07T12:01:37","modified_gmt":"2025-07-07T11:01:37","slug":"erdnuesse-mais-geroestet-und-gesalzen-on-the-go-odlicno-45-g","status":"publish","type":"product","link":"https:\/\/odlicno.si\/de\/produkte\/mischungen-snacks\/snacks\/erdnuesse-mais-geroestet-und-gesalzen-on-the-go-odlicno-45-g\/","title":{"rendered":"Erdn\u00fcsse &#038; Mais, ger\u00f6stet und gesalzen On the go Odli\u010dno 45 g"},"content":{"rendered":"<p>Eine einzigartige Kombination aus knackigen Erdn\u00fcssen und Maisk\u00f6rnern \u2013 perfekt ger\u00f6stet und leicht gesalzen f\u00fcr einen authentischen, vollmundigen Geschmack. Ein Snack, der Klassik und Moderne vereint, in einer praktischen Verpackung f\u00fcr jeden Anlass.<\/p>\n<p>Genie\u00dfen Sie den Knuspergenuss!<\/p>\n","protected":false},"excerpt":{"rendered":"<p>Eine einzigartige Kombination aus knackigen Erdn\u00fcssen und Maisk\u00f6rnern \u2013 perfekt ger\u00f6stet und leicht gesalzen f\u00fcr einen authentischen, vollmundigen Geschmack. Ein Snack, der Klassik und Moderne vereint, in einer praktischen Verpackung f\u00fcr jeden Anlass. Genie\u00dfen Sie den Knuspergenuss!<\/p>\n","protected":false},"featured_media":11788,"template":"","meta":{"_acf_changed":false},"product_brand":[],"product_cat":[280,258,264,111,109,270],"product_tag":[],"class_list":{"0":"post-12066","1":"product","2":"type-product","3":"status-publish","4":"has-post-thumbnail","6":"product_cat-35-g-60-g-de","7":"product_cat-fur-ausfluge-wanderungen","8":"product_cat-fur-ubrigens","9":"product_cat-mischungen-snacks","10":"product_cat-snacks","11":"product_cat-unterhaltung-events","13":"first","14":"instock","15":"featured","16":"taxable","17":"shipping-taxable","18":"purchasable","19":"product-type-simple"},"acf":[],"mb":[],"jetpack_sharing_enabled":true,"mfb_rest_fields":["title","jetpack_sharing_enabled"],"_links":{"self":[{"href":"https:\/\/odlicno.si\/de\/wp-json\/wp\/v2\/product\/12066","targetHints":{"allow":["GET"]}}],"collection":[{"href":"https:\/\/odlicno.si\/de\/wp-json\/wp\/v2\/product"}],"about":[{"href":"https:\/\/odlicno.si\/de\/wp-json\/wp\/v2\/types\/product"}],"wp:featuredmedia":[{"embeddable":true,"href":"https:\/\/odlicno.si\/de\/wp-json\/wp\/v2\/media\/11788"}],"wp:attachment":[{"href":"https:\/\/odlicno.si\/de\/wp-json\/wp\/v2\/media?parent=12066"}],"wp:term":[{"taxonomy":"product_brand","embeddable":true,"href":"https:\/\/odlicno.si\/de\/wp-json\/wp\/v2\/product_brand?post=12066"},{"taxonomy":"product_cat","embeddable":true,"href":"https:\/\/odlicno.si\/de\/wp-json\/wp\/v2\/product_cat?post=12066"},{"taxonomy":"product_tag","embeddable":true,"href":"https:\/\/odlicno.si\/de\/wp-json\/wp\/v2\/product_tag?post=12066"}],"curies":[{"name":"wp","href":"https:\/\/api.w.org\/{rel}","templated":true}]}}