{"id":11570,"date":"2025-03-27T08:36:34","date_gmt":"2025-03-27T07:36:34","guid":{"rendered":"https:\/\/odlicno.si\/?post_type=product&#038;p=11570"},"modified":"2025-05-22T11:57:48","modified_gmt":"2025-05-22T10:57:48","slug":"geroestete-und-gesalzene-erdnuesse-on-the-go-odlicno-100-g","status":"publish","type":"product","link":"https:\/\/odlicno.si\/de\/produkte\/nusse-samen\/erdnusse\/geroestete-und-gesalzene-erdnuesse-on-the-go-odlicno-100-g\/","title":{"rendered":"Ger\u00f6stete und gesalzene Erdn\u00fcsse On the go Odli\u010dno 100 g"},"content":{"rendered":"<p>Erdn\u00fcsse ger\u00f6stet und gesalzen. F\u00fcr unterwegs sind sorgf\u00e4ltig ausgew\u00e4hlte und ger\u00f6stete Erdn\u00fcsse mit Salzzusatz f\u00fcr einen ausgewogenen Geschmack.<strong> Die Verpackung ist praktisch f\u00fcr unterwegs, bei der Arbeit oder beim Sport.<\/strong> Erdn\u00fcsse sind eine nat\u00fcrliche Quelle f\u00fcr Protein, Ballaststoffe und gesunde Fette und tragen so zu einer ausgewogenen Ern\u00e4hrung bei.<\/p>\n<p>F\u00fcr jede Reise und jedes Abenteuer!<\/p>\n","protected":false},"excerpt":{"rendered":"<p>Erdn\u00fcsse ger\u00f6stet und gesalzen. F\u00fcr unterwegs sind sorgf\u00e4ltig ausgew\u00e4hlte und ger\u00f6stete Erdn\u00fcsse mit Salzzusatz f\u00fcr einen ausgewogenen Geschmack. Die Verpackung ist praktisch f\u00fcr unterwegs, bei der Arbeit oder beim Sport. Erdn\u00fcsse sind eine nat\u00fcrliche Quelle f\u00fcr Protein, Ballaststoffe und gesunde Fette und tragen so zu einer ausgewogenen Ern\u00e4hrung bei. F\u00fcr jede Reise und jedes Abenteuer!<\/p>\n","protected":false},"featured_media":10911,"template":"","meta":{"_acf_changed":false},"product_brand":[],"product_cat":[285,282,106,258,264,107,109],"product_tag":[],"class_list":{"0":"post-11570","1":"product","2":"type-product","3":"status-publish","4":"has-post-thumbnail","6":"product_cat-100-g-300-g-de","7":"product_cat-60-g-100-g-de","8":"product_cat-erdnusse","9":"product_cat-fur-ausfluge-wanderungen","10":"product_cat-fur-ubrigens","11":"product_cat-nusse-samen","12":"product_cat-snacks","14":"first","15":"instock","16":"taxable","17":"shipping-taxable","18":"purchasable","19":"product-type-simple"},"acf":[],"mb":[],"jetpack_sharing_enabled":true,"mfb_rest_fields":["title","jetpack_sharing_enabled"],"_links":{"self":[{"href":"https:\/\/odlicno.si\/de\/wp-json\/wp\/v2\/product\/11570","targetHints":{"allow":["GET"]}}],"collection":[{"href":"https:\/\/odlicno.si\/de\/wp-json\/wp\/v2\/product"}],"about":[{"href":"https:\/\/odlicno.si\/de\/wp-json\/wp\/v2\/types\/product"}],"wp:featuredmedia":[{"embeddable":true,"href":"https:\/\/odlicno.si\/de\/wp-json\/wp\/v2\/media\/10911"}],"wp:attachment":[{"href":"https:\/\/odlicno.si\/de\/wp-json\/wp\/v2\/media?parent=11570"}],"wp:term":[{"taxonomy":"product_brand","embeddable":true,"href":"https:\/\/odlicno.si\/de\/wp-json\/wp\/v2\/product_brand?post=11570"},{"taxonomy":"product_cat","embeddable":true,"href":"https:\/\/odlicno.si\/de\/wp-json\/wp\/v2\/product_cat?post=11570"},{"taxonomy":"product_tag","embeddable":true,"href":"https:\/\/odlicno.si\/de\/wp-json\/wp\/v2\/product_tag?post=11570"}],"curies":[{"name":"wp","href":"https:\/\/api.w.org\/{rel}","templated":true}]}}