{"id":11562,"date":"2025-04-25T13:23:20","date_gmt":"2025-04-25T12:23:20","guid":{"rendered":"https:\/\/odlicno.si\/?post_type=product&#038;p=11562"},"modified":"2025-05-22T11:09:11","modified_gmt":"2025-05-22T10:09:11","slug":"pistazienaufstrich-odlicno-200-g","status":"publish","type":"product","link":"https:\/\/odlicno.si\/de\/produkte\/100-g-300-g-de\/pistazienaufstrich-odlicno-200-g\/","title":{"rendered":"Pistazienaufstrich Odli\u010dno 200 g"},"content":{"rendered":"<p>Pistazienaufstrich mit einem hohen Pistazienanteil von 50 %. Er zeichnet sich durch einen vollen, nat\u00fcrlichen Geschmack ohne Zusatz von Farb- und k\u00fcnstlichen Aromen aus.<\/p>\n<p>Die seidige Textur, die zarte S\u00fc\u00dfe und das ausgepr\u00e4gte Pistazienaroma sorgen f\u00fcr ein unvergessliches Erlebnis \u2013 ideal f\u00fcr Pfannkuchen, Toast oder einfach so zum Genie\u00dfen!<\/p>\n<blockquote><p>Ohne Zusatz von Farb- und Aromastoffen!<\/p><\/blockquote>\n","protected":false},"excerpt":{"rendered":"<p>Pistazienaufstrich mit einem hohen Pistazienanteil von 50 %. Er zeichnet sich durch einen vollen, nat\u00fcrlichen Geschmack ohne Zusatz von Farb- und k\u00fcnstlichen Aromen aus. Die seidige Textur, die zarte S\u00fc\u00dfe und das ausgepr\u00e4gte Pistazienaroma sorgen f\u00fcr ein unvergessliches Erlebnis \u2013 ideal f\u00fcr Pfannkuchen, Toast oder einfach so zum Genie\u00dfen! Ohne Zusatz von Farb- und Aromastoffen!<\/p>\n","protected":false},"featured_media":14314,"template":"","meta":{"_acf_changed":false},"product_brand":[],"product_cat":[285,108,267,261],"product_tag":[],"class_list":{"0":"post-11562","1":"product","2":"type-product","3":"status-publish","4":"has-post-thumbnail","6":"product_cat-100-g-300-g-de","7":"product_cat-aufstriche","8":"product_cat-backen","9":"product_cat-kochen","11":"first","12":"instock","13":"featured","14":"taxable","15":"shipping-taxable","16":"purchasable","17":"product-type-simple"},"acf":[],"mb":[],"jetpack_sharing_enabled":true,"mfb_rest_fields":["title","jetpack_sharing_enabled"],"_links":{"self":[{"href":"https:\/\/odlicno.si\/de\/wp-json\/wp\/v2\/product\/11562","targetHints":{"allow":["GET"]}}],"collection":[{"href":"https:\/\/odlicno.si\/de\/wp-json\/wp\/v2\/product"}],"about":[{"href":"https:\/\/odlicno.si\/de\/wp-json\/wp\/v2\/types\/product"}],"wp:featuredmedia":[{"embeddable":true,"href":"https:\/\/odlicno.si\/de\/wp-json\/wp\/v2\/media\/14314"}],"wp:attachment":[{"href":"https:\/\/odlicno.si\/de\/wp-json\/wp\/v2\/media?parent=11562"}],"wp:term":[{"taxonomy":"product_brand","embeddable":true,"href":"https:\/\/odlicno.si\/de\/wp-json\/wp\/v2\/product_brand?post=11562"},{"taxonomy":"product_cat","embeddable":true,"href":"https:\/\/odlicno.si\/de\/wp-json\/wp\/v2\/product_cat?post=11562"},{"taxonomy":"product_tag","embeddable":true,"href":"https:\/\/odlicno.si\/de\/wp-json\/wp\/v2\/product_tag?post=11562"}],"curies":[{"name":"wp","href":"https:\/\/api.w.org\/{rel}","templated":true}]}}