{"id":11559,"date":"2025-05-21T09:54:28","date_gmt":"2025-05-21T08:54:28","guid":{"rendered":"https:\/\/odlicno.si\/?post_type=product&#038;p=11559"},"modified":"2025-05-22T10:25:24","modified_gmt":"2025-05-22T09:25:24","slug":"zur-mix-klasik-odlicno-150-g","status":"publish","type":"product","link":"https:\/\/odlicno.si\/de\/produkte\/mischungen-snacks\/mischungen\/zur-mix-klasik-odlicno-150-g\/","title":{"rendered":"\u201c\u017dur Mix Klasik\u201d Odli\u010dno 150 g"},"content":{"rendered":"<p>Suchen Sie einen Snack, der alle Generationen begeistert? Der \u017dur Mix Klassik ist die richtige Wahl! In der praktischen 150-Gramm-Packung steckt eine k\u00f6stliche Kombination aus ger\u00f6steten und gesalzenen Erdn\u00fcssen, knusprig ger\u00f6stetem Mais und salzigen Crackern \u2013 die zusammen die perfekte Balance aus Geschmack und Textur ergeben.<\/p>\n<p>Ideal f\u00fcr gem\u00fctliche Stunden, Filmabende oder als schneller Snack zwischendurch. Jeder Bissen macht Spa\u00df, also teilen Sie ihn ruhig \u2013 oder g\u00f6nnen Sie sich selbst etwas!<\/p>\n<ul>\n<li>Knusprig &amp; salzig<\/li>\n<li>Kein Aufwand \u2013 einfach ein Klassiker, der immer \u00fcberzeugt<\/li>\n<li>Bereit zum Teilen \u2026 auch wenn Sie nicht wollen<\/li>\n<\/ul>\n<blockquote><p>Frisch ger\u00f6stet in unserer Hausr\u00f6sterei!<\/p><\/blockquote>\n","protected":false},"excerpt":{"rendered":"<p>Suchen Sie einen Snack, der alle Generationen begeistert? Der \u017dur Mix Klassik ist die richtige Wahl! In der praktischen 150-Gramm-Packung steckt eine k\u00f6stliche Kombination aus ger\u00f6steten und gesalzenen Erdn\u00fcssen, knusprig ger\u00f6stetem Mais und salzigen Crackern \u2013 die zusammen die perfekte Balance aus Geschmack und Textur ergeben. Ideal f\u00fcr gem\u00fctliche Stunden, Filmabende oder als schneller Snack [&hellip;]<\/p>\n","protected":false},"featured_media":11549,"template":"","meta":{"_acf_changed":false},"product_brand":[],"product_cat":[285,258,110,111,109,270],"product_tag":[],"class_list":{"0":"post-11559","1":"product","2":"type-product","3":"status-publish","4":"has-post-thumbnail","6":"product_cat-100-g-300-g-de","7":"product_cat-fur-ausfluge-wanderungen","8":"product_cat-mischungen","9":"product_cat-mischungen-snacks","10":"product_cat-snacks","11":"product_cat-unterhaltung-events","13":"first","14":"instock","15":"featured","16":"taxable","17":"shipping-taxable","18":"purchasable","19":"product-type-simple"},"acf":[],"mb":[],"jetpack_sharing_enabled":true,"mfb_rest_fields":["title","jetpack_sharing_enabled"],"_links":{"self":[{"href":"https:\/\/odlicno.si\/de\/wp-json\/wp\/v2\/product\/11559","targetHints":{"allow":["GET"]}}],"collection":[{"href":"https:\/\/odlicno.si\/de\/wp-json\/wp\/v2\/product"}],"about":[{"href":"https:\/\/odlicno.si\/de\/wp-json\/wp\/v2\/types\/product"}],"wp:featuredmedia":[{"embeddable":true,"href":"https:\/\/odlicno.si\/de\/wp-json\/wp\/v2\/media\/11549"}],"wp:attachment":[{"href":"https:\/\/odlicno.si\/de\/wp-json\/wp\/v2\/media?parent=11559"}],"wp:term":[{"taxonomy":"product_brand","embeddable":true,"href":"https:\/\/odlicno.si\/de\/wp-json\/wp\/v2\/product_brand?post=11559"},{"taxonomy":"product_cat","embeddable":true,"href":"https:\/\/odlicno.si\/de\/wp-json\/wp\/v2\/product_cat?post=11559"},{"taxonomy":"product_tag","embeddable":true,"href":"https:\/\/odlicno.si\/de\/wp-json\/wp\/v2\/product_tag?post=11559"}],"curies":[{"name":"wp","href":"https:\/\/api.w.org\/{rel}","templated":true}]}}