{"id":9471,"date":"2022-09-02T09:33:07","date_gmt":"2022-09-02T08:33:07","guid":{"rendered":"https:\/\/odlicno.mojwww.si\/?page_id=9471"},"modified":"2025-01-08T11:46:23","modified_gmt":"2025-01-08T10:46:23","slug":"ueber-uns","status":"publish","type":"page","link":"https:\/\/odlicno.si\/de\/ueber-uns\/","title":{"rendered":"\u00dcber uns"},"content":{"rendered":"<h2 class=\"text-align-center\">Das Unternehmen Hrib d.o.o.<\/h2>\n<table style=\"width: 100%;\" border=\"0\" cellspacing=\"0\" cellpadding=\"0\">\n<tbody>\n<tr>\n<td style=\"width: 50%;\">\n<h2>\u00dcber das Unternehmen<\/h2>\n<h3>Familienunternehmen<\/h3>\n<p>Das Unternehmen wurde 1991 gegr\u00fcndet und hat sich von einem Fleischh\u00e4ndler zu einem produzierenden Unternehmen mit einem breiten Vertriebsprogramm entwickelt.<\/p>\n<p>Neben unserer eigenen Produktion von Snacks aus N\u00fcssen und Trockenfr\u00fcchten sowie Marken-Feinkostprodukten und Fleisch bieten wir auch das gesamte HoReCa-Programm an &#8211; frisches Obst und Gem\u00fcse, Tiefk\u00fchlprogramme und F\u00fcllungen.<\/p>\n<p>Wir sind in ganz Slowenien und auch im Ausland pr\u00e4sent und bauen langfristige Partnerschaften mit Unternehmen auf, die oft zur gemeinsamen Entwicklung neuer Produkte und zur Erweiterung des Angebots f\u00fchren.<\/p>\n<\/td>\n<td><img data-recalc-dims=\"1\" decoding=\"async\" class=\" size-full wp-image-390\" src=\"https:\/\/i0.wp.com\/odlicno.mojwww.si\/wp-content\/uploads\/2022\/09\/Odlicno-onas.jpg?ssl=1\" alt=\"\"  data-entity-type=\"file\" data-entity-uuid=\"\" srcset=\"https:\/\/i0.wp.com\/odlicno.si\/wp-content\/uploads\/2022\/09\/Odlicno-onas.jpg?w=850&amp;ssl=1 850w, https:\/\/i0.wp.com\/odlicno.si\/wp-content\/uploads\/2022\/09\/Odlicno-onas.jpg?resize=300%2C300&amp;ssl=1 300w, https:\/\/i0.wp.com\/odlicno.si\/wp-content\/uploads\/2022\/09\/Odlicno-onas.jpg?resize=150%2C150&amp;ssl=1 150w, https:\/\/i0.wp.com\/odlicno.si\/wp-content\/uploads\/2022\/09\/Odlicno-onas.jpg?resize=768%2C768&amp;ssl=1 768w, https:\/\/i0.wp.com\/odlicno.si\/wp-content\/uploads\/2022\/09\/Odlicno-onas.jpg?resize=600%2C600&amp;ssl=1 600w, https:\/\/i0.wp.com\/odlicno.si\/wp-content\/uploads\/2022\/09\/Odlicno-onas.jpg?resize=100%2C100&amp;ssl=1 100w\" sizes=\"(max-width: 850px) 100vw, 850px\" \/><\/td>\n<\/tr>\n<\/tbody>\n<\/table>\n\n\n<div id=\"block-skupajznaravo\" class=\"l-bl block block-config-provider--block-content block-plugin-id--block-content-77f15d3a-088b-4e16-a211-ca84106b65c6 block--type-basic block--view-mode-full\">\n  <div class=\"block__inner\">\n\n    <div class=\"block__content\"><div class=\"clearfix text-formatted field field-block-content--body field-formatter-text-default field-name-body field-type-text-with-summary field-label-hidden has-single\"><div class=\"field__items\"><div class=\"field__item\"><p><img decoding=\"async\" src=\"\/wp-content\/uploads\/2024\/11\/Odlicno-Hrib-Kozjansko.jpg\"><\/p>\n\n<div class=\"skupaj_wrapper\">\n<div class=\"skupaj_inner\">\n<h3>MIT DER NATUR ZUSAMMEN<\/h3>\n\n<h2>Gute<br>\nBeziehungen,<br>\nQualit\u00e4t und<br>\nSorge um<br>\ndie Umwelt<\/h2>\n<\/div>\n\n<div class=\"skupaj_inner\">\n<div id=\"accordion\" class=\"ui-accordion ui-widget ui-helper-reset\" role=\"tablist\">\n<h3 class=\"ui-accordion-header ui-corner-top ui-accordion-header-collapsed ui-corner-all ui-state-default ui-accordion-icons\" role=\"tab\" id=\"ui-id-1\" aria-controls=\"ui-id-2\" aria-selected=\"false\" aria-expanded=\"false\" tabindex=\"0\"><span class=\"ui-accordion-header-icon ui-icon ui-icon-triangle-1-e\"><\/span><span>QUALIT\u00c4T<\/span><span>IFS Standard<\/span><\/h3>\n\n<div class=\"ui-accordion-content ui-corner-bottom ui-helper-reset ui-widget-content\" id=\"ui-id-2\" aria-labelledby=\"ui-id-1\" role=\"tabpanel\" aria-hidden=\"true\" style=\"display: none;\">\n<p>CWir sind nach dem IFS-Standard f\u00fcr Lebensmittel und f\u00fcr die Bio-Produktion zertifiziert. Wir w\u00e4hlen sorgf\u00e4ltig die besten Rohstoffe von zuverl\u00e4ssigen Lieferanten aus, die unsere Kriterien erf\u00fcllen. Qualit\u00e4ts- und Sicherheitsstandards stehen bei uns seit jeher an erster Stelle, mit denen wir bestrebt sind, den Anspr\u00fcchen unserer Kunden gerecht zu werden.<\/p>\n<\/div>\n\n<h3 class=\"ui-accordion-header ui-corner-top ui-accordion-header-collapsed ui-corner-all ui-state-default ui-accordion-icons\" role=\"tab\" id=\"ui-id-3\" aria-controls=\"ui-id-4\" aria-selected=\"false\" aria-expanded=\"false\" tabindex=\"-1\"><span class=\"ui-accordion-header-icon ui-icon ui-icon-triangle-1-e\"><\/span><span>ENTWICKLUNG<\/span><span>Kontinuierliche Verbesserungen<\/span><\/h3>\n\n<div class=\"ui-accordion-content ui-corner-bottom ui-helper-reset ui-widget-content\" id=\"ui-id-4\" aria-labelledby=\"ui-id-3\" role=\"tabpanel\" aria-hidden=\"true\" style=\"display: none;\">\n<p>Hochwertige Produkte, eine moderne Produktionslinie und kompetente und engagierte Mitarbeiter sind die drei S\u00e4ulen unserer Kultur der kontinuierlichen Verbesserung. Wir sind stolz darauf, die Mitarbeiter, mit denen wir zusammenarbeiten, weiterzuentwickeln, damit sie wachsen und sich sowohl pers\u00f6nlich als auch beruflich entwickeln k\u00f6nnen.<\/p>\n<\/div>\n\n<h3 class=\"ui-accordion-header ui-corner-top ui-accordion-header-collapsed ui-corner-all ui-state-default ui-accordion-icons\" role=\"tab\" id=\"ui-id-5\" aria-controls=\"ui-id-6\" aria-selected=\"false\" aria-expanded=\"false\" tabindex=\"-1\"><span class=\"ui-accordion-header-icon ui-icon ui-icon-triangle-1-e\"><\/span><span>UMGEBUNG<\/span><span>Sorgen Sie f\u00fcr die Umwelt<\/span><\/h3>\n\n<div class=\"ui-accordion-content ui-corner-bottom ui-helper-reset ui-widget-content\" id=\"ui-id-6\" aria-labelledby=\"ui-id-5\" role=\"tabpanel\" aria-hidden=\"true\" style=\"display: none;\">\n<p>Durch die Verwendung von recyclingf\u00e4higen und biologisch abbaubaren Materialien in unserer Produktion und der Energiegewinnung aus unserem eigenen Solarkraftwerk streben wir danach, ein umweltfreundliches Unternehmen zu sein. Wir erzeugen unsere eigene Solarenergie und recyceln \u00fcbersch\u00fcssige W\u00e4rme, um unsere Wasserversorgung und Anlagen mit Strom zu versorgen.<\/p>\n<\/div>\n<\/div>\n<\/div>\n<\/div>\n<\/div><\/div>\n<\/div>\n<\/div><\/div>\n<\/div>\n\n\n\n<div id=\"block-izdelkionas\" class=\"l-bl block block-config-provider--block-content block-plugin-id--block-content-a4fa2b0f-a4ec-4284-8661-84ad02c0bec5 block--type-basic block--view-mode-full\">\n  <div class=\"block__inner\">\n\n    <div class=\"block__content\"><div class=\"clearfix text-formatted field field-block-content--body field-formatter-text-default field-name-body field-type-text-with-summary field-label-hidden has-single\"><div class=\"field__items\"><div class=\"field__item\"><h2 class=\"text-align-center\">PRODUKTE<\/h2>\n\n<h3 class=\"text-align-center\">F\u00fcr alle etwas<\/h3>\n\n<div id=\"tabs\" class=\"ui-tabs ui-corner-all ui-widget ui-widget-content\">\n<ul role=\"tablist\" class=\"ui-tabs-nav ui-corner-all ui-helper-reset ui-helper-clearfix ui-widget-header\">\n\t<li role=\"tab\" tabindex=\"0\" class=\"ui-tabs-tab ui-corner-top ui-state-default ui-tab ui-tabs-active ui-state-active\" aria-controls=\"tabs-1\" aria-labelledby=\"ui-id-7\" aria-selected=\"true\" aria-expanded=\"true\"><a href=\"#tabs-1\" tabindex=\"-1\" class=\"ui-tabs-anchor\" id=\"ui-id-7\">Premium<\/a><\/li>\n\t<li role=\"tab\" tabindex=\"-1\" class=\"ui-tabs-tab ui-corner-top ui-state-default ui-tab\" aria-controls=\"tabs-2\" aria-labelledby=\"ui-id-8\" aria-selected=\"false\" aria-expanded=\"false\"><a href=\"#tabs-2\" tabindex=\"-1\" class=\"ui-tabs-anchor\" id=\"ui-id-8\">Traditionell<\/a><\/li>\n\t<li role=\"tab\" tabindex=\"-1\" class=\"ui-tabs-tab ui-corner-top ui-state-default ui-tab\" aria-controls=\"tabs-3\" aria-labelledby=\"ui-id-9\" aria-selected=\"false\" aria-expanded=\"false\"><a href=\"#tabs-3\" tabindex=\"-1\" class=\"ui-tabs-anchor\" id=\"ui-id-9\">Konventionell<\/a><\/li>\n\t<li role=\"tab\" tabindex=\"-1\" class=\"ui-tabs-tab ui-corner-top ui-state-default ui-tab\" aria-controls=\"tabs-4\" aria-labelledby=\"ui-id-10\" aria-selected=\"false\" aria-expanded=\"false\"><a href=\"#tabs-4\" tabindex=\"-1\" class=\"ui-tabs-anchor\" id=\"ui-id-10\">BIO<\/a><\/li>\n<\/ul>\n\n<div id=\"tabs-1\" aria-labelledby=\"ui-id-7\" role=\"tabpanel\" class=\"ui-tabs-panel ui-corner-bottom ui-widget-content\" aria-hidden=\"false\">\n<div class=\"tabopis\">\n<h2>Authentischer Geschmack<\/h2>\n\n<h3>Premium-Snacks<\/h3>\n\n<ul>\n\t<li><strong>Ger\u00f6stete wohlschmeckende gew\u00fcrzte N\u00fcsse<\/strong> (Schwarze Tr\u00fcffel-Cashews, Chili &amp; Limettenmandeln, K\u00e4se &amp; Chili-Cashews, Schwarze Oliven &amp; Rosmarin-Cashewkerne, Mediterrane Erdn\u00fcsse, Erdn\u00fcsse mit schwarzem Pfeffer und Cashewn\u00fcsse, Chili Erdn\u00fcsse &amp; Cashewn\u00fcsse)<\/li>\n\t<li><strong>Ger\u00f6stete ges\u00fc\u00dfte N\u00fcsse<\/strong> (Karamell &amp; Meersalz Mandeln, Vanille Haseln\u00fcsse, Kokos Mandeln, Honig &amp; Sesam Mandeln)<\/li>\n<\/ul>\n<\/div>\n\n<div class=\"tabslika\"><img decoding=\"async\" src=\"\/wp-content\/uploads\/2025\/01\/Odlicno-premium.jpg\"><\/div>\n<\/div>\n\n<div id=\"tabs-2\" aria-labelledby=\"ui-id-8\" role=\"tabpanel\" class=\"ui-tabs-panel ui-corner-bottom ui-widget-content\" aria-hidden=\"true\" style=\"display: none;\">\n<div class=\"tabopis\">\n<h2>Traditionelle Aromen<\/h2>\n\n<h3>Ger\u00f6stete N\u00fcsse und Erdn\u00fcsse<\/h3>\n\n<p>Um beste Qualit\u00e4t und optimalen Geschmack zu erreichen, r\u00f6sten (und salzen) wir N\u00fcsse &amp; Erdn\u00fcsse in High-Oleic-Sonnenblumen\u00f6l oder backen sie mit Hei\u00dfluft im Ofen.<\/p>\n\n<p>Wir sind spezialisiert auf die Herstellung von Eigenmarken. Wir k\u00f6nnen unseren Kunden helfen, ihre Nuss-Snack-Linie zu entwickeln oder nach kundenspezifischen Anforderungen zu produzieren.<\/p>\n<\/div>\n\n<div class=\"tabslika\"><img decoding=\"async\" src=\"\/wp-content\/uploads\/2025\/01\/Odlicno-tradicionalno.jpg\"><\/div>\n<\/div>\n\n<div id=\"tabs-3\" aria-labelledby=\"ui-id-9\" role=\"tabpanel\" class=\"ui-tabs-panel ui-corner-bottom ui-widget-content\" aria-hidden=\"true\" style=\"display: none;\">\n<div class=\"tabopis\">\n<h2>Sorgf\u00e4ltig ausgew\u00e4hlt<\/h2>\n\n<h3>Konventionelle Produkte<\/h3>\n\n<p>Wir bieten eine gro\u00dfe Auswahl an Produkten, die lose oder verpackt erh\u00e4ltlich sind.<\/p>\n\n<ul>\n\t<li><strong>N\u00fcsse<\/strong> (Erdn\u00fcsse, Mandeln, Cashewn\u00fcsse, Waln\u00fcsse, Haseln\u00fcsse, Pistazien, Macadamia, Paran\u00fcsse, Pekann\u00fcsse)<\/li>\n\t<li><strong>Trockenfrucht<\/strong> (Aprikosen, Pflaumen, Preiselbeeren, Rosinen, goldene Rosinen, Feigen, Datteln, Maulbeeren, Bananenchips, Apfelchips, Apfelschnitze, Physalis, Mango, Ananas, Papaya, Kokosnuss)<\/li>\n\t<li><strong>H\u00fclsenfr\u00fcchte<\/strong> (Bohnen, Linsen, Kichererbsen, Erbsen)<\/li>\n\t<li><strong>Samen<\/strong> (Sonnenblumenkerne, Leinsamen, Sesam, Pinienkerne, K\u00fcrbiskerne, Mohn)<\/li>\n\t<li><strong>Ger\u00f6stete und gesalzene Snacks<\/strong> (Erdn\u00fcsse, Mandeln, Haseln\u00fcsse, Cashewn\u00fcsse, Pekann\u00fcsse, Pistazien, K\u00fcrbiskerne)<\/li>\n\t<li><strong>Schokoladen-Snacks<\/strong> (Mit Schokolade \u00fcberzogene Erdn\u00fcsse, Haseln\u00fcsse, Mandeln, Rosinen und Preiselbeeren)<\/li>\n<\/ul>\n<\/div>\n\n<div class=\"tabslika\"><img decoding=\"async\" src=\"\/wp-content\/uploads\/2025\/01\/Odlicno-klasicno.jpg\"><\/div>\n<\/div>\n\n<div id=\"tabs-4\" aria-labelledby=\"ui-id-10\" role=\"tabpanel\" class=\"ui-tabs-panel ui-corner-bottom ui-widget-content\" aria-hidden=\"true\" style=\"display: none;\">\n<div class=\"tabopis\">\n<h2>Von der Natur geliefert<\/h2>\n\n<h3>Organische Produkte<\/h3>\n\n<ul>\n\t<li><strong>N\u00fcsse<\/strong> (Erdn\u00fcsse, Haseln\u00fcsse, Cashewn\u00fcsse, Waln\u00fcsse)<\/li>\n\t<li><strong>Trockenfrucht<\/strong> (Preiselbeeren, Maulbeeren, Apfelchips, Rosinen, Datteln)<\/li>\n\t<li><strong>H\u00fclsenfr\u00fcchte<\/strong> (Kichererbsen, rote Linsen, gr\u00fcne Linsen)<\/li>\n\t<li><strong>Snacks &amp; Mischungen<\/strong> (Im Ofen ger\u00f6stete Erdnuss-, Nuss- und Trockenfruchtmischungen)<\/li>\n<\/ul>\n<\/div>\n\n<div class=\"tabslika\"><img decoding=\"async\" src=\"\/wp-content\/uploads\/2025\/01\/Odlicno-bio.jpg\"><\/div>\n<\/div>\n<\/div>\n<\/div><\/div>\n<\/div>\n<\/div><\/div>\n<\/div>\n\n\n\n<div id=\"block-blagovneznamke\" class=\"l-bl block block-config-provider--block-content block-plugin-id--block-content-d1e970ba-1bcd-4cbe-8643-40c4af59187c block--type-basic block--view-mode-full\">\n  <div class=\"block__inner\">\n\n    <div class=\"block__content\"><div class=\"clearfix text-formatted field field-block-content--body field-formatter-text-default field-name-body field-type-text-with-summary field-label-hidden has-single\"><div class=\"field__items\"><div class=\"field__item\"><h2 class=\"text-align-center\">UNSERE MARKEN<\/h2>\n\n<h3 class=\"text-align-center\">Ihre Zufriedenheit, unser Stolz<\/h3>\n\n<table border=\"0\" cellpadding=\"0\" cellspacing=\"0\" style=\"width: 100%;\">\n\t<tbody>\n\t\t<tr>\n\t\t\t<td style=\"vertical-align: top; width: 33.3333%;\">\n\t\t\t<div class=\"balagovna_slika\"><img decoding=\"async\" alt=\"\" data-entity-type=\"file\" data-entity-uuid=\"\" src=\"\/wp-content\/uploads\/2025\/01\/Odlicno.jpg\" width=\"100%\"><\/div>\n\n\t\t\t<div class=\"blagovna_wrapper\"><img decoding=\"async\" src=\"\/wp-content\/uploads\/2025\/01\/Odlicno-01.svg\">\n\t\t\t<h2>Marke<\/h2>\n\n\t\t\t<h3>Odlicno<\/h3>\n\n\t\t\t<div class=\"blagovna_opis\">\n\t\t\t<p>Dies ist unsere Hauptmarke f\u00fcr den slowenischen Markt, die alle Produktgruppen umfasst, verpackt in Verpackungen mit unterschiedlichen Gewichten, um verschiedenen Marktsegmenten gerecht zu werden. Die Marke entwickelt sich mit aktuellen Lebensmittel- und Verpackungstrends weiter und bietet eine gro\u00dfe Vielfalt an Produkten f\u00fcr den t\u00e4glichen Gebrauch sowie verschiedene besondere Anl\u00e4sse.<\/p>\n\n\t\t\t<p><a href=\"\/de\/shop\">Klicken um zu kaufen<\/a><\/p>\n\t\t\t<\/div>\n\t\t\t<\/div>\n\t\t\t<\/td>\n\t\t\t<td style=\"vertical-align: top; width: 33.3333%;\">\n\t\t\t<div class=\"balagovna_slika\"><img decoding=\"async\" alt=\"\" data-entity-type=\"file\" data-entity-uuid=\"\" src=\"\/wp-content\/uploads\/2025\/01\/Tasty.jpg\" width=\"100%\"><\/div>\n\n\t\t\t<div class=\"blagovna_wrapper\"><img decoding=\"async\" src=\"\/wp-content\/uploads\/2025\/01\/Tasty-01.svg\">\n\t\t\t<h2>Marke<\/h2>\n\n\t\t\t<h3>Tasty<\/h3>\n\n\t\t\t<div class=\"blagovna_opis\">\n\t\t\t<p>Premium-Auswahl unserer herzhaften und s\u00fc\u00dfen, in \u00d6l ger\u00f6steten N\u00fcsse, bedeckt mit echten Gew\u00fcrzen, Samen, Tr\u00fcffelst\u00fccken und anderen Zutaten, um ein authentisches Erlebnis mit jedem Geschmack zu gew\u00e4hrleisten.<\/p>\n\n\t\t\t<p><a href=\"\/de\/kategorie\/premium\/\">Klicken um zu kaufen<\/a><\/p>\n\t\t\t<\/div>\n\t\t\t<\/div>\n\t\t\t<\/td>\n\t\t\t<td style=\"vertical-align: top; width: 33.3333%;\">\n\t\t\t<div class=\"balagovna_slika\"><img decoding=\"async\" alt=\"\" data-entity-type=\"file\" data-entity-uuid=\"\" src=\"\/wp-content\/uploads\/2025\/01\/BioOdlicno.jpg\" width=\"100%\"><\/div>\n\n\t\t\t<div class=\"blagovna_wrapper\"><img decoding=\"async\" src=\"\/wp-content\/uploads\/2025\/01\/BioOdlicno-01.svg\">\n\t\t\t<h2>Marke<\/h2>\n\n\t\t\t<h3>Bio Odlicno<\/h3>\n\n\t\t\t<div class=\"blagovna_opis\">\n\t\t\t<p>Unser Bio-Sortiment besteht aus einer Auswahl an N\u00fcssen, Trockenfr\u00fcchten, Kokoszucker und H\u00fclsenfr\u00fcchten. Dazu geh\u00f6ren auch ofenger\u00f6stete Erdn\u00fcsse aus unserer eigenen R\u00f6sterei.<\/p>\n\n\t\t\t<p><a href=\"\/de\/kategorie\/bio\/\">Klicken um zu kaufen<\/a><\/p>\n\t\t\t<\/div>\n\t\t\t<\/div>\n\t\t\t<\/td>\n\t\t<\/tr>\n\t<\/tbody>\n<\/table>\n<\/div><\/div>\n<\/div>\n<\/div><\/div>\n<\/div>\n","protected":false},"excerpt":{"rendered":"<p>Das Unternehmen Hrib d.o.o. \u00dcber das Unternehmen Familienunternehmen Das Unternehmen wurde 1991 gegr\u00fcndet und hat sich von einem Fleischh\u00e4ndler zu einem produzierenden Unternehmen mit einem breiten Vertriebsprogramm entwickelt. Neben unserer eigenen Produktion von Snacks aus N\u00fcssen und Trockenfr\u00fcchten sowie Marken-Feinkostprodukten und Fleisch bieten wir auch das gesamte HoReCa-Programm an &#8211; frisches Obst und Gem\u00fcse, Tiefk\u00fchlprogramme [&hellip;]<\/p>\n","protected":false},"author":1,"featured_media":0,"parent":0,"menu_order":0,"comment_status":"closed","ping_status":"closed","template":"","meta":{"_acf_changed":false,"footnotes":""},"class_list":["post-9471","page","type-page","status-publish","hentry"],"acf":[],"mb":[],"jetpack_sharing_enabled":true,"mfb_rest_fields":["title","jetpack_sharing_enabled"],"_links":{"self":[{"href":"https:\/\/odlicno.si\/de\/wp-json\/wp\/v2\/pages\/9471","targetHints":{"allow":["GET"]}}],"collection":[{"href":"https:\/\/odlicno.si\/de\/wp-json\/wp\/v2\/pages"}],"about":[{"href":"https:\/\/odlicno.si\/de\/wp-json\/wp\/v2\/types\/page"}],"author":[{"embeddable":true,"href":"https:\/\/odlicno.si\/de\/wp-json\/wp\/v2\/users\/1"}],"replies":[{"embeddable":true,"href":"https:\/\/odlicno.si\/de\/wp-json\/wp\/v2\/comments?post=9471"}],"version-history":[{"count":1,"href":"https:\/\/odlicno.si\/de\/wp-json\/wp\/v2\/pages\/9471\/revisions"}],"predecessor-version":[{"id":9473,"href":"https:\/\/odlicno.si\/de\/wp-json\/wp\/v2\/pages\/9471\/revisions\/9473"}],"wp:attachment":[{"href":"https:\/\/odlicno.si\/de\/wp-json\/wp\/v2\/media?parent=9471"}],"curies":[{"name":"wp","href":"https:\/\/api.w.org\/{rel}","templated":true}]}}