{"id":8935,"date":"2022-09-12T07:17:24","date_gmt":"2022-09-12T06:17:24","guid":{"rendered":"https:\/\/odlicno.mojwww.si\/?page_id=8935"},"modified":"2025-03-05T13:48:57","modified_gmt":"2025-03-05T12:48:57","slug":"datenschutz","status":"publish","type":"page","link":"https:\/\/odlicno.si\/de\/datenschutz\/","title":{"rendered":"Datenschutz"},"content":{"rendered":"\n<p>Hinweis f\u00fcr Einzelpersonen gem\u00e4\u00df Artikel 13 der Datenschutz-Grundverordnung (DSGVO) zur Verarbeitung personenbezogener Daten in 2.0.<\/p>\n\n\n\n<p>Der Verantwortliche f\u00fcr personenbezogene Daten in Bezug auf die Website htt\u0161s:\/\/odlicno.si und Ihre sonstigen Interaktionen mit dem Unternehmen Hrib d.o.o. ist:<\/p>\n\n\n\n<p>Hrib, d.o.o., Dobje pri Planini<\/p>\n\n\n\n<p>Ve\u010dje Brdo 8, 3224 Dobje pri Planini<\/p>\n\n\n\n<p>Registrierungsnummer: 5510201000<\/p>\n\n\n\n<p>Steuernummer: SI 69624097<\/p>\n\n\n\n<p>E-Mail: odlicno@hrib.si<\/p>\n\n\n\n<p>(im Folgenden: \u201eOrganisation\u201c oder \u201eUnternehmen\u201c)<\/p>\n\n\n\n<p>Alle Fragen, Anfragen, Anfragen und sonstigen Mitteilungen im Zusammenhang mit dem Schutz personenbezogener Daten in unserer Organisation k\u00f6nnen an odlicno@hrib.si gerichtet werden.<\/p>\n\n\n\n<h2 class=\"wp-block-heading\">Einf\u00fchrung<\/h2>\n\n\n\n<p><strong>Grundlegende Informationen \u00fcber die Organisation und ihre Mission<\/strong><\/p>\n\n\n\n<p>Unsere Organisation erhebt, speichert und verarbeitet auf andere Weise bestimmte Informationen und Daten, einschlie\u00dflich personenbezogener Daten, wie im Gesetz zum Schutz personenbezogener Daten (ZVOP-2) oder in der Verordnung (EU) 2016\/679 des Europ\u00e4ischen Parlaments und des Rates vom 27. April 2016 zum Schutz nat\u00fcrlicher Personen bei der Verarbeitung personenbezogener Daten, zum freien Datenverkehr und zur Aufhebung der Richtlinie 95\/46\/EG (im Folgenden: Datenschutz-Grundverordnung oder DSGVO) vorgesehen.<\/p>\n\n\n\n<p><strong>Zweck und Verwendung dieser Mitteilung<\/strong><\/p>\n\n\n\n<p>Diese Mitteilung beschreibt, wie unsere Organisation die personenbezogenen Daten von Personen verarbeitet, die ihr ihre personenbezogenen Daten direkt als Verantwortlicher f\u00fcr personenbezogene Daten im Zusammenhang mit der Website https:\/\/odlicno.si\/ anvertraut haben (z. B. beim Laden von Cookies beim Besuch der Website, beim Ausf\u00fcllen und Absenden eines Kontaktformulars usw.).<\/p>\n\n\n\n<p><strong>Verwendung von Begriffen und \u00c4nderungen dieser Mitteilung<\/strong><\/p>\n\n\n\n<p>Sofern nicht anders angegeben, haben die in dieser Mitteilung vorkommenden Begriffe (z. B. personenbezogene Daten, Verarbeitung, Verantwortlicher, Auftragsverarbeiter usw.) dieselbe Bedeutung wie in der DSGVO.<\/p>\n\n\n\n<p>Der Ausdruck Website oder Webseite bedeutet https:\/\/odlicno.si\/ und umfasst auch alle zugeh\u00f6rigen Unterseiten und verbundenen Server und Systeme.<\/p>\n\n\n\n<p>Es wird davon ausgegangen, dass die verst\u00e4rkten oder definierten Begriffe in dieser Mitteilung (z. B. Einzelperson), die ansonsten im Singular geschrieben sind, auch den Plural umfassen und umgekehrt, und die in einem Geschlecht geschriebenen Begriffe alle Geschlechter umfassen (z. B. Einzelperson).<\/p>\n\n\n\n<p><strong>Aufbewahrungsfrist f\u00fcr personenbezogene Daten<\/strong><\/p>\n\n\n\n<p>Die Aufbewahrungsfrist f\u00fcr personenbezogene Daten h\u00e4ngt von dem Zweck ab, f\u00fcr den sie erhoben wurden. Wir speichern Daten maximal so lange, wie es zur Erreichung des Zwecks, f\u00fcr den sie erhoben oder weiterverarbeitet wurden, erforderlich ist, oder bis zum Ablauf der Verj\u00e4hrungsfristen zur Erf\u00fcllung von Verpflichtungen oder der gesetzlich vorgeschriebenen Frist oder bis zum Widerruf, wenn die Daten auf der Grundlage einer Einwilligung erhoben wurden. Unter Ber\u00fccksichtigung der Art der verarbeiteten Daten und der Risiken \u00fcberpr\u00fcfen wir regelm\u00e4\u00dfig und in dokumentierter Weise, ob die Bestimmungen zur Begrenzung der Aufbewahrungsfrist eingehalten werden.<br>Sofern das Gesetz f\u00fcr einzelne Arten personenbezogener Daten nichts anderes vorsieht, werden personenbezogene Daten nach Erf\u00fcllung des Verarbeitungszwecks gel\u00f6scht, vernichtet oder anonymisiert oder es wird ein anderes Verfahren durchgef\u00fchrt, das die Identifizierung der Person, auf die sich die personenbezogenen Daten beziehen, verhindert, insbesondere durch Einschr\u00e4nkung des Zugriffs auf sie, Sperrung oder Archivierung.<\/p>\n\n\n\n<p>Eine Person kann jederzeit die L\u00f6schung von Daten beantragen, indem sie ihre Anfrage an die offizielle E-Mail-Adresse der Organisation an die am Anfang dieses Dokuments angegebene Adresse sendet.<\/p>\n\n\n\n<p><strong>1.1. Die Rechtsgrundlage f\u00fcr die Verarbeitung personenbezogener Daten kann in der Erf\u00fcllung eines abgeschlossenen Vertrags oder in Verhandlungen zum Abschluss eines Vertrags liegen.<\/strong><\/p>\n\n\n\n<p>Wir k\u00f6nnen personenbezogene Daten von Einzelpersonen auf der Grundlage eines abgeschlossenen Vertrags (z. B. der Erbringung einer Dienstleistung in unserer Niederlassung) oder Verhandlungen zum Abschluss eines Vertrags (z. B. wenn eine Einzelperson \u00fcber unsere offiziellen Kommunikationskan\u00e4le weitere Informationen zu unseren Dienstleistungen erhalten m\u00f6chte) verarbeiten.<\/p>\n\n\n\n<p>In den beschriebenen F\u00e4llen stellen Sie uns personenbezogene Daten im Rahmen einer vertraglichen Verpflichtung oder im Rahmen von Verhandlungen zum Abschluss eines Vertrags zur Verf\u00fcgung, wobei wir folglich f\u00fcr die oben genannte Verarbeitung Ihrer personenbezogenen Daten nicht Ihre ausdr\u00fcckliche Zustimmung ben\u00f6tigen.<\/p>\n\n\n\n<p>Grunds\u00e4tzlich werden Sie keine schwerwiegenden negativen Konsequenzen erleiden, wenn wir Ihre personenbezogenen Daten ansonsten zur Erbringung unserer Dienstleistungen ben\u00f6tigen w\u00fcrden und Sie uns diese Daten nicht zur Verf\u00fcgung stellen. Solche Situationen k\u00f6nnen jedoch die Erbringung der bestellten Dienstleistungen oder unsere Zusammenarbeit erheblich erschweren oder sogar unm\u00f6glich machen, und in solchen F\u00e4llen werden Sie im Voraus oder nachtr\u00e4glich dar\u00fcber informiert.<\/p>\n\n\n\n<p><strong>1.2. Rechtsgrundlage f\u00fcr die Verarbeitung Ihrer Daten kann auch das Gesetz sein<\/strong><\/p>\n\n\n\n<p>In der Organisation verarbeiten wir personenbezogene Daten auch zur Erf\u00fcllung gesetzlicher und anderer Vorschriften, insbesondere solcher in den Bereichen Steuern und Buchhaltung (z. B. Aufzeichnungen ausgestellter und erhaltener Rechnungen usw.), z. B.:<\/p>\n\n\n\n<p>\u2013 wenn die Organisation von einem Inspektor oder einer anderen \u00f6ffentlichen Beh\u00f6rde angewiesen wird, ihr die personenbezogenen Daten eines bestimmten Kunden\/Besuchers gem\u00e4\u00df dem Gesetz anzuvertrauen (z. B. im Rahmen der Durchf\u00fchrung einer Inspektion gem\u00e4\u00df den Bestimmungen des Inspektionskontrollgesetzes (ZIN),<\/p>\n\n\n\n<p>\u2013 wenn die Organisation die personenbezogenen Daten eines Kunden verarbeitet, dem sie eine Rechnung ausgestellt hat, verarbeitet die Organisation diese Rechnung und Daten \u00fcber den Kunden (z. B. Personenname, Kontaktdaten usw.) auf der Grundlage des Mehrwertsteuergesetzes (ZDDV-1) (siehe Abschnitt 2.2.) usw.<\/p>\n\n\n\n<p><strong>1.3. Basierend auf den berechtigten Interessen der Organisation<\/strong><\/p>\n\n\n\n<p>Wir k\u00f6nnen auch bestimmte personenbezogene Daten zum Schutz unserer eigenen berechtigten Interessen verarbeiten. Zu solchen F\u00e4llen geh\u00f6ren beispielsweise F\u00e4lle, in denen die Verarbeitung Ihrer Daten aus der Perspektive eines Verwaltungs-, Straf- oder Zivilverfahrens erforderlich w\u00e4re (z. B. wenn die Organisation die Datenbank als Beweismittel im Verfahren vorlegen m\u00fcsste, da die Organisation sonst eine Strafe bef\u00fcrchten oder einen schweren und irreparablen Schaden erleiden w\u00fcrde), wobei wir in solchen F\u00e4llen immer nur die Daten verarbeiten, die zur Verfolgung solcher legitimen Ziele unbedingt erforderlich sind.<\/p>\n\n\n\n<p>Die Organisation kann die personenbezogenen Daten einer Person auch in F\u00e4llen verarbeiten, in denen die Verarbeitung zum Schutz der lebenswichtigen Interessen der Person erforderlich ist (z. B. Einblick in die Adresse einer Person, die sich in unmittelbarer und ernsthafter Lebensgefahr befindet).<\/p>\n\n\n\n<p><strong>1.4. Basierend auf der erhaltenen Zustimmung<\/strong><\/p>\n\n\n\n<p>Grunds\u00e4tzlich machen wir die Zusammenarbeit mit uns und die Nutzung der Dienste der Organisation nicht von Ihrer Zustimmung zur Verarbeitung personenbezogener Daten abh\u00e4ngig.<\/p>\n\n\n\n<p>Die Organisation kann Ihre personenbezogenen Daten jedoch auch auf der Grundlage Ihrer ausdr\u00fccklichen Zustimmung (d. h. Einwilligung) verarbeiten. Als ausdr\u00fcckliche Einwilligung einer Person gilt deren freiwillige Willenserkl\u00e4rung, mit der sie der Verarbeitung bestimmter personenbezogener Daten zu einem bestimmten Zweck zustimmt (z. B. Ihre Einwilligung zum Erhalt unseres Newsletters).<\/p>\n\n\n\n<p>Diese Art der Kommunikation k\u00f6nnen Sie jederzeit abbestellen, indem Sie dem in jeder dieser E-Mails enthaltenen Link folgen oder uns diesbez\u00fcglich unter der am Anfang dieses Dokuments angegebenen Adresse kontaktieren.<\/p>\n\n\n\n<p>Unsere Online-Werbung kann auch auf Grundlage Ihrer Einwilligung erfolgen, wenn Sie der Installation optionaler (Werbe-)Cookies und Tracking-Pixel unserer Werbepartner zugestimmt haben.<\/p>\n\n\n\n<p>Wer innerhalb und au\u00dferhalb der Organisation verarbeitet Ihre personenbezogenen Daten (Nutzer personenbezogener Daten)?<br><\/p>\n\n\n\n<p><strong>2.1. Bestimmte Mitarbeiter in der Organisation<\/strong><\/p>\n\n\n\n<p>Ihre personenbezogenen Daten werden von den Mitarbeitern in der Organisation verarbeitet, die die Daten zur Erf\u00fcllung ihrer Arbeitsaufgaben ben\u00f6tigen. Alle Mitarbeiter sind verpflichtet, die Vertraulichkeit zu wahren und den Schutz personenbezogener Daten zu respektieren.<\/p>\n\n\n\n<p><strong>2.2. Regierungsbeh\u00f6rden<\/strong><\/p>\n\n\n\n<p>In bestimmten, durch geltendes Recht vorgeschriebenen F\u00e4llen muss die Organisation Ihre personenbezogenen Daten auch an zust\u00e4ndige Regierungsbeh\u00f6rden sowie an Beh\u00f6rden weitergeben oder melden, die f\u00fcr die Finanz-, Steuer- oder sonstige Aufsicht zust\u00e4ndig sind (z. B. das B\u00fcro des Informationsbeauftragten der Republik Slowenien usw.). In bestimmten F\u00e4llen ist die Organisation auch verpflichtet, Daten an Dritte weiterzugeben, wenn der Organisation eine solche Verpflichtung zur Bereitstellung oder Offenlegung der Daten gesetzlich oder durch den Rechtsanspruch eines Dritten auferlegt wird.<\/p>\n\n\n\n<p><strong>2.3. Vertragliche Verarbeitung personenbezogener Daten<\/strong><\/p>\n\n\n\n<p>Neben Mitarbeitern der Organisation k\u00f6nnen auch Mitarbeiter der Vertragsverarbeiter der Organisation Nutzer personenbezogener Daten sein, die personenbezogene Daten ausschlie\u00dflich im Auftrag der Organisation und im Rahmen des Vertrags \u00fcber die externe Verarbeitung personenbezogener Daten, den die Organisation mit jedem dieser Verarbeiter abgeschlossen hat, vertraulich verarbeiten d\u00fcrfen. Vertragsverarbeiter d\u00fcrfen personenbezogene Daten nur im Rahmen der Anweisungen der Organisation (d. h. Vertr\u00e4ge) verarbeiten und d\u00fcrfen die Daten nicht zur Verfolgung eigener Interessen verwenden.<\/p>\n\n\n\n<p>Vertragsverarbeiter, mit denen die Organisation zusammenarbeitet, sind:<br>Personen, die auf der Grundlage von Unternehmens- oder Urheberrechtsvertr\u00e4gen mit uns zusammenarbeiten (IT-Systembetreuer, Softwarecode-Entwickler usw.),<br>Anbieter von Massenmail-Diensten, Mailserver-Hosting-Anbieter<br>Zahlungsdienstleister,<br>Buchhalter oder Buchhaltungsdienste oder Buchhaltungstools,<br>Anbieter von Website-Hosting-Diensten (siehe Abschnitt 2.4.).<br>Die Organisation wird Ihre personenbezogenen Daten nicht an unbefugte Dritte weitergeben.<\/p>\n\n\n\n<p>Um eine detaillierte Liste aller vertraglichen Unterverarbeiter der Organisation zu erhalten, k\u00f6nnen Sie uns an die am Anfang dieses Dokuments angegebene E-Mail-Adresse schreiben.<\/p>\n\n\n\n<p><strong>2.4. Anbieter von Website-Hosting-Diensten<\/strong><\/p>\n\n\n\n<p>Unsere Website wird auf den Servern des Unternehmens in Deutschland gehostet.<\/p>\n\n\n\n<p><strong>2.5. Export personenbezogener Daten in Drittl\u00e4nder und an internationale Organisationen sowie Ma\u00dfnahmen zum Schutz der \u00fcbermittelten Daten<\/strong><\/p>\n\n\n\n<p>Unsere Organisation exportiert grunds\u00e4tzlich keine personenbezogenen Daten in Drittl\u00e4nder (d. h. au\u00dferhalb der Europ\u00e4ischen Union, Islands, Norwegens und Liechtensteins, d. h. des EWR) und an internationale Organisationen.<\/p>\n\n\n\n<p>Sie k\u00f6nnen eine Liste aller dieser Unterauftragsverarbeiter erhalten, indem Sie eine entsprechende Anfrage an die am Anfang dieses Dokuments angegebene E-Mail-Adresse senden.<\/p>\n\n\n\n<p>Verarbeitung und Schutz besonderer Kategorien personenbezogener Daten<br>Wir weisen Einzelpersonen nicht an, besondere Kategorien personenbezogener Daten (d. h. Daten, aus denen die rassische oder ethnische Herkunft, politische Meinungen, religi\u00f6se oder philosophische \u00dcberzeugungen oder die Gewerkschaftsmitgliedschaft hervorgehen, genetische Daten oder biometrische Daten, Gesundheitsdaten oder Daten zum Sexualleben oder der sexuellen Orientierung einer Person) im Zusammenhang mit unserer Website oder unseren Diensten bereitzustellen.<\/p>\n\n\n\n<p>Wenn die Organisation Kenntnis von einer Situation erlangt, in der ihr solche Daten offengelegt werden k\u00f6nnten, werden die erhaltenen Daten gesch\u00fctzt oder anderweitig angemessen behandelt.<\/p>\n\n\n\n<p>Welche Rechte haben Sie in Bezug auf Ihre personenbezogenen Daten und wie k\u00f6nnen Sie diese aus\u00fcben?<br>In Bezug auf diesen Hinweis zur Verarbeitung personenbezogener Daten oder zur Verarbeitung Ihrer personenbezogenen Daten durch unsere Organisation und unsere Vertragsverarbeiter k\u00f6nnen Sie uns jederzeit und ohne Vorbehalt \u00fcber die zu Beginn dieser Allgemeinen Gesch\u00e4ftsbedingungen angegebene E-Mail-Adresse kontaktieren.<\/p>\n\n\n\n<p>Sie k\u00f6nnen die angegebene Adresse auch verwenden, um Ihre Anfragen zu senden und andere Rechte in Bezug auf personenbezogene Daten und die DSGVO auszu\u00fcben.<\/p>\n\n\n\n<p>Als Betroffener bietet Ihnen die DSGVO die M\u00f6glichkeit, gegen\u00fcber unserer Organisation folgende Rechte geltend zu machen:<\/p>\n\n\n\n<ul class=\"wp-block-list\">\n<li>Informationsrecht: Einzelpersonen haben das Recht, \u00fcber die Erhebung und Verarbeitung ihrer personenbezogenen Daten informiert zu werden.<\/li>\n\n\n\n<li>Zugriffsrecht: Einzelpersonen haben das Recht, auf ihre personenbezogenen Daten zuzugreifen und Informationen dar\u00fcber zu erhalten, wie die Daten verarbeitet werden, sowie eine Kopie der Daten selbst.<\/li>\n\n\n\n<li>Recht auf L\u00f6schung (Recht auf Vergessenwerden): Einzelpersonen haben das Recht, unter bestimmten Umst\u00e4nden die L\u00f6schung ihrer personenbezogenen Daten zu verlangen.<br>Recht auf Widerruf der Einwilligung: Wenn die Verarbeitung personenbezogener Daten auf einer Einwilligung beruht, haben Einzelpersonen das Recht, ihre Einwilligung jederzeit ohne negative Folgen zu widerrufen.<\/li>\n\n\n\n<li>Recht auf Berichtigung: Einzelpersonen haben das Recht, die Berichtigung ungenauer oder unvollst\u00e4ndiger personenbezogener Daten zu verlangen. Wenn die Daten an Dritte weitergegeben wurden, werden wir diese Dritten, soweit m\u00f6glich, \u00fcber die Berichtigung informieren.<\/li>\n\n\n\n<li>Recht auf Einschr\u00e4nkung der Verarbeitung: Einzelpersonen haben das Recht, die Einschr\u00e4nkung der Verarbeitung ihrer personenbezogenen Daten zu verlangen. Dieses Recht gilt in bestimmten F\u00e4llen, beispielsweise wenn die Richtigkeit der Daten bestritten wird oder die betroffene Person Einspruch gegen deren Verarbeitung eingelegt hat.<\/li>\n\n\n\n<li>Recht auf Daten\u00fcbertragbarkeit: Betroffene Personen haben in bestimmten F\u00e4llen das Recht, ihre personenbezogenen Daten in einem strukturierten, allgemein verwendeten und maschinenlesbaren Format zu erhalten. Sie k\u00f6nnen auch verlangen, dass ihre Daten an einen anderen Verantwortlichen \u00fcbermittelt werden, wenn die Verarbeitung auf Zustimmung oder einem Vertrag beruht und die Verarbeitung mithilfe automatisierter Mittel erfolgt.<\/li>\n\n\n\n<li>Widerspruchsrecht: Betroffene Personen haben das Recht, der Verarbeitung ihrer personenbezogenen Daten aufgrund berechtigter Interessen oder des \u00f6ffentlichen Interesses\/der Aus\u00fcbung \u00f6ffentlicher Gewalt zu widersprechen. In solchen F\u00e4llen werden wir die Verarbeitung einstellen, es sei denn, wir k\u00f6nnen zwingende schutzw\u00fcrdige Gr\u00fcnde nachweisen, die die Interessen, Rechte und Freiheiten der betroffenen Person au\u00dfer Kraft setzen.<\/li>\n\n\n\n<li>Rechte in Bezug auf automatisierte Entscheidungsfindung und Profilerstellung: Betroffene Personen haben das Recht, nicht ausschlie\u00dflich automatisierten Entscheidungen, einschlie\u00dflich Profilerstellung, unterworfen zu werden, die sie erheblich beeintr\u00e4chtigen. Sie haben auch das Recht auf menschliches Eingreifen, auf Darlegung ihres Standpunkts und auf Einlegung von Berufung gegen solche Entscheidungen.<\/li>\n\n\n\n<li>Recht auf Beschwerde bei einer Aufsichtsbeh\u00f6rde: Wenn Sie der Ansicht sind, dass die Verarbeitung Ihrer personenbezogenen Daten durch unsere Organisation gegen die Bestimmungen zum Schutz personenbezogener Daten verst\u00f6\u00dft, k\u00f6nnen Sie unbeschadet anderer (administrativer oder sonstiger) Rechtsbehelfe Beschwerde bei einer Aufsichtsbeh\u00f6rde einreichen, insbesondere in dem Land, in dem Sie Ihren gew\u00f6hnlichen Wohnsitz haben, in dem sich Ihr Arbeitsplatz befindet oder in dem der mutma\u00dfliche Versto\u00df stattgefunden hat (in Slowenien ist dies der Information Commissioner):<br>\u2013 Information Commissioner, Dunajska 22, 1000 Ljubljana, E-Mail-Adresse: gp.ip@ip-rs.com, Telefon: 012309730, Website: www.ip-rs.com.<br>Eine Liste anderer EU-Aufsichtsbeh\u00f6rden und deren Kontaktdaten finden Sie hier: https:\/\/edpb.europa.eu\/about-edpb\/about-edpb\/members_en#.edoms.<\/li>\n<\/ul>\n\n\n\n<p>Bestehen einer automatisierten Entscheidungsfindung und Profilerstellung<br>Die von unserer Organisation durchgef\u00fchrte Verarbeitung umfasst keine automatisierte Entscheidungsfindung und Profilerstellung auf der Grundlage Ihrer personenbezogenen Daten.<\/p>\n\n\n\n<p>Verarbeitung personenbezogener Daten von Personen unter 15 Jahren<br>Unsere Organisation hat die Entwicklung und Bereitstellung ihrer Dienste auf die Erhebung personenbezogener Daten von Personen \u00fcber 15 Jahren ausgerichtet. In F\u00e4llen, in denen eine j\u00fcngere Person die Dienste der Organisation nutzt, wird die Organisation, wenn sie von einem solchen Fall Kenntnis erlangt, die Zustimmung der Eltern oder Erziehungsberechtigten dieser Person einholen.<\/p>\n\n\n\n<p>Wenn die Organisation sp\u00e4ter feststellt, dass im Zusammenhang mit dem Dienst personenbezogene Daten einer Person unter 15 Jahren verarbeitet werden und deren Eltern oder Erziehungsberechtigte dem nicht zugestimmt haben, wird sie alles Notwendige tun, um sicherzustellen, dass alle gesammelten personenbezogenen Daten gel\u00f6scht werden.<\/p>\n\n\n\n<p>Die oben genannten Personen oder ihre Eltern oder Erziehungsberechtigten k\u00f6nnen jederzeit ihre Antr\u00e4ge auf L\u00f6schung der betreffenden Daten stellen.<\/p>\n\n\n\n<p>Wen k\u00f6nnen Sie f\u00fcr weitere Erl\u00e4uterungen zur Verarbeitung personenbezogener Daten und zu Ihren Rechten kontaktieren?<br>Sie k\u00f6nnen uns jederzeit bez\u00fcglich der Verarbeitung Ihrer personenbezogenen Daten unter der am Anfang dieses Dokuments angegebenen E-Mail-Adresse kontaktieren.<\/p>\n\n\n\n<p>Schutz Ihrer personenbezogenen Daten<br>In der Organisation speichern und sch\u00fctzen wir personenbezogene Daten sorgf\u00e4ltig durch organisatorische, technische und logisch-technische Verfahren und Ma\u00dfnahmen, um die Daten vor zuf\u00e4lligem oder vors\u00e4tzlichem unbefugtem Zugriff, Zerst\u00f6rung, \u00c4nderung oder Verlust sowie vor unbefugter Offenlegung oder anderer Form der Verarbeitung zu sch\u00fctzen, der Sie nicht ausdr\u00fccklich zugestimmt haben.<\/p>\n\n\n\n<p>Zu diesem Zweck hat die Organisation auch entsprechende interne Prozesse eingef\u00fchrt und verschiedene Ma\u00dfnahmen eingerichtet (z. B. Zuweisung, Verwendung und \u00c4nderung von Passw\u00f6rtern, Sperren von R\u00e4umlichkeiten, B\u00fcros und Standorten von Servern und Arbeitspl\u00e4tzen, regelm\u00e4\u00dfige Aktualisierung der unterst\u00fctzenden Software und Aufr\u00fcstung sicherheitsrelevanter Komponenten, physischer Schutz von Materialien mit personenbezogenen Daten an speziell daf\u00fcr vorgesehenen Orten, Schulung der Mitarbeiter usw.). Die Organisation stellt auch an ihre Vertragsverarbeiter dieselben Sicherheitsanforderungen.<\/p>\n\n\n\n<p>Version und Datum der letzten Aktualisierung dieser Mitteilung<br>Der Text dieser Mitteilung stellt Version 2.0 dieses Dokuments dar. Diese Mitteilung wurde zuletzt am 30. 11. 2024 aktualisiert.<\/p>\n","protected":false},"excerpt":{"rendered":"<p>Hinweis f\u00fcr Einzelpersonen gem\u00e4\u00df Artikel 13 der Datenschutz-Grundverordnung (DSGVO) zur Verarbeitung personenbezogener Daten in 2.0. Der Verantwortliche f\u00fcr personenbezogene Daten in Bezug auf die Website htt\u0161s:\/\/odlicno.si und Ihre sonstigen Interaktionen mit dem Unternehmen Hrib d.o.o. ist: Hrib, d.o.o., Dobje pri Planini Ve\u010dje Brdo 8, 3224 Dobje pri Planini Registrierungsnummer: 5510201000 Steuernummer: SI 69624097 E-Mail: odlicno@hrib.si [&hellip;]<\/p>\n","protected":false},"author":1,"featured_media":0,"parent":0,"menu_order":0,"comment_status":"closed","ping_status":"closed","template":"","meta":{"_acf_changed":false,"footnotes":""},"class_list":["post-8935","page","type-page","status-publish","hentry"],"acf":[],"mb":[],"jetpack_sharing_enabled":true,"mfb_rest_fields":["title","jetpack_sharing_enabled"],"_links":{"self":[{"href":"https:\/\/odlicno.si\/de\/wp-json\/wp\/v2\/pages\/8935","targetHints":{"allow":["GET"]}}],"collection":[{"href":"https:\/\/odlicno.si\/de\/wp-json\/wp\/v2\/pages"}],"about":[{"href":"https:\/\/odlicno.si\/de\/wp-json\/wp\/v2\/types\/page"}],"author":[{"embeddable":true,"href":"https:\/\/odlicno.si\/de\/wp-json\/wp\/v2\/users\/1"}],"replies":[{"embeddable":true,"href":"https:\/\/odlicno.si\/de\/wp-json\/wp\/v2\/comments?post=8935"}],"version-history":[{"count":2,"href":"https:\/\/odlicno.si\/de\/wp-json\/wp\/v2\/pages\/8935\/revisions"}],"predecessor-version":[{"id":10455,"href":"https:\/\/odlicno.si\/de\/wp-json\/wp\/v2\/pages\/8935\/revisions\/10455"}],"wp:attachment":[{"href":"https:\/\/odlicno.si\/de\/wp-json\/wp\/v2\/media?parent=8935"}],"curies":[{"name":"wp","href":"https:\/\/api.w.org\/{rel}","templated":true}]}}