{"id":8929,"date":"2022-09-12T07:17:23","date_gmt":"2022-09-12T06:17:23","guid":{"rendered":"https:\/\/odlicno.mojwww.si\/?page_id=8929"},"modified":"2025-03-05T12:07:59","modified_gmt":"2025-03-05T11:07:59","slug":"zahlungen-und-zahlungsbedingungen","status":"publish","type":"page","link":"https:\/\/odlicno.si\/de\/zahlungen-und-zahlungsbedingungen\/","title":{"rendered":"Zahlungen und Zahlungsbedingungen"},"content":{"rendered":"\n<h2 class=\"wp-block-heading\">VERF\u00dcGBARE PRODUKTE<\/h2>\n\n\n\n<p>Aufgrund der Natur des Online-Gesch\u00e4fts wird das Angebot st\u00e4ndig aktualisiert und erg\u00e4nzt, sowohl mit neuen Produkten als auch mit einem neuen Online-Preis.<\/p>\n\n\n\n<p>Der Online-Preis ist der Preis, der f\u00fcr Online-K\u00e4ufe mit sofortiger 100%iger Barzahlung nach Erhalt oder \u00dcberweisung gem\u00e4\u00df Angebot\/Proforma-Rechnung auf unser Gesch\u00e4ftskonto gilt.<\/p>\n\n\n\n<h2 class=\"wp-block-heading\">VERSANDKOSTEN<\/h2>\n\n\n\n<p>Die Versandkosten per Lieferung oder Kurierdienst betragen:<\/p>\n\n\n\n<p><strong>Slowenien \u2013 4 EUR<br>Kroatien \u2013 8 EUR<br>Portobetrag f\u00fcr Lieferungen innerhalb der EU (au\u00dfer Kroatien) \u2013 15 EUR<br>Portobetrag f\u00fcr Lieferungen in andere europ\u00e4ische L\u00e4nder \u2013 17 EUR<br>Portobetrag f\u00fcr Lieferungen au\u00dferhalb Europas \u2013 30 EUR<\/strong><\/p>\n\n\n\n<p>Die Versandkosten werden in Rechnung gestellt und auf der Bestellung und Rechnung f\u00fcr die gelieferte Ware angegeben und zusammen mit dem Bestellbetrag nach Erhalt der Sendung oder durch Zahlung auf ein Gesch\u00e4ftskonto beglichen. Die Sendung wird Ihnen vom Kurierdienst Po\u0161ta Slovenije zugestellt.<\/p>\n\n\n\n<p>Die Versandkosten f\u00fcr alle Bestellungen innerhalb Sloweniens, deren Wert 29 EUR oder mehr betr\u00e4gt, werden vom Anbieter \u00fcbernommen. Bei Bestellungen aus dem Ausland werden die Versandkosten f\u00fcr Werte ab 50 EUR \u00fcbernommen.<\/p>\n\n\n\n<h2 class=\"wp-block-heading\">ZAHLUNGSM\u00d6GLICHKEITEN <\/h2>\n\n\n\n<p>Der Anbieter bietet folgende Zahlungsarten an:<\/p>\n\n\n\n<ul class=\"wp-block-list\">\n<li>Nachnahme (Onlinepreis gilt)<\/li>\n\n\n\n<li>\u00dcberweisung auf Gesch\u00e4ftskonto (Onlinepreis gilt nach Angebot\/Proforma-Rechnung)<\/li>\n\n\n\n<li>Zahlung per PayPal<\/li>\n<\/ul>\n\n\n\n<h2 class=\"wp-block-heading\">PREISE<\/h2>\n\n\n\n<p>Die Preise sind Bruttobetr\u00e4ge inklusive Mehrwertsteuer.<\/p>\n\n\n\n<p>Es gelten die Preise zum Zeitpunkt der Bestellung.<\/p>\n\n\n\n<p>\u00c4ndert sich der Preis eines Produkts w\u00e4hrend der Bestellabwicklung, erm\u00f6glicht der Anbieter dem K\u00e4ufer den R\u00fccktritt vom Kauf oder bietet eine L\u00f6sung an, die eine beidseitige Zufriedenheit erm\u00f6glicht.<\/p>\n\n\n\n<h2 class=\"wp-block-heading\">ZAHLUNG BEI ABHOLUNG<\/h2>\n\n\n\n<p>Sie k\u00f6nnen Produkte in unserem Online-Shop bestellen und diese \u201eper Nachnahme\u201c oder beim Kurierdienst bezahlen, wenn die Produkte an die von Ihnen gew\u00fcnschte Adresse geliefert werden.<\/p>\n\n\n\n<h2 class=\"wp-block-heading\">KURIERDIENST<\/h2>\n\n\n\n<p>Wenn die Produkte per Kurier geliefert werden, zahlen Sie den bestellten Betrag an den Kurier, der Ihnen das Paket liefert. Im letzteren Fall entstehen keine zus\u00e4tzlichen Kosten.<\/p>\n\n\n\n<h2 class=\"wp-block-heading\">ZAHLUNG PER RECHNUNG<\/h2>\n\n\n\n<p>Sie k\u00f6nnen die in unserem Online-Shop bestellten Produkte durch Zahlung auf unser Gesch\u00e4ftskonto bezahlen.<\/p>\n\n\n\n<p>Geben Sie bei der Bestellung bitte an, dass Sie die bestellten Produkte per Proforma-Rechnung bezahlen m\u00f6chten. Unmittelbar nach der Bestellung werden die f\u00fcr die \u00dcberweisung auf unser Bankkonto erforderlichen Informationen auf der Seite angezeigt und Sie erhalten diese auch in einer E-Mail, die Sie unmittelbar nach der Bestellung in Ihrem elektronischen Konto erhalten.<\/p>\n\n\n\n<p>Wenn Sie eine Proforma-Rechnung in Papierform oder physischer Form w\u00fcnschen, m\u00fcssen Sie uns dies bei der Bestellung im Feld \u201eAnmerkungen\u201c ebenfalls mitteilen. Die G\u00fcltigkeit der Proforma-Rechnung betr\u00e4gt drei (3) Tage. Wenn Sie eine Zahlung vornehmen, k\u00f6nnen Sie uns dies jederzeit ebenfalls mitteilen. Wenn Ihre Zahlung nicht innerhalb von drei (3) Werktagen bei uns eingeht, wird die Bestellung storniert. Wenn Sie die bereits bestellten Produkte weiterhin m\u00f6chten, die Bestellung jedoch aufgrund fehlender Zahlung verfallen ist, m\u00fcssen Sie den Bestell-\/Kaufvorgang erneut abschlie\u00dfen.<\/p>\n\n\n\n<h2 class=\"wp-block-heading\">ZAHLUNG PER PAYPAL<\/h2>\n\n\n\n<p>Wenn Sie Produkte bestellen und diese \u00fcber PayPal bezahlen m\u00f6chten, k\u00f6nnen Sie die Zahlung sofort vornehmen. Die Zahlung wird innerhalb weniger Minuten auf unserem PayPal-Konto angezeigt. Wenn Sie die Produkte bis 12 Uhr an einem Werktag bestellt und bezahlt haben, werden sie h\u00f6chstwahrscheinlich noch am selben Tag verschickt und (in den meisten F\u00e4llen) am n\u00e4chsten Werktag geliefert. Wenn Sie Ihre Bestellung aufgeben und sp\u00e4ter bezahlen, werden die Produkte h\u00f6chstwahrscheinlich am n\u00e4chsten Werktag oder sp\u00e4testens innerhalb von drei (3) Werktagen nach der Bestellung verschickt.<\/p>\n\n\n\n<p>Wenn Ihre Zahlung nicht innerhalb weniger Tage auf unserem PayPal-Konto eingeht, benachrichtigen wir Sie \u00fcber die E-Mail-Adresse oder Telefonnummer, die Sie bei der Bestellung angegeben haben.<\/p>\n\n\n\n<p>Bitte beachten Sie: Ein Kunde, der noch kein PayPal-Konto hat, kann Produkte nicht sofort \u00fcber den Service bezahlen, da die Verfahren zur Kontoer\u00f6ffnung bei PayPal keine sofortige Nutzung des Kontos und Zahlung erm\u00f6glichen. Normalerweise k\u00f6nnen Sie den Service ein oder zwei Wochen nach der Kontoer\u00f6ffnung vollst\u00e4ndig nutzen. Sie ben\u00f6tigen eine g\u00fcltige Kreditkarte, um ein PayPal-Konto zu er\u00f6ffnen.<\/p>\n\n\n\n<p>Weitere Informationen zu PayPal finden Sie auf der offiziellen Website www.paypal.com.<\/p>\n\n\n\n<h2 class=\"wp-block-heading\">HAFTUNGSBESCHR\u00c4NKUNG<\/h2>\n\n\n\n<p>Odlicno.si bem\u00fcht sich nach besten Kr\u00e4ften, die auf unserer Website ver\u00f6ffentlichten Informationen aktuell und richtig zu halten. Produkteigenschaften, Lieferzeiten oder Preise k\u00f6nnen sich jedoch so schnell \u00e4ndern, dass wir nicht alle Informationen auf der Website korrigieren k\u00f6nnen. In diesem Fall wird das Team von odlicno.si den Kunden \u00fcber die \u00c4nderungen informieren und ihm die M\u00f6glichkeit geben, vom Vertrag zur\u00fcckzutreten oder den bestellten Artikel auszutauschen.<\/p>\n\n\n\n<p>HRIB d.o.o. hat nur dann die M\u00f6glichkeit, vom Vertrag zur\u00fcckzutreten, wenn ein offensichtlicher Fehler festgestellt wird (Artikel 46 des B\u00fcrgerlichen Gesetzbuchs). Ein offensichtlicher Fehler ist ein Fehler in den wesentlichen Merkmalen des Produkts und alle Fehler, die nach Handelsbrauch oder dem Willen der Parteien als entscheidend gelten und die das Unternehmen Hrib bei Kenntnis nicht best\u00e4tigt oder den Vertrag nicht abgeschlossen h\u00e4tte. Dazu geh\u00f6ren auch offensichtliche Fehler beim Preis.<\/p>\n","protected":false},"excerpt":{"rendered":"<p>VERF\u00dcGBARE PRODUKTE Aufgrund der Natur des Online-Gesch\u00e4fts wird das Angebot st\u00e4ndig aktualisiert und erg\u00e4nzt, sowohl mit neuen Produkten als auch mit einem neuen Online-Preis. Der Online-Preis ist der Preis, der f\u00fcr Online-K\u00e4ufe mit sofortiger 100%iger Barzahlung nach Erhalt oder \u00dcberweisung gem\u00e4\u00df Angebot\/Proforma-Rechnung auf unser Gesch\u00e4ftskonto gilt. VERSANDKOSTEN Die Versandkosten per Lieferung oder Kurierdienst betragen: Slowenien [&hellip;]<\/p>\n","protected":false},"author":1,"featured_media":0,"parent":0,"menu_order":0,"comment_status":"closed","ping_status":"closed","template":"","meta":{"_acf_changed":false,"footnotes":""},"class_list":["post-8929","page","type-page","status-publish","hentry"],"acf":[],"mb":[],"jetpack_sharing_enabled":true,"mfb_rest_fields":["title","jetpack_sharing_enabled"],"_links":{"self":[{"href":"https:\/\/odlicno.si\/de\/wp-json\/wp\/v2\/pages\/8929","targetHints":{"allow":["GET"]}}],"collection":[{"href":"https:\/\/odlicno.si\/de\/wp-json\/wp\/v2\/pages"}],"about":[{"href":"https:\/\/odlicno.si\/de\/wp-json\/wp\/v2\/types\/page"}],"author":[{"embeddable":true,"href":"https:\/\/odlicno.si\/de\/wp-json\/wp\/v2\/users\/1"}],"replies":[{"embeddable":true,"href":"https:\/\/odlicno.si\/de\/wp-json\/wp\/v2\/comments?post=8929"}],"version-history":[{"count":3,"href":"https:\/\/odlicno.si\/de\/wp-json\/wp\/v2\/pages\/8929\/revisions"}],"predecessor-version":[{"id":10434,"href":"https:\/\/odlicno.si\/de\/wp-json\/wp\/v2\/pages\/8929\/revisions\/10434"}],"wp:attachment":[{"href":"https:\/\/odlicno.si\/de\/wp-json\/wp\/v2\/media?parent=8929"}],"curies":[{"name":"wp","href":"https:\/\/api.w.org\/{rel}","templated":true}]}}