{"id":8920,"date":"2022-09-12T07:17:23","date_gmt":"2022-09-12T06:17:23","guid":{"rendered":"https:\/\/odlicno.mojwww.si\/?page_id=8920"},"modified":"2025-03-05T11:28:49","modified_gmt":"2025-03-05T10:28:49","slug":"lieferung-und-lieferzeiten","status":"publish","type":"page","link":"https:\/\/odlicno.si\/de\/lieferung-und-lieferzeiten\/","title":{"rendered":"Lieferung und Lieferzeiten"},"content":{"rendered":"\n<h2 class=\"wp-block-heading\">LIEFERZEITEN<\/h2>\n\n\n\n<p>Alle Bestellungen, die w\u00e4hrend der Woche (Montag bis Freitag) aufgegeben werden, werden in der Regel am n\u00e4chsten Werktag oder innerhalb von h\u00f6chstens 3 Werktagen versandt. Der endg\u00fcltige Liefertermin h\u00e4ngt vom Kurier- oder Postdienstleister ab und betr\u00e4gt in der Regel 1 bis 2 Werktage nach Versand der Bestellung.<\/p>\n\n\n\n<p>F\u00fcr Produkte, die nicht auf Lager sind oder auf Bestellung geliefert werden, betr\u00e4gt die Lieferzeit voraussichtlich 10 \u2013 14 Werktage nach Eingang und Best\u00e4tigung der Bestellung. Der K\u00e4ufer wird per E-Mail und\/oder Telefon \u00fcber die Lieferzeit informiert.<\/p>\n\n\n\n<p>Der Kunde tr\u00e4gt die Lieferkosten bei der Bezahlung der bestellten Produkte im Online-Shop odlicno.si:<\/p>\n\n\n\n<ul class=\"wp-block-list\">\n<li><strong>Slowenien: 4 \u20ac<\/strong><\/li>\n\n\n\n<li><strong>Kroatien: 8 \u20ac<\/strong><\/li>\n\n\n\n<li><strong>Versandkosten f\u00fcr Lieferung innerhalb der EU (au\u00dfer Kroatien): 15 \u20ac<\/strong><\/li>\n\n\n\n<li><strong>Versandkosten f\u00fcr Lieferung in andere europ\u00e4ische L\u00e4nder: 17 \u20ac<\/strong><\/li>\n\n\n\n<li><strong>Versandkosten f\u00fcr Lieferung au\u00dferhalb Europas: 30 \u20ac<\/strong><\/li>\n<\/ul>\n\n\n\n<p><br>Vor Erhalt der gelieferten Ware erhalten Sie eine Rechnung per E-Mail.<\/p>\n\n\n\n<p>Der Online-Shop \u00fcbernimmt die Kosten f\u00fcr Verpackung und Verpackung.<\/p>\n\n\n\n<p>Der Verk\u00e4ufer ist nicht verantwortlich f\u00fcr Verz\u00f6gerungen durch den Postdienstleister oder f\u00fcr Sch\u00e4den an der Verpackung.<\/p>\n\n\n\n<p>Der Kunde sollte die erhaltene Ware sofort pr\u00fcfen und im Falle von Sch\u00e4den den Postdienstleister kontaktieren, damit dieser gemeinsam mit dem Kunden einen Bericht \u00fcber die Sch\u00e4den an der Sendung erstellen kann.<\/p>\n\n\n\n<p>Wir behalten uns das Recht vor, die Lieferfrist aufgrund technischer oder anderer Fehler im Prozess zu verl\u00e4ngern. In diesem Fall verpflichten wir uns, den Kunden entsprechend zu benachrichtigen.<\/p>\n\n\n\n<p>Wenn wir Ihnen keine Benachrichtigung \u00fcber Ihren Kauf gesendet haben und seit Ihrer Bestellung mehr als 5 Werktage vergangen sind, informieren Sie uns bitte per E-Mail an odlicno@hrib.si oder telefonisch unter +386 (0)3 746 13 47.<\/p>\n\n\n\n<h2 class=\"wp-block-heading\">LIEFERUNG<\/h2>\n\n\n\n<p>Vertragspartner f\u00fcr die Zustellung ist Po\u0161ta Slovenije, die Pakete morgens ausliefert. <strong>Bei Bestellungen \u00fcber 50 \u20ac ist der Versand kostenlos.<\/strong><\/p>\n","protected":false},"excerpt":{"rendered":"<p>LIEFERZEITEN Alle Bestellungen, die w\u00e4hrend der Woche (Montag bis Freitag) aufgegeben werden, werden in der Regel am n\u00e4chsten Werktag oder innerhalb von h\u00f6chstens 3 Werktagen versandt. Der endg\u00fcltige Liefertermin h\u00e4ngt vom Kurier- oder Postdienstleister ab und betr\u00e4gt in der Regel 1 bis 2 Werktage nach Versand der Bestellung. F\u00fcr Produkte, die nicht auf Lager sind [&hellip;]<\/p>\n","protected":false},"author":1,"featured_media":0,"parent":0,"menu_order":0,"comment_status":"closed","ping_status":"closed","template":"","meta":{"_acf_changed":false,"footnotes":""},"class_list":["post-8920","page","type-page","status-publish","hentry"],"acf":[],"mb":[],"jetpack_sharing_enabled":true,"mfb_rest_fields":["title","jetpack_sharing_enabled"],"_links":{"self":[{"href":"https:\/\/odlicno.si\/de\/wp-json\/wp\/v2\/pages\/8920","targetHints":{"allow":["GET"]}}],"collection":[{"href":"https:\/\/odlicno.si\/de\/wp-json\/wp\/v2\/pages"}],"about":[{"href":"https:\/\/odlicno.si\/de\/wp-json\/wp\/v2\/types\/page"}],"author":[{"embeddable":true,"href":"https:\/\/odlicno.si\/de\/wp-json\/wp\/v2\/users\/1"}],"replies":[{"embeddable":true,"href":"https:\/\/odlicno.si\/de\/wp-json\/wp\/v2\/comments?post=8920"}],"version-history":[{"count":2,"href":"https:\/\/odlicno.si\/de\/wp-json\/wp\/v2\/pages\/8920\/revisions"}],"predecessor-version":[{"id":10421,"href":"https:\/\/odlicno.si\/de\/wp-json\/wp\/v2\/pages\/8920\/revisions\/10421"}],"wp:attachment":[{"href":"https:\/\/odlicno.si\/de\/wp-json\/wp\/v2\/media?parent=8920"}],"curies":[{"name":"wp","href":"https:\/\/api.w.org\/{rel}","templated":true}]}}